{"id":764759,"date":"2025-08-28T11:20:51","date_gmt":"2025-08-28T08:20:51","guid":{"rendered":"https:\/\/roveyayinevi.com.tr\/index.php\/urun\/omerin-kamcisi-mi-haccacin-kilici-mi-hangisi-daha-kotu-cigir-acti\/"},"modified":"2026-04-15T03:30:27","modified_gmt":"2026-04-15T00:30:27","slug":"omerin-kamcisi-mi-haccacin-kilici-mi-hangisi-daha-kotu-cigir-acti","status":"publish","type":"product","link":"https:\/\/roveyayinevi.com.tr\/index.php\/urun\/omerin-kamcisi-mi-haccacin-kilici-mi-hangisi-daha-kotu-cigir-acti\/","title":{"rendered":"\u00d6mer&#8217;in Kam\u00e7\u0131s\u0131 m\u0131, Haccac\u0131n K\u0131l\u0131c\u0131 m\u0131? Hangisi Daha K\u00f6t\u00fc \u00c7\u0131\u011f\u0131r A\u00e7t\u0131?"},"content":{"rendered":"<p>Dr. Mustafa Akdo\u011fan, S.\u00dc. T\u0131p Fak\u00fcltesini bitirdi. Mezuniyetten sonra 30 sene \u00e7e\u015fitli kamu kurulu\u015flar\u0131nda ve \u00f6zel sa\u011fl\u0131k kurulu\u015flar\u0131nda hekimlik yapt\u0131ktan sonra kendi iste\u011fi ile emekliye ayr\u0131ld\u0131. Gerek \u00fcniversite hayat\u0131 esnas\u0131nda, gerekse daha sonraki d\u00f6nemlerde, Arap\u00e7a, Tefsir, Siyer, Hadis ve F\u0131k\u0131h alanlar\u0131nda \u00e7al\u0131\u015fmalar yapt\u0131. \u00d6zellikle K\u00fct\u00fcb-\u00fc Sitte ve \u201cEl M\u00fcsned ba\u015fta olmak \u00fczere hadis kitaplar\u0131, Tabak\u00e2t ve Siyer kitaplar\u0131 \u00fczerinde ara\u015ft\u0131rmalar ve terc\u00fcmeler yapt\u0131. Ge\u00e7mi\u015fte ve g\u00fcn\u00fcm\u00fczde \u0130sl\u00e2m Toplumlar\u0131ndaki ihtil\u00e2flar ve bunlar\u0131n temel sebepleri \u00fczerinde tamamlanm\u0131\u015f ve bas\u0131ma haz\u0131rlanmas\u0131 devam eden bir\u00e7ok eseri bulunmaktad\u0131r. Yap\u0131lan bu ara\u015ft\u0131rmalar\u0131n b\u00fct\u00fcn\u00fc, \u0130slam tarihi boyunca ulem\u00e2 taraf\u0131ndan ge\u00e7erli say\u0131lan kaynaklardan iktib\u00e2s edilmi\u015f, \u00f6n yarg\u0131dan kurtulup m\u00fcstakil d\u00fc\u015f\u00fcnen ve muh\u00e2keme eden \u00f6zg\u00fcr insanlar\u0131n istif\u00e2desine sunulmu\u015ftur. <\/p>\n","protected":false},"excerpt":{"rendered":"<p>Dr. Mustafa Akdo\u011fan, S.\u00dc. T\u0131p Fak\u00fcltesini bitirdi. Mezuniyetten sonra 30 sene \u00e7e\u015fitli kamu kurulu\u015flar\u0131nda ve \u00f6zel sa\u011fl\u0131k kurulu\u015flar\u0131nda hekimlik yapt\u0131ktan sonra kendi iste\u011fi ile emekliye ayr\u0131ld\u0131.<span class=\"excerpt-hellip\"> [\u2026]<\/span><\/p>\n","protected":false},"featured_media":0,"template":"","meta":{"_monsterinsights_skip_tracking":false,"_monsterinsights_sitenote_active":false,"_monsterinsights_sitenote_note":"","_monsterinsights_sitenote_category":0},"product_brand":[],"product_cat":[13036,12718,12719],"product_tag":[],"class_list":{"0":"post-764759","1":"product","2":"type-product","3":"status-publish","5":"product_cat-arastirma-inceleme-islam","6":"product_cat-din","7":"product_cat-islam","8":"pa_cilt-ciltsiz","9":"pa_tur-kitap","10":"pa_yayinevi-kmd-yayinlari","11":"pa_yazar-dr-mustafa-akdogan","13":"first","14":"instock","15":"sale","16":"shipping-taxable","17":"purchasable","18":"product-type-simple"},"_links":{"self":[{"href":"https:\/\/roveyayinevi.com.tr\/index.php\/wp-json\/wp\/v2\/product\/764759","targetHints":{"allow":["GET"]}}],"collection":[{"href":"https:\/\/roveyayinevi.com.tr\/index.php\/wp-json\/wp\/v2\/product"}],"about":[{"href":"https:\/\/roveyayinevi.com.tr\/index.php\/wp-json\/wp\/v2\/types\/product"}],"wp:attachment":[{"href":"https:\/\/roveyayinevi.com.tr\/index.php\/wp-json\/wp\/v2\/media?parent=764759"}],"wp:term":[{"taxonomy":"product_brand","embeddable":true,"href":"https:\/\/roveyayinevi.com.tr\/index.php\/wp-json\/wp\/v2\/product_brand?post=764759"},{"taxonomy":"product_cat","embeddable":true,"href":"https:\/\/roveyayinevi.com.tr\/index.php\/wp-json\/wp\/v2\/product_cat?post=764759"},{"taxonomy":"product_tag","embeddable":true,"href":"https:\/\/roveyayinevi.com.tr\/index.php\/wp-json\/wp\/v2\/product_tag?post=764759"}],"curies":[{"name":"wp","href":"https:\/\/api.w.org\/{rel}","templated":true}]}}