{"id":764758,"date":"2025-08-28T11:20:49","date_gmt":"2025-08-28T08:20:49","guid":{"rendered":"https:\/\/roveyayinevi.com.tr\/index.php\/urun\/cagri-merkezinde-bilinmesi-gerekenler\/"},"modified":"2026-04-15T03:30:27","modified_gmt":"2026-04-15T00:30:27","slug":"cagri-merkezinde-bilinmesi-gerekenler","status":"publish","type":"product","link":"https:\/\/roveyayinevi.com.tr\/index.php\/urun\/cagri-merkezinde-bilinmesi-gerekenler\/","title":{"rendered":"\u00c7a\u011fr\u0131 Merkezinde Bilinmesi Gerekenler"},"content":{"rendered":"<p>Bu kitap, \u00e7a\u011fr\u0131 merkezi d\u00fcnyas\u0131na dair derinlemesine bir bak\u0131\u015f sunuyor. \u00c7a\u011fr\u0131 merkezi y\u00f6netimi, performans analizi ve i\u015f g\u00fcc\u00fc planlamas\u0131 gibi konular\u0131 ele alarak, sekt\u00f6rde \u00e7al\u0131\u015fanlar ve y\u00f6neticiler i\u00e7in rehber niteli\u011fi ta\u015f\u0131yor. Kitap, her seviyeden okuyucuya hitap ederken, \u00f6zellikle \u00e7a\u011fr\u0131 merkezi y\u00f6netici adaylar\u0131, \u00e7a\u011fr\u0131 merkezi y\u00f6neticileri, g\u00f6zetmenler, ekip liderleri ve \u00f6\u011frenciler i\u00e7in haz\u0131rlanm\u0131\u015f kapsaml\u0131 i\u00e7eri\u011fiyle dikkat \u00e7ekiyor. Kitap \u0130\u00e7eri\u011fi: 1. B\u00f6l\u00fcm: \u00c7a\u011fr\u0131 merkezi d\u00fcnyas\u0131n\u0131n genel bilgileri, tarihi ve T\u00fcrkiye\u2019deki istatistikler 2. B\u00f6l\u00fcm: Matematiksel yakla\u015f\u0131mlar ve Erlang form\u00fcl\u00fc ile i\u015f g\u00fcc\u00fc planlamas\u0131 3. B\u00f6l\u00fcm: Anahtar performans g\u00f6stergelerinin se\u00e7imi ve \u00f6l\u00e7\u00fcm\u00fc 4. B\u00f6l\u00fcm: En s\u0131k kullan\u0131lan g\u00f6stergeler (ACS, CRS, FCR, vb.) 5. B\u00f6l\u00fcm: Gizli g\u00f6stergeler ve \u00e7al\u0131\u015fan motivasyonu 6. B\u00f6l\u00fcm: \u00c7a\u011fr\u0131 say\u0131s\u0131 tahminleme ve yapay zeka uygulamalar\u0131 7. B\u00f6l\u00fcm: \u0130\u015f g\u00fcc\u00fc planlamas\u0131 ve optimizasyon teknikleri 8. B\u00f6l\u00fcm: Etkili raporlama ve dashboard tasar\u0131m\u0131 9. B\u00f6l\u00fcm: B\u00fct\u00e7e ve maliyet y\u00f6netimi 10. B\u00f6l\u00fcm: Teori ve prati\u011fi birle\u015ftiren \u00f6rnekler ve vaka \u00e7al\u0131\u015fmalar\u0131 11. B\u00f6l\u00fcm: Mola kullan\u0131m\u0131, y\u0131ll\u0131k izin ve devams\u0131zl\u0131k bildirimi Ek b\u00f6l\u00fcmler: S\u00f6zl\u00fck, Kaynak\u00e7a, End\u00fcstri Rehberi \u00c7a\u011fr\u0131 merkezlerine dair hem teorik hem pratik bilgileri bir arada sunan bu kitap, sekt\u00f6rdeki ba\u015far\u0131 i\u00e7in vazge\u00e7ilmez bir kaynak olmay\u0131 hedeflemiyor \ud83d\ude42 .Mutlaka Bilmeniz Gerekenleri Anlat\u0131yor. <\/p>\n","protected":false},"excerpt":{"rendered":"<p>Bu kitap, \u00e7a\u011fr\u0131 merkezi d\u00fcnyas\u0131na dair derinlemesine bir bak\u0131\u015f sunuyor. \u00c7a\u011fr\u0131 merkezi y\u00f6netimi, performans analizi ve i\u015f g\u00fcc\u00fc planlamas\u0131 gibi konular\u0131 ele alarak, sekt\u00f6rde \u00e7al\u0131\u015fanlar ve<span class=\"excerpt-hellip\"> [\u2026]<\/span><\/p>\n","protected":false},"featured_media":0,"template":"","meta":{"_monsterinsights_skip_tracking":false,"_monsterinsights_sitenote_active":false,"_monsterinsights_sitenote_note":"","_monsterinsights_sitenote_category":0},"product_brand":[],"product_cat":[12567,12566],"product_tag":[],"class_list":{"0":"post-764758","1":"product","2":"type-product","3":"status-publish","5":"product_cat-diger-egitim","6":"product_cat-egitim","7":"pa_cilt-ciltsiz","8":"pa_tur-kitap","9":"pa_yayinevi-kitap-muptelasi-yayinlari","10":"pa_yazar-umit-pakdemir","12":"first","13":"instock","14":"sale","15":"shipping-taxable","16":"purchasable","17":"product-type-simple"},"_links":{"self":[{"href":"https:\/\/roveyayinevi.com.tr\/index.php\/wp-json\/wp\/v2\/product\/764758","targetHints":{"allow":["GET"]}}],"collection":[{"href":"https:\/\/roveyayinevi.com.tr\/index.php\/wp-json\/wp\/v2\/product"}],"about":[{"href":"https:\/\/roveyayinevi.com.tr\/index.php\/wp-json\/wp\/v2\/types\/product"}],"wp:attachment":[{"href":"https:\/\/roveyayinevi.com.tr\/index.php\/wp-json\/wp\/v2\/media?parent=764758"}],"wp:term":[{"taxonomy":"product_brand","embeddable":true,"href":"https:\/\/roveyayinevi.com.tr\/index.php\/wp-json\/wp\/v2\/product_brand?post=764758"},{"taxonomy":"product_cat","embeddable":true,"href":"https:\/\/roveyayinevi.com.tr\/index.php\/wp-json\/wp\/v2\/product_cat?post=764758"},{"taxonomy":"product_tag","embeddable":true,"href":"https:\/\/roveyayinevi.com.tr\/index.php\/wp-json\/wp\/v2\/product_tag?post=764758"}],"curies":[{"name":"wp","href":"https:\/\/api.w.org\/{rel}","templated":true}]}}