{"id":764757,"date":"2025-08-28T11:20:48","date_gmt":"2025-08-28T08:20:48","guid":{"rendered":"https:\/\/roveyayinevi.com.tr\/index.php\/urun\/cevre-ve-ekoloji-serisi-1-cop-degil-kompost\/"},"modified":"2026-04-15T03:30:27","modified_gmt":"2026-04-15T00:30:27","slug":"cevre-ve-ekoloji-serisi-1-cop-degil-kompost","status":"publish","type":"product","link":"https:\/\/roveyayinevi.com.tr\/index.php\/urun\/cevre-ve-ekoloji-serisi-1-cop-degil-kompost\/","title":{"rendered":"\u00c7evre ve Ekoloji Serisi 1 &#8211; \u00c7\u00f6p De\u011fil Kompost"},"content":{"rendered":"<p>Do\u011fay\u0131 seviyor musun? A\u011fa\u00e7lar\u0131, bitkileri, \u00e7i\u00e7ekleri\u2026 Cevab\u0131n evetse R\u00fczg\u00e2r\u0131n O\u011flu seni \u00e7a\u011f\u0131r\u0131yor. Kahverengi ve ye\u015fil at\u0131klar\u0131 bir araya getiren R\u00fczg\u00e2r\u0131n O\u011flu ile G\u00fcne\u015fin K\u0131z\u0131 bunlardan do\u011fal g\u00fcbre, yani kompost elde ediyor. Onlara kat\u0131lmaya ne dersin? \u0130\u015fin s\u0131rr\u0131n\u0131 \u00f6\u011frenip sen de balkonunda sebze yeti\u015ftirebilirsin. Kendi ellerinle besledi\u011fin domateslerin ne kadar lezzetli olaca\u011f\u0131n\u0131 tahmin bile edemezsin. <\/p>\n","protected":false},"excerpt":{"rendered":"<p>Do\u011fay\u0131 seviyor musun? A\u011fa\u00e7lar\u0131, bitkileri, \u00e7i\u00e7ekleri\u2026 Cevab\u0131n evetse R\u00fczg\u00e2r\u0131n O\u011flu seni \u00e7a\u011f\u0131r\u0131yor. Kahverengi ve ye\u015fil at\u0131klar\u0131 bir araya getiren R\u00fczg\u00e2r\u0131n O\u011flu ile G\u00fcne\u015fin K\u0131z\u0131 bunlardan do\u011fal<span class=\"excerpt-hellip\"> [\u2026]<\/span><\/p>\n","protected":false},"featured_media":0,"template":"","meta":{"_monsterinsights_skip_tracking":false,"_monsterinsights_sitenote_active":false,"_monsterinsights_sitenote_note":"","_monsterinsights_sitenote_category":0},"product_brand":[],"product_cat":[12274,15842],"product_tag":[],"class_list":{"0":"post-764757","1":"product","2":"type-product","3":"status-publish","5":"product_cat-cocuk-ve-genclik-kitaplari","6":"product_cat-egitici-kitaplar","7":"pa_cilt-ciltsiz","8":"pa_tur-kitap","9":"pa_yayinevi-mandolin-yayinlari","10":"pa_yazar-aysen-oy","12":"first","13":"instock","14":"sale","15":"shipping-taxable","16":"purchasable","17":"product-type-simple"},"_links":{"self":[{"href":"https:\/\/roveyayinevi.com.tr\/index.php\/wp-json\/wp\/v2\/product\/764757","targetHints":{"allow":["GET"]}}],"collection":[{"href":"https:\/\/roveyayinevi.com.tr\/index.php\/wp-json\/wp\/v2\/product"}],"about":[{"href":"https:\/\/roveyayinevi.com.tr\/index.php\/wp-json\/wp\/v2\/types\/product"}],"wp:attachment":[{"href":"https:\/\/roveyayinevi.com.tr\/index.php\/wp-json\/wp\/v2\/media?parent=764757"}],"wp:term":[{"taxonomy":"product_brand","embeddable":true,"href":"https:\/\/roveyayinevi.com.tr\/index.php\/wp-json\/wp\/v2\/product_brand?post=764757"},{"taxonomy":"product_cat","embeddable":true,"href":"https:\/\/roveyayinevi.com.tr\/index.php\/wp-json\/wp\/v2\/product_cat?post=764757"},{"taxonomy":"product_tag","embeddable":true,"href":"https:\/\/roveyayinevi.com.tr\/index.php\/wp-json\/wp\/v2\/product_tag?post=764757"}],"curies":[{"name":"wp","href":"https:\/\/api.w.org\/{rel}","templated":true}]}}