{"id":764756,"date":"2025-08-28T11:20:46","date_gmt":"2025-08-28T08:20:46","guid":{"rendered":"https:\/\/roveyayinevi.com.tr\/index.php\/urun\/cevre-ve-ekoloji-serisi-2-geri-donusum\/"},"modified":"2026-04-15T03:30:27","modified_gmt":"2026-04-15T00:30:27","slug":"cevre-ve-ekoloji-serisi-2-geri-donusum","status":"publish","type":"product","link":"https:\/\/roveyayinevi.com.tr\/index.php\/urun\/cevre-ve-ekoloji-serisi-2-geri-donusum\/","title":{"rendered":"\u00c7evre ve Ekoloji Serisi 2 &#8211; Geri D\u00f6n\u00fc\u015f\u00fcm"},"content":{"rendered":"<p>Y\u0131rt\u0131k bir elbiseyle ne yapabilirsin? \u00c7\u00f6pe atmak m\u0131? Akl\u0131ndan bile ge\u00e7irme. Geri d\u00f6n\u00fc\u015f\u00fcm yoluyla eski bir kuma\u015ftan, k\u0131r\u0131k bir cam \u015fi\u015fesinden ya da ya\u015fl\u0131 bir a\u011fa\u00e7 dal\u0131ndan harika \u015feyler yaratabilirsin. G\u00fcne\u015fin K\u0131z\u0131 ve R\u00fczg\u00e2r\u0131n O\u011flu\u2019yla do\u011fa i\u00e7in \u00e7al\u0131\u015fmaya ne dersin? Onlar kabilelerine geri d\u00f6n\u00fc\u015f\u00fcm\u00fc tan\u0131t\u0131rken sen de yeni fikirlerinle yenilmez bir do\u011fa sava\u015f\u00e7\u0131s\u0131na d\u00f6n\u00fc\u015febilirsin. <\/p>\n","protected":false},"excerpt":{"rendered":"<p>Y\u0131rt\u0131k bir elbiseyle ne yapabilirsin? \u00c7\u00f6pe atmak m\u0131? Akl\u0131ndan bile ge\u00e7irme. Geri d\u00f6n\u00fc\u015f\u00fcm yoluyla eski bir kuma\u015ftan, k\u0131r\u0131k bir cam \u015fi\u015fesinden ya da ya\u015fl\u0131 bir a\u011fa\u00e7<span class=\"excerpt-hellip\"> [\u2026]<\/span><\/p>\n","protected":false},"featured_media":0,"template":"","meta":{"_monsterinsights_skip_tracking":false,"_monsterinsights_sitenote_active":false,"_monsterinsights_sitenote_note":"","_monsterinsights_sitenote_category":0},"product_brand":[],"product_cat":[12274,15842],"product_tag":[],"class_list":{"0":"post-764756","1":"product","2":"type-product","3":"status-publish","5":"product_cat-cocuk-ve-genclik-kitaplari","6":"product_cat-egitici-kitaplar","7":"pa_cilt-ciltsiz","8":"pa_tur-kitap","9":"pa_yayinevi-mandolin-yayinlari","10":"pa_yazar-aysen-oy","12":"first","13":"instock","14":"sale","15":"shipping-taxable","16":"purchasable","17":"product-type-simple"},"_links":{"self":[{"href":"https:\/\/roveyayinevi.com.tr\/index.php\/wp-json\/wp\/v2\/product\/764756","targetHints":{"allow":["GET"]}}],"collection":[{"href":"https:\/\/roveyayinevi.com.tr\/index.php\/wp-json\/wp\/v2\/product"}],"about":[{"href":"https:\/\/roveyayinevi.com.tr\/index.php\/wp-json\/wp\/v2\/types\/product"}],"wp:attachment":[{"href":"https:\/\/roveyayinevi.com.tr\/index.php\/wp-json\/wp\/v2\/media?parent=764756"}],"wp:term":[{"taxonomy":"product_brand","embeddable":true,"href":"https:\/\/roveyayinevi.com.tr\/index.php\/wp-json\/wp\/v2\/product_brand?post=764756"},{"taxonomy":"product_cat","embeddable":true,"href":"https:\/\/roveyayinevi.com.tr\/index.php\/wp-json\/wp\/v2\/product_cat?post=764756"},{"taxonomy":"product_tag","embeddable":true,"href":"https:\/\/roveyayinevi.com.tr\/index.php\/wp-json\/wp\/v2\/product_tag?post=764756"}],"curies":[{"name":"wp","href":"https:\/\/api.w.org\/{rel}","templated":true}]}}