{"id":764754,"date":"2025-08-28T11:20:42","date_gmt":"2025-08-28T08:20:42","guid":{"rendered":"https:\/\/roveyayinevi.com.tr\/index.php\/urun\/cevre-ve-ekoloji-serisi-3-habitat\/"},"modified":"2026-04-15T03:30:27","modified_gmt":"2026-04-15T00:30:27","slug":"cevre-ve-ekoloji-serisi-3-habitat","status":"publish","type":"product","link":"https:\/\/roveyayinevi.com.tr\/index.php\/urun\/cevre-ve-ekoloji-serisi-3-habitat\/","title":{"rendered":"\u00c7evre ve Ekoloji Serisi 3 &#8211; Habitat"},"content":{"rendered":"<p>Ormanlar, denizler, \u00e7\u00f6ller\u2026 D\u00fcnya ne kadar da b\u00fcy\u00fck de\u011fil mi? Burada hepimize bir yer var. Mesela bal\u0131klar, mavi sulardan ba\u015fka yerde ya\u015fayamazlar. Kakt\u00fcsler, \u00e7\u00f6lleri severler. Ku\u015flar, g\u00f6klerde gezerler. Buras\u0131 kocaman bir ya\u015fam alan\u0131\u2026 Ama hepimizin zevkleri farkl\u0131. Canl\u0131lar\u0131n ya\u015fam alanlar\u0131n\u0131 tan\u0131maya ne dersin? Belki sen de kendine en uygun yeri bulabilirsin.   <\/p>\n","protected":false},"excerpt":{"rendered":"<p>Ormanlar, denizler, \u00e7\u00f6ller\u2026 D\u00fcnya ne kadar da b\u00fcy\u00fck de\u011fil mi? Burada hepimize bir yer var. Mesela bal\u0131klar, mavi sulardan ba\u015fka yerde ya\u015fayamazlar. Kakt\u00fcsler, \u00e7\u00f6lleri severler. Ku\u015flar,<span class=\"excerpt-hellip\"> [\u2026]<\/span><\/p>\n","protected":false},"featured_media":0,"template":"","meta":{"_monsterinsights_skip_tracking":false,"_monsterinsights_sitenote_active":false,"_monsterinsights_sitenote_note":"","_monsterinsights_sitenote_category":0},"product_brand":[],"product_cat":[12274,15842],"product_tag":[],"class_list":{"0":"post-764754","1":"product","2":"type-product","3":"status-publish","5":"product_cat-cocuk-ve-genclik-kitaplari","6":"product_cat-egitici-kitaplar","7":"pa_cilt-ciltsiz","8":"pa_tur-kitap","9":"pa_yayinevi-mandolin-yayinlari","10":"pa_yazar-aysen-oy","12":"first","13":"instock","14":"sale","15":"shipping-taxable","16":"purchasable","17":"product-type-simple"},"_links":{"self":[{"href":"https:\/\/roveyayinevi.com.tr\/index.php\/wp-json\/wp\/v2\/product\/764754","targetHints":{"allow":["GET"]}}],"collection":[{"href":"https:\/\/roveyayinevi.com.tr\/index.php\/wp-json\/wp\/v2\/product"}],"about":[{"href":"https:\/\/roveyayinevi.com.tr\/index.php\/wp-json\/wp\/v2\/types\/product"}],"wp:attachment":[{"href":"https:\/\/roveyayinevi.com.tr\/index.php\/wp-json\/wp\/v2\/media?parent=764754"}],"wp:term":[{"taxonomy":"product_brand","embeddable":true,"href":"https:\/\/roveyayinevi.com.tr\/index.php\/wp-json\/wp\/v2\/product_brand?post=764754"},{"taxonomy":"product_cat","embeddable":true,"href":"https:\/\/roveyayinevi.com.tr\/index.php\/wp-json\/wp\/v2\/product_cat?post=764754"},{"taxonomy":"product_tag","embeddable":true,"href":"https:\/\/roveyayinevi.com.tr\/index.php\/wp-json\/wp\/v2\/product_tag?post=764754"}],"curies":[{"name":"wp","href":"https:\/\/api.w.org\/{rel}","templated":true}]}}