{"id":764753,"date":"2025-08-28T11:20:41","date_gmt":"2025-08-28T08:20:41","guid":{"rendered":"https:\/\/roveyayinevi.com.tr\/index.php\/urun\/dunya-cografyasi\/"},"modified":"2026-04-15T03:30:27","modified_gmt":"2026-04-15T00:30:27","slug":"dunya-cografyasi","status":"publish","type":"product","link":"https:\/\/roveyayinevi.com.tr\/index.php\/urun\/dunya-cografyasi\/","title":{"rendered":"D\u00fcnya Co\u011frafyas\u0131"},"content":{"rendered":"<p>1937 foto\u011fraf, 123 harita, 13 \u015fekil, 18 tablo, 22 grafik ve 10 +630 sayfa metinden olu\u015fan bu kitab\u0131n \u00f6zellikleri maddeler halinde a\u015fa\u011f\u0131da belirtilmi\u015ftir: \u00b7                    D\u00fcnyan\u0131n \u015fekillenmesi, jeolojik yap\u0131s\u0131, iklim ve bitki \u00f6rt\u00fcs\u00fc ile topraklar\u0131 hakk\u0131nda genel bilgiler verilmi\u015ftir. \u00b7                    D\u00fcnyan\u0131n siyasi tarihi ve son 500 y\u0131lda meydana gelen \u00f6nemli tarihi olaylar belirtilmi\u015ftir. \u00b7                    K\u0131talar\u0131n y\u00fczey \u015fekilleri, iklim, bitki \u00f6rt\u00fcs\u00fc, arazi kullan\u0131l\u0131\u015f\u0131 ve madenlerini g\u00f6steren haritalarla genel fiziki \u00f6zelliklerine yer verilmi\u015f, k\u00fclt\u00fcrel ve sosyo-ekonomik \u00f6zellikleri hakk\u0131nda genel bilgiler verilmi\u015ftir. \u00b7                    Her k\u0131ta co\u011frafi a\u00e7\u0131dan b\u00f6lgelere ayr\u0131lm\u0131\u015f ve her b\u00f6lgedeki \u00fclkelerin tarihi, yery\u00fcz\u00fc \u015fekilleri, iklimi ve bitki \u00f6rt\u00fcs\u00fc, n\u00fcfus ve yerle\u015fmesi ile ekonomik durumu hakk\u0131nda genel ve g\u00fcncel bilgiler sunulmu\u015ftur. \u00b7                    70\u2019i a\u015fk\u0131n \u00fclkede bizatihi ara\u015ft\u0131rma ve arazi g\u00f6zlemlerine dayanan foto\u011fraflar\u0131n konulmas\u0131na ayr\u0131 bir \u00f6zen g\u00f6sterilmi\u015ftir. \u00b7                    \u015eahsi an\u0131lar \u00f6zetlenerek ilgili \u00fclkenin sonuna eklenmi\u015ftir. \u00b7                    K\u0131talar\u0131n co\u011frafi b\u00f6lgelerine g\u00f6re \u00fclkelerin y\u00fcz\u00f6l\u00e7\u00fcm\u00fc, ba\u015fkenti ve resmi dili yan\u0131nda genel de olsa n\u00fcfus art\u0131\u015f oran\u0131, ortalama \u00f6m\u00fcr ve ki\u015fi ba\u015f\u0131na d\u00fc\u015fen milli gelir tablolar halinde verilerek \u00fclkelerin birbirleriyle mukayesesi sa\u011flanm\u0131\u015ft\u0131r. \u00b7                    Son b\u00f6l\u00fcmde d\u00fcnyan\u0131n sosyal ve ekonomik genel durumu hakk\u0131nda bir de\u011ferlendirme yap\u0131lm\u0131\u015ft\u0131r. Bu de\u011ferlendirmeyle \u00fclkelerin her alanda geli\u015fmi\u015flik seviyelerinin alt\u0131nda yatan etkenlerin do\u011frudan ve dolayl\u0131 olarak okurlara aktar\u0131lmas\u0131na gayret edilmi\u015ftir. T\u00fcrkiye\u2019nin e\u011fitim-\u00f6\u011fretim, siyasi ve ekonomik durumu hakk\u0131nda k\u0131sa bilgilere yer verilmi\u015f ve genel bir de\u011ferlendirme sunulmu\u015ftur. K\u00fcresel \u0131s\u0131nman\u0131n nedenleri ve T\u00fcrkiye \u00fczerindeki olas\u0131 etkileri \u00f6zetlenmi\u015ftir. \u00b7                    D\u00fcnyan\u0131n en b\u00fcy\u00fck ve en fazla n\u00fcfusa sahip olan \u00fclkeleri ile ekonomik ve teknolojik a\u00e7\u0131dan \u00f6nde gelen ABD, \u00c7in, Japonya, Almanya, Birle\u015fik Krall\u0131k, Fransa, \u0130spanya, Hollanda, Bel\u00e7ika gibi \u00fclkeleri gezilip foto\u011fraflanm\u0131\u015ft\u0131r. Bunun yan\u0131nda Amazon ormanlar\u0131, And Da\u011flar\u0131 ve Tibet Platosu ile Tar, Sahra, M\u0131s\u0131r ve Tunus\u2019taki \u00e7\u00f6ller ba\u015fta olmak \u00fczere zor \u015fartlar alt\u0131nda gezilebilecek sahalar\u0131n foto\u011fraflar\u0131na yer verilmesi de kitab\u0131 zenginle\u015ftirmi\u015ftir. Sonu\u00e7 olarak d\u00fcnyan\u0131n sosyal, ekonomik, k\u00fclt\u00fcrel ve do\u011fal \u00f6zelliklerinin yer ald\u0131\u011f\u0131 bu kitap, okurlara d\u00fcnya hakk\u0131nda ayr\u0131nt\u0131l\u0131 bir bilgi verecek, evrensel bir g\u00f6r\u00fc\u015f kazand\u0131racakt\u0131r. <\/p>\n","protected":false},"excerpt":{"rendered":"<p>1937 foto\u011fraf, 123 harita, 13 \u015fekil, 18 tablo, 22 grafik ve 10 +630 sayfa metinden olu\u015fan bu kitab\u0131n \u00f6zellikleri maddeler halinde a\u015fa\u011f\u0131da belirtilmi\u015ftir: \u00b7 D\u00fcnyan\u0131n \u015fekillenmesi,<span class=\"excerpt-hellip\"> [\u2026]<\/span><\/p>\n","protected":false},"featured_media":0,"template":"","meta":{"_monsterinsights_skip_tracking":false,"_monsterinsights_sitenote_active":false,"_monsterinsights_sitenote_note":"","_monsterinsights_sitenote_category":0},"product_brand":[],"product_cat":[74169,88527],"product_tag":[],"class_list":{"0":"post-764753","1":"product","2":"type-product","3":"status-publish","5":"product_cat-cografya","6":"product_cat-dunya-cografyasi","7":"pa_cilt-ciltsiz","8":"pa_tur-kitap","9":"pa_yayinevi-inkilap-kitabevi","10":"pa_yazar-ibrahim-atalay","12":"first","13":"instock","14":"sale","15":"shipping-taxable","16":"purchasable","17":"product-type-simple"},"_links":{"self":[{"href":"https:\/\/roveyayinevi.com.tr\/index.php\/wp-json\/wp\/v2\/product\/764753","targetHints":{"allow":["GET"]}}],"collection":[{"href":"https:\/\/roveyayinevi.com.tr\/index.php\/wp-json\/wp\/v2\/product"}],"about":[{"href":"https:\/\/roveyayinevi.com.tr\/index.php\/wp-json\/wp\/v2\/types\/product"}],"wp:attachment":[{"href":"https:\/\/roveyayinevi.com.tr\/index.php\/wp-json\/wp\/v2\/media?parent=764753"}],"wp:term":[{"taxonomy":"product_brand","embeddable":true,"href":"https:\/\/roveyayinevi.com.tr\/index.php\/wp-json\/wp\/v2\/product_brand?post=764753"},{"taxonomy":"product_cat","embeddable":true,"href":"https:\/\/roveyayinevi.com.tr\/index.php\/wp-json\/wp\/v2\/product_cat?post=764753"},{"taxonomy":"product_tag","embeddable":true,"href":"https:\/\/roveyayinevi.com.tr\/index.php\/wp-json\/wp\/v2\/product_tag?post=764753"}],"curies":[{"name":"wp","href":"https:\/\/api.w.org\/{rel}","templated":true}]}}