{"id":764752,"date":"2025-08-28T11:20:39","date_gmt":"2025-08-28T08:20:39","guid":{"rendered":"https:\/\/roveyayinevi.com.tr\/index.php\/urun\/cevre-ve-ekoloji-serisi-4-cevre-kirliligi\/"},"modified":"2026-04-15T03:30:27","modified_gmt":"2026-04-15T00:30:27","slug":"cevre-ve-ekoloji-serisi-4-cevre-kirliligi","status":"publish","type":"product","link":"https:\/\/roveyayinevi.com.tr\/index.php\/urun\/cevre-ve-ekoloji-serisi-4-cevre-kirliligi\/","title":{"rendered":"\u00c7evre ve Ekoloji Serisi 4 &#8211; \u00c7evre kirlili\u011fi"},"content":{"rendered":"<p>Bug\u00fcn pikni\u011fe gitmeye ne dersin? Derelerden, tepelerden ge\u00e7erek yemye\u015fil bir ormana ula\u015fabilir, en g\u00fczel yiyecekleri tad\u0131p oyunlar oynayabilirsin. R\u00fczg\u00e2r\u0131n O\u011flu ve G\u00fcne\u015fin K\u0131z\u0131 da \u00f6yle yap\u0131yor. Ama g\u00fcn sonunda onlar\u0131 k\u00f6t\u00fc bir s\u00fcrpriz bekliyor. Piknik\u00e7ilerden geriye kalan \u00e7\u00f6pler do\u011faya sa\u00e7\u0131l\u0131nca herkes ne yapaca\u011f\u0131n\u0131 \u015fa\u015f\u0131r\u0131yor. Onlara yard\u0131m etmek ister misin? Sen de eline bir \u00e7\u00f6p po\u015feti al\u0131p at\u0131klar\u0131 toplayabilir, \u00e7evreyi ve hayvanlar\u0131 koruyabilirsin. <\/p>\n","protected":false},"excerpt":{"rendered":"<p>Bug\u00fcn pikni\u011fe gitmeye ne dersin? Derelerden, tepelerden ge\u00e7erek yemye\u015fil bir ormana ula\u015fabilir, en g\u00fczel yiyecekleri tad\u0131p oyunlar oynayabilirsin. R\u00fczg\u00e2r\u0131n O\u011flu ve G\u00fcne\u015fin K\u0131z\u0131 da \u00f6yle yap\u0131yor.<span class=\"excerpt-hellip\"> [\u2026]<\/span><\/p>\n","protected":false},"featured_media":0,"template":"","meta":{"_monsterinsights_skip_tracking":false,"_monsterinsights_sitenote_active":false,"_monsterinsights_sitenote_note":"","_monsterinsights_sitenote_category":0},"product_brand":[],"product_cat":[12274,15842],"product_tag":[],"class_list":{"0":"post-764752","1":"product","2":"type-product","3":"status-publish","5":"product_cat-cocuk-ve-genclik-kitaplari","6":"product_cat-egitici-kitaplar","7":"pa_cilt-ciltsiz","8":"pa_tur-kitap","9":"pa_yayinevi-mandolin-yayinlari","10":"pa_yazar-aysen-oy","12":"first","13":"instock","14":"sale","15":"shipping-taxable","16":"purchasable","17":"product-type-simple"},"_links":{"self":[{"href":"https:\/\/roveyayinevi.com.tr\/index.php\/wp-json\/wp\/v2\/product\/764752","targetHints":{"allow":["GET"]}}],"collection":[{"href":"https:\/\/roveyayinevi.com.tr\/index.php\/wp-json\/wp\/v2\/product"}],"about":[{"href":"https:\/\/roveyayinevi.com.tr\/index.php\/wp-json\/wp\/v2\/types\/product"}],"wp:attachment":[{"href":"https:\/\/roveyayinevi.com.tr\/index.php\/wp-json\/wp\/v2\/media?parent=764752"}],"wp:term":[{"taxonomy":"product_brand","embeddable":true,"href":"https:\/\/roveyayinevi.com.tr\/index.php\/wp-json\/wp\/v2\/product_brand?post=764752"},{"taxonomy":"product_cat","embeddable":true,"href":"https:\/\/roveyayinevi.com.tr\/index.php\/wp-json\/wp\/v2\/product_cat?post=764752"},{"taxonomy":"product_tag","embeddable":true,"href":"https:\/\/roveyayinevi.com.tr\/index.php\/wp-json\/wp\/v2\/product_tag?post=764752"}],"curies":[{"name":"wp","href":"https:\/\/api.w.org\/{rel}","templated":true}]}}