{"id":764751,"date":"2025-08-28T11:20:37","date_gmt":"2025-08-28T08:20:37","guid":{"rendered":"https:\/\/roveyayinevi.com.tr\/index.php\/urun\/hatirlamanin-ve-unutusun-kitabi\/"},"modified":"2026-04-15T03:30:27","modified_gmt":"2026-04-15T00:30:27","slug":"hatirlamanin-ve-unutusun-kitabi","status":"publish","type":"product","link":"https:\/\/roveyayinevi.com.tr\/index.php\/urun\/hatirlamanin-ve-unutusun-kitabi\/","title":{"rendered":"Hat\u0131rlaman\u0131n ve Unutu\u015fun Kitab\u0131"},"content":{"rendered":"<p>Ac\u0131lar\u0131 dindiren, yaralar\u0131 sa\u011faltan, an\u0131lar\u0131 unutu\u015fun afyonuyla uyutan zaman&#8230; Elma kurdu elmay\u0131 nas\u0131l i\u00e7ten i\u00e7e kemirirse zaman\u0131 da kemiren kurtlar var. Zaman\u0131n unutulmaya mahk\u00fbm etti\u011fi an\u0131lara ula\u015facak incecik yollar a\u00e7\u0131yorlar. O yollar\u0131 t\u0131kayamazs\u0131n\u0131z, a\u00e7\u0131ld\u0131klar\u0131n\u0131 anlayamazs\u0131n\u0131z. Bir ses, bir ezgi, bir koku, bir foto\u011fraf, bir \u00e7i\u00e7ek, bir dokunu\u015f, bir esinti, bir renk, o incecik yollardan s\u0131z\u0131p unutulmaya mahk\u00fbm etti\u011finiz an\u0131y\u0131 unutu\u015fun karanl\u0131\u011f\u0131ndan ayd\u0131nl\u0131\u011fa \u00e7\u0131kar\u0131verir. \u015ea\u015f\u0131r\u0131rs\u0131n\u0131z, nas\u0131l ba\u015f edece\u011finizi bilemezsiniz, korkars\u0131n\u0131z, \u00fcrkersiniz.   \u0130ktidar\u0131n tepelerinde, istihbarat te\u015fkilat\u0131n\u0131n en \u00fcst kademelerinde bir adam. Hasta yata\u011f\u0131n\u0131n ba\u015f\u0131nda bekleyen, ona tutkuyla ba\u011fl\u0131 bir kad\u0131n. A\u011f\u0131r a\u011f\u0131r kararan belle\u011fin puslu labirentlerinde dola\u015fan, hat\u0131rlamakla unutu\u015f aras\u0131nda, r\u00fcyalardan, karabasanlardan s\u00fcz\u00fclen say\u0131klamalarla anlat\u0131lan g\u00fcncel bir T\u00fcrkiye trajedisi.   Devlet u\u011fruna i\u015flenmesi insanl\u0131\u011fa kar\u015f\u0131 su\u00e7lar\u0131 affettirir mi? A\u015fk, suskun kalman\u0131n su\u00e7 ortakl\u0131\u011f\u0131n\u0131 me\u015fru k\u0131lar m\u0131? \u0130nsan iktidar h\u0131rs\u0131na yenildi\u011finde unutmaya s\u0131\u011f\u0131nmak m\u00fcmk\u00fcn m\u00fc? <\/p>\n","protected":false},"excerpt":{"rendered":"<p>Ac\u0131lar\u0131 dindiren, yaralar\u0131 sa\u011faltan, an\u0131lar\u0131 unutu\u015fun afyonuyla uyutan zaman&#8230; Elma kurdu elmay\u0131 nas\u0131l i\u00e7ten i\u00e7e kemirirse zaman\u0131 da kemiren kurtlar var. Zaman\u0131n unutulmaya mahk\u00fbm etti\u011fi an\u0131lara<span class=\"excerpt-hellip\"> [\u2026]<\/span><\/p>\n","protected":false},"featured_media":0,"template":"","meta":{"_monsterinsights_skip_tracking":false,"_monsterinsights_sitenote_active":false,"_monsterinsights_sitenote_note":"","_monsterinsights_sitenote_category":0},"product_brand":[],"product_cat":[12291,12711],"product_tag":[],"class_list":{"0":"post-764751","1":"product","2":"type-product","3":"status-publish","5":"product_cat-edebiyat","6":"product_cat-roman-oyku","7":"pa_cilt-ciltsiz","8":"pa_tur-kitap","9":"pa_yayinevi-can-yayinlari","10":"pa_yazar-oya-baydar","12":"first","13":"instock","14":"sale","15":"shipping-taxable","16":"purchasable","17":"product-type-simple"},"_links":{"self":[{"href":"https:\/\/roveyayinevi.com.tr\/index.php\/wp-json\/wp\/v2\/product\/764751","targetHints":{"allow":["GET"]}}],"collection":[{"href":"https:\/\/roveyayinevi.com.tr\/index.php\/wp-json\/wp\/v2\/product"}],"about":[{"href":"https:\/\/roveyayinevi.com.tr\/index.php\/wp-json\/wp\/v2\/types\/product"}],"wp:attachment":[{"href":"https:\/\/roveyayinevi.com.tr\/index.php\/wp-json\/wp\/v2\/media?parent=764751"}],"wp:term":[{"taxonomy":"product_brand","embeddable":true,"href":"https:\/\/roveyayinevi.com.tr\/index.php\/wp-json\/wp\/v2\/product_brand?post=764751"},{"taxonomy":"product_cat","embeddable":true,"href":"https:\/\/roveyayinevi.com.tr\/index.php\/wp-json\/wp\/v2\/product_cat?post=764751"},{"taxonomy":"product_tag","embeddable":true,"href":"https:\/\/roveyayinevi.com.tr\/index.php\/wp-json\/wp\/v2\/product_tag?post=764751"}],"curies":[{"name":"wp","href":"https:\/\/api.w.org\/{rel}","templated":true}]}}