{"id":764750,"date":"2025-08-28T11:20:36","date_gmt":"2025-08-28T08:20:36","guid":{"rendered":"https:\/\/roveyayinevi.com.tr\/index.php\/urun\/cevre-ve-ekoloji-serisi-5-bilincli-tuketim-ve-enerji-tasarrufu\/"},"modified":"2026-04-15T03:30:27","modified_gmt":"2026-04-15T00:30:27","slug":"cevre-ve-ekoloji-serisi-5-bilincli-tuketim-ve-enerji-tasarrufu","status":"publish","type":"product","link":"https:\/\/roveyayinevi.com.tr\/index.php\/urun\/cevre-ve-ekoloji-serisi-5-bilincli-tuketim-ve-enerji-tasarrufu\/","title":{"rendered":"\u00c7evre ve Ekoloji Serisi 5 &#8211; Bilin\u00e7li T\u00fcketim ve Enerji Tasarrufu"},"content":{"rendered":"<p>Elini y\u00fcz\u00fcn\u00fc y\u0131kamak i\u00e7in muslu\u011fu a\u00e7t\u0131\u011f\u0131nda sular\u0131n akmad\u0131\u011f\u0131 hi\u00e7 oldu mu? R\u00fczg\u00e2r\u0131n O\u011flu sabah uyan\u0131p da su bulamad\u0131\u011f\u0131nda dereye ko\u015ftu. Fakat o da ne? Derenin suyu \u00f6yle az ak\u0131yordu ki sanki yery\u00fcz\u00fcnde sular bitmi\u015fti. Demek bilin\u00e7siz t\u00fcketim sonunda do\u011fal kaynaklar\u0131 bu hale getirmi\u015fti. Peki ama \u015fimdi ne olacakt\u0131? R\u00fczg\u00e2r\u0131n O\u011flu \u00e7aresiz kald\u0131. Ona yard\u0131m etmeye ne dersin? Belki sen bu soruna bir \u00e7\u00f6z\u00fcm bulabilirsin.   <\/p>\n","protected":false},"excerpt":{"rendered":"<p>Elini y\u00fcz\u00fcn\u00fc y\u0131kamak i\u00e7in muslu\u011fu a\u00e7t\u0131\u011f\u0131nda sular\u0131n akmad\u0131\u011f\u0131 hi\u00e7 oldu mu? R\u00fczg\u00e2r\u0131n O\u011flu sabah uyan\u0131p da su bulamad\u0131\u011f\u0131nda dereye ko\u015ftu. Fakat o da ne? Derenin suyu<span class=\"excerpt-hellip\"> [\u2026]<\/span><\/p>\n","protected":false},"featured_media":0,"template":"","meta":{"_monsterinsights_skip_tracking":false,"_monsterinsights_sitenote_active":false,"_monsterinsights_sitenote_note":"","_monsterinsights_sitenote_category":0},"product_brand":[],"product_cat":[12274,15842],"product_tag":[],"class_list":{"0":"post-764750","1":"product","2":"type-product","3":"status-publish","5":"product_cat-cocuk-ve-genclik-kitaplari","6":"product_cat-egitici-kitaplar","7":"pa_cilt-ciltsiz","8":"pa_tur-kitap","9":"pa_yayinevi-mandolin-yayinlari","10":"pa_yazar-aysen-oy","12":"first","13":"instock","14":"sale","15":"shipping-taxable","16":"purchasable","17":"product-type-simple"},"_links":{"self":[{"href":"https:\/\/roveyayinevi.com.tr\/index.php\/wp-json\/wp\/v2\/product\/764750","targetHints":{"allow":["GET"]}}],"collection":[{"href":"https:\/\/roveyayinevi.com.tr\/index.php\/wp-json\/wp\/v2\/product"}],"about":[{"href":"https:\/\/roveyayinevi.com.tr\/index.php\/wp-json\/wp\/v2\/types\/product"}],"wp:attachment":[{"href":"https:\/\/roveyayinevi.com.tr\/index.php\/wp-json\/wp\/v2\/media?parent=764750"}],"wp:term":[{"taxonomy":"product_brand","embeddable":true,"href":"https:\/\/roveyayinevi.com.tr\/index.php\/wp-json\/wp\/v2\/product_brand?post=764750"},{"taxonomy":"product_cat","embeddable":true,"href":"https:\/\/roveyayinevi.com.tr\/index.php\/wp-json\/wp\/v2\/product_cat?post=764750"},{"taxonomy":"product_tag","embeddable":true,"href":"https:\/\/roveyayinevi.com.tr\/index.php\/wp-json\/wp\/v2\/product_tag?post=764750"}],"curies":[{"name":"wp","href":"https:\/\/api.w.org\/{rel}","templated":true}]}}