{"id":764749,"date":"2025-08-28T11:20:34","date_gmt":"2025-08-28T08:20:34","guid":{"rendered":"https:\/\/roveyayinevi.com.tr\/index.php\/urun\/cevre-ve-ekoloji-serisi-6-biyolojik-cesitlilik\/"},"modified":"2026-04-15T03:30:27","modified_gmt":"2026-04-15T00:30:27","slug":"cevre-ve-ekoloji-serisi-6-biyolojik-cesitlilik","status":"publish","type":"product","link":"https:\/\/roveyayinevi.com.tr\/index.php\/urun\/cevre-ve-ekoloji-serisi-6-biyolojik-cesitlilik\/","title":{"rendered":"\u00c7evre ve Ekoloji Serisi 6 &#8211; Biyolojik \u00c7e\u015fitlilik"},"content":{"rendered":"<p>\u0130nternette ara\u015ft\u0131rma yapmay\u0131 sever misin? \u00d6yleyse bug\u00fcn R\u00fczg\u00e2r\u0131n O\u011flu ve G\u00fcne\u015fin K\u0131z\u0131\u2019na kat\u0131labilirsin. D\u00fcnyada ka\u00e7 \u00e7e\u015fit hayvan t\u00fcr\u00fc oldu\u011funu merak ediyor musun? Ya dinozorlar\u0131n nas\u0131l yok oldu\u011funu? Belki de \u00e7evreci vak\u0131flar\u0131n neler yapt\u0131\u011f\u0131n\u0131 g\u00f6rmek istersin. \u0130ki K\u0131z\u0131lderili ile internetin derinliklerinde gezerken pek \u00e7ok \u015fey \u00f6\u011frenebilirsin. Hadi, sayfalar\u0131 aralayarak sen de g\u00fc\u00e7l\u00fc bir do\u011fa sava\u015f\u00e7\u0131s\u0131na d\u00f6n\u00fc\u015febilirsin. <\/p>\n","protected":false},"excerpt":{"rendered":"<p>\u0130nternette ara\u015ft\u0131rma yapmay\u0131 sever misin? \u00d6yleyse bug\u00fcn R\u00fczg\u00e2r\u0131n O\u011flu ve G\u00fcne\u015fin K\u0131z\u0131\u2019na kat\u0131labilirsin. D\u00fcnyada ka\u00e7 \u00e7e\u015fit hayvan t\u00fcr\u00fc oldu\u011funu merak ediyor musun? Ya dinozorlar\u0131n nas\u0131l yok<span class=\"excerpt-hellip\"> [\u2026]<\/span><\/p>\n","protected":false},"featured_media":0,"template":"","meta":{"_monsterinsights_skip_tracking":false,"_monsterinsights_sitenote_active":false,"_monsterinsights_sitenote_note":"","_monsterinsights_sitenote_category":0},"product_brand":[],"product_cat":[12274,15842],"product_tag":[],"class_list":{"0":"post-764749","1":"product","2":"type-product","3":"status-publish","5":"product_cat-cocuk-ve-genclik-kitaplari","6":"product_cat-egitici-kitaplar","7":"pa_cilt-ciltsiz","8":"pa_tur-kitap","9":"pa_yayinevi-mandolin-yayinlari","10":"pa_yazar-aysen-oy","12":"first","13":"instock","14":"sale","15":"shipping-taxable","16":"purchasable","17":"product-type-simple"},"_links":{"self":[{"href":"https:\/\/roveyayinevi.com.tr\/index.php\/wp-json\/wp\/v2\/product\/764749","targetHints":{"allow":["GET"]}}],"collection":[{"href":"https:\/\/roveyayinevi.com.tr\/index.php\/wp-json\/wp\/v2\/product"}],"about":[{"href":"https:\/\/roveyayinevi.com.tr\/index.php\/wp-json\/wp\/v2\/types\/product"}],"wp:attachment":[{"href":"https:\/\/roveyayinevi.com.tr\/index.php\/wp-json\/wp\/v2\/media?parent=764749"}],"wp:term":[{"taxonomy":"product_brand","embeddable":true,"href":"https:\/\/roveyayinevi.com.tr\/index.php\/wp-json\/wp\/v2\/product_brand?post=764749"},{"taxonomy":"product_cat","embeddable":true,"href":"https:\/\/roveyayinevi.com.tr\/index.php\/wp-json\/wp\/v2\/product_cat?post=764749"},{"taxonomy":"product_tag","embeddable":true,"href":"https:\/\/roveyayinevi.com.tr\/index.php\/wp-json\/wp\/v2\/product_tag?post=764749"}],"curies":[{"name":"wp","href":"https:\/\/api.w.org\/{rel}","templated":true}]}}