{"id":764747,"date":"2025-08-28T11:20:30","date_gmt":"2025-08-28T08:20:30","guid":{"rendered":"https:\/\/roveyayinevi.com.tr\/index.php\/urun\/sanmasinlar-yikildik\/"},"modified":"2026-04-15T03:30:27","modified_gmt":"2026-04-15T00:30:27","slug":"sanmasinlar-yikildik","status":"publish","type":"product","link":"https:\/\/roveyayinevi.com.tr\/index.php\/urun\/sanmasinlar-yikildik\/","title":{"rendered":"Sanmas\u0131nlar Y\u0131k\u0131ld\u0131k"},"content":{"rendered":"<p>Hepimizin hayat\u0131nda her \u015feyin tepetaklak oldu\u011fu, s\u0131k\u0131\u015fm\u0131\u015f hissetti\u011fimiz, &#8220;Bunlar neden ba\u015f\u0131ma geldi?&#8221; dedi\u011fimiz zamanlar\u0131m\u0131z olmu\u015ftur ve gelecekte tekrar olacak. \u0130li\u015fkilerimiz bitecek, sevdi\u011fimiz insanlar gidecek, umdu\u011fumuz baz\u0131 \u015feyler ger\u00e7ekle\u015fmeyecek\u2026 Dayan g\u00fczel insan. Seninle ac\u0131lar\u0131m\u0131z ortak. Biz, ac\u0131mas\u0131z insanlarca kalpleri k\u0131r\u0131lm\u0131\u015flardan\u0131z. Umut verilip h\u00fcsrana u\u011frat\u0131lan, beklentiye sokulup yar\u0131 yolda b\u0131rak\u0131lanlardan\u2026     \u0130yi g\u00fcnde birileriyle g\u00fclerken, k\u00f6t\u00fc g\u00fcnde yaslanacak omuz bulamayanlardan&#8230; Hem\u015feriyiz yani seninle. Ya\u015fad\u0131klar\u0131n\u0131, d\u00fc\u015f\u00fcnd\u00fcklerini, hissettiklerini anl\u0131yorum. Seni biliyorum. Seni anlat\u0131yorum. G\u00fcven bana, ben de ya\u015fad\u0131m. Bu kitapta sana hatalar\u0131m\u0131z\u0131 g\u00f6steriyorum. Ac\u0131m\u0131z\u0131 atlatman\u0131n yollar\u0131n\u0131 \u00f6\u011fretiyorum. Eskisinden de g\u00fc\u00e7l\u00fc bir \u015fekilde aya\u011fa kalkman i\u00e7in yard\u0131m\u0131m\u0131 teklif ediyorum. Tek ba\u015f\u0131na kald\u0131\u011f\u0131n\u0131 sand\u0131\u011f\u0131n yolculu\u011funda seninle y\u00fcr\u00fcmeyi \u00f6neriyorum. D\u00f6n\u00fc\u015fece\u011fin yeni \u201csen\u201di d\u00fcnyaya g\u00f6sterdi\u011finde a\u015fk ile \u0131\u015f\u0131ldad\u0131\u011f\u0131n\u0131 hayal ediyorum. K\u00e2h a\u011flad\u0131\u011f\u0131n k\u00e2h g\u00fcld\u00fc\u011f\u00fcn bu zorlay\u0131c\u0131 ser\u00fcveninde yan\u0131nda olaca\u011f\u0131ma s\u00f6z veriyorum.Emin ol, hepsi ge\u00e7ecek.<\/p>\n","protected":false},"excerpt":{"rendered":"<p>Hepimizin hayat\u0131nda her \u015feyin tepetaklak oldu\u011fu, s\u0131k\u0131\u015fm\u0131\u015f hissetti\u011fimiz, &#8220;Bunlar neden ba\u015f\u0131ma geldi?&#8221; dedi\u011fimiz zamanlar\u0131m\u0131z olmu\u015ftur ve gelecekte tekrar olacak. \u0130li\u015fkilerimiz bitecek, sevdi\u011fimiz insanlar gidecek, umdu\u011fumuz baz\u0131<span class=\"excerpt-hellip\"> [\u2026]<\/span><\/p>\n","protected":false},"featured_media":0,"template":"","meta":{"_monsterinsights_skip_tracking":false,"_monsterinsights_sitenote_active":false,"_monsterinsights_sitenote_note":"","_monsterinsights_sitenote_category":0},"product_brand":[],"product_cat":[12364,12376],"product_tag":[],"class_list":{"0":"post-764747","1":"product","2":"type-product","3":"status-publish","5":"product_cat-genel-konular","6":"product_cat-kisisel-gelisim","7":"pa_cilt-ciltsiz","8":"pa_tur-kitap","9":"pa_yayinevi-nemesis-kitap","10":"pa_yazar-cem-goksel-ozargun","12":"first","13":"instock","14":"sale","15":"shipping-taxable","16":"purchasable","17":"product-type-simple"},"_links":{"self":[{"href":"https:\/\/roveyayinevi.com.tr\/index.php\/wp-json\/wp\/v2\/product\/764747","targetHints":{"allow":["GET"]}}],"collection":[{"href":"https:\/\/roveyayinevi.com.tr\/index.php\/wp-json\/wp\/v2\/product"}],"about":[{"href":"https:\/\/roveyayinevi.com.tr\/index.php\/wp-json\/wp\/v2\/types\/product"}],"wp:attachment":[{"href":"https:\/\/roveyayinevi.com.tr\/index.php\/wp-json\/wp\/v2\/media?parent=764747"}],"wp:term":[{"taxonomy":"product_brand","embeddable":true,"href":"https:\/\/roveyayinevi.com.tr\/index.php\/wp-json\/wp\/v2\/product_brand?post=764747"},{"taxonomy":"product_cat","embeddable":true,"href":"https:\/\/roveyayinevi.com.tr\/index.php\/wp-json\/wp\/v2\/product_cat?post=764747"},{"taxonomy":"product_tag","embeddable":true,"href":"https:\/\/roveyayinevi.com.tr\/index.php\/wp-json\/wp\/v2\/product_tag?post=764747"}],"curies":[{"name":"wp","href":"https:\/\/api.w.org\/{rel}","templated":true}]}}