{"id":764742,"date":"2025-08-28T11:20:22","date_gmt":"2025-08-28T08:20:22","guid":{"rendered":"https:\/\/roveyayinevi.com.tr\/index.php\/urun\/eflak-ve-bogdan\/"},"modified":"2026-04-15T03:30:27","modified_gmt":"2026-04-15T00:30:27","slug":"eflak-ve-bogdan","status":"publish","type":"product","link":"https:\/\/roveyayinevi.com.tr\/index.php\/urun\/eflak-ve-bogdan\/","title":{"rendered":"Eflak ve Bo\u011fdan"},"content":{"rendered":"<p>Osmanl\u0131 Devleti\u2019nin Tuna\u2019n\u0131n kuzeyine y\u00f6nelik siyasetinin bir par\u00e7as\u0131 olan Eflak ve Bo\u011fdan voyvodal\u0131klar\u0131, XV. y\u00fczy\u0131l\u0131n ba\u015flar\u0131 gibi erken bir d\u00f6nemde b\u00f6lgede Osmanl\u0131 \u00fcst\u00fcnl\u00fc\u011f\u00fcn\u00fc kabul etmi\u015flerdir. Tuna\u2019n\u0131n kuzeyinde yer alan bu iki voyvodal\u0131k, bulunduklar\u0131 co\u011frafya gere\u011fi Osmanl\u0131 Devleti ile Avrupal\u0131 devletler aras\u0131nda tampon g\u00f6revi \u00fcstlenmi\u015fler ve kendilerini \u00e7evreleyen Osmanl\u0131-Habsburg-Lehistan siyasetinde denge politikas\u0131 izleyerek ayakta kalmay\u0131 ba\u015farm\u0131\u015flard\u0131r. Bununla birlikte Eflak ve Bo\u011fdan y\u00f6neticileri, baz\u0131 d\u00f6nemlerde Osmanl\u0131 Devleti\u2019ne kar\u015f\u0131 isyan ederek Tuna hatt\u0131ndaki Osmanl\u0131 sancaklar\u0131 i\u00e7in bir tehlike olu\u015fturmaktan geri durmam\u0131\u015flard\u0131r.  Elinizdeki bu eser, 400 y\u0131l\u0131 a\u015fk\u0131n Osmanl\u0131 \u0130mparatorlu\u011fu h\u00e2kimiyetinde kalan Eflak ve Bo\u011fdan voyvodal\u0131klar\u0131n\u0131n XVII. y\u00fczy\u0131l\u0131n ortalar\u0131na kadar ge\u00e7irdi\u011fi siyasi, ekonomik ve sosyal s\u00fcre\u00e7leri Osmanl\u0131-Romen kaynaklar\u0131 perspektifinden incelemektedir. Bu \u00e7al\u0131\u015fmada, Eflak-Bo\u011fdan\u2019\u0131n Osmanl\u0131 kar\u015f\u0131s\u0131ndaki hukuki stat\u00fcleri, voyvodalar\u0131n tahta \u00e7\u0131k\u0131\u015f usulleri ve voyvodal\u0131klar\u0131n asker\u00ee, din\u00ee ve adli yap\u0131lar\u0131n\u0131n nas\u0131l oldu\u011funa dair bir\u00e7ok soruya da cevap aranmaktad\u0131r. Bunu yaparken Eflak-Bo\u011fdan\u2019da s\u00fcregelen siyasi \u00e7eki\u015fmeleri, entrikalar\u0131 ve b\u00f6lgedeki hassas g\u00fc\u00e7 dengesine d\u00e2hil b\u00fcy\u00fck akt\u00f6rler aras\u0131ndaki n\u00fcfuz m\u00fccadelesini de g\u00f6zler \u00f6n\u00fcne sermektedir. Ayr\u0131ca b\u00f6lgedeki de\u011fi\u015fken siyasi zemin kar\u015f\u0131s\u0131nda Osmanl\u0131 y\u00f6neticilerinin Eflak-Bo\u011fdan\u2019da geli\u015ftirdikleri siyaseti konu edinmektedir.<\/p>\n","protected":false},"excerpt":{"rendered":"<p>Osmanl\u0131 Devleti\u2019nin Tuna\u2019n\u0131n kuzeyine y\u00f6nelik siyasetinin bir par\u00e7as\u0131 olan Eflak ve Bo\u011fdan voyvodal\u0131klar\u0131, XV. y\u00fczy\u0131l\u0131n ba\u015flar\u0131 gibi erken bir d\u00f6nemde b\u00f6lgede Osmanl\u0131 \u00fcst\u00fcnl\u00fc\u011f\u00fcn\u00fc kabul etmi\u015flerdir. Tuna\u2019n\u0131n<span class=\"excerpt-hellip\"> [\u2026]<\/span><\/p>\n","protected":false},"featured_media":0,"template":"","meta":{"_monsterinsights_skip_tracking":false,"_monsterinsights_sitenote_active":false,"_monsterinsights_sitenote_note":"","_monsterinsights_sitenote_category":0},"product_brand":[],"product_cat":[12370,12304],"product_tag":[],"class_list":{"0":"post-764742","1":"product","2":"type-product","3":"status-publish","5":"product_cat-arastirma-inceleme","6":"product_cat-tarih","7":"pa_cilt-ciltsiz","8":"pa_tur-kitap","9":"pa_yayinevi-yeditepe-yayinevi","10":"pa_yazar-yusuf-heper","12":"first","13":"instock","14":"sale","15":"shipping-taxable","16":"purchasable","17":"product-type-simple"},"_links":{"self":[{"href":"https:\/\/roveyayinevi.com.tr\/index.php\/wp-json\/wp\/v2\/product\/764742","targetHints":{"allow":["GET"]}}],"collection":[{"href":"https:\/\/roveyayinevi.com.tr\/index.php\/wp-json\/wp\/v2\/product"}],"about":[{"href":"https:\/\/roveyayinevi.com.tr\/index.php\/wp-json\/wp\/v2\/types\/product"}],"wp:attachment":[{"href":"https:\/\/roveyayinevi.com.tr\/index.php\/wp-json\/wp\/v2\/media?parent=764742"}],"wp:term":[{"taxonomy":"product_brand","embeddable":true,"href":"https:\/\/roveyayinevi.com.tr\/index.php\/wp-json\/wp\/v2\/product_brand?post=764742"},{"taxonomy":"product_cat","embeddable":true,"href":"https:\/\/roveyayinevi.com.tr\/index.php\/wp-json\/wp\/v2\/product_cat?post=764742"},{"taxonomy":"product_tag","embeddable":true,"href":"https:\/\/roveyayinevi.com.tr\/index.php\/wp-json\/wp\/v2\/product_tag?post=764742"}],"curies":[{"name":"wp","href":"https:\/\/api.w.org\/{rel}","templated":true}]}}