{"id":764741,"date":"2025-08-28T11:20:21","date_gmt":"2025-08-28T08:20:21","guid":{"rendered":"https:\/\/roveyayinevi.com.tr\/index.php\/urun\/nargin\/"},"modified":"2026-04-15T03:30:27","modified_gmt":"2026-04-15T00:30:27","slug":"nargin","status":"publish","type":"product","link":"https:\/\/roveyayinevi.com.tr\/index.php\/urun\/nargin\/","title":{"rendered":"Nargin"},"content":{"rendered":"<p>T\u00fcrkler taraf\u0131ndan \u201cMakber Adas\u0131\u201d ve \u201cY\u0131lan Adas\u0131\u201d \u015feklinde de adland\u0131r\u0131lan Nargin, Hazar Denizi\u2019nin Bak\u00fc a\u00e7\u0131klar\u0131nda bulunan kurak ve y\u0131lanl\u0131 bir adad\u0131r. Ruslar\u0131n Birinci D\u00fcnya Sava\u015f\u0131 esnas\u0131nda esir kamp\u0131 olarak kulland\u0131\u011f\u0131 ada, insani ya\u015fam ko\u015fullar\u0131ndan olduk\u00e7a uzakt\u0131r. Nargin T\u00fcrk\u2019\u00fcn Makberi roman\u0131, bu ba\u011flamdaki tarih\u00ee olaylar \u00e7evresinde kaleme al\u0131nm\u0131\u015ft\u0131r. Sava\u015f s\u0131ras\u0131nda Nargin Adas\u0131\u2019nda esir tutulan on binlerce T\u00fcrk askerinin i\u015fkencelerle dolu a\u011f\u0131r hayat m\u00fccadelelerinden bahsedilmektedir. Kurguyla ger\u00e7e\u011fin bir arada oldu\u011fu bu romanda adada ne yemekhaneleri vard\u0131r ne yaralar\u0131n\u0131 saracak doktorlar\u0131\u2026 \u015eehitlerin, kuyulara istiflenen cans\u0131z bedenleri bile huzurlu de\u011fildir. Bu insanl\u0131k dram\u0131 kar\u015f\u0131s\u0131nda sessiz kalamayan Azerbaycan halk\u0131n\u0131n esirleri adadan kurtarma yolunda g\u00f6sterdi\u011fi fed\u00e2karl\u0131klar, bir gazetecinin kalemiyle ele al\u0131nm\u0131\u015ft\u0131r. Nargin T\u00fcrk\u2019\u00fcn Makberi, Azerbaycan-T\u00fcrkiye karde\u015fli\u011finin g\u00f6stergesi olmas\u0131 a\u00e7\u0131s\u0131ndan \u00f6nemli bir eserdir. <\/p>\n","protected":false},"excerpt":{"rendered":"<p>T\u00fcrkler taraf\u0131ndan \u201cMakber Adas\u0131\u201d ve \u201cY\u0131lan Adas\u0131\u201d \u015feklinde de adland\u0131r\u0131lan Nargin, Hazar Denizi\u2019nin Bak\u00fc a\u00e7\u0131klar\u0131nda bulunan kurak ve y\u0131lanl\u0131 bir adad\u0131r. Ruslar\u0131n Birinci D\u00fcnya Sava\u015f\u0131 esnas\u0131nda<span class=\"excerpt-hellip\"> [\u2026]<\/span><\/p>\n","protected":false},"featured_media":0,"template":"","meta":{"_monsterinsights_skip_tracking":false,"_monsterinsights_sitenote_active":false,"_monsterinsights_sitenote_note":"","_monsterinsights_sitenote_category":0},"product_brand":[],"product_cat":[12370,12304],"product_tag":[],"class_list":{"0":"post-764741","1":"product","2":"type-product","3":"status-publish","5":"product_cat-arastirma-inceleme","6":"product_cat-tarih","7":"pa_cilt-ciltsiz","8":"pa_tur-kitap","9":"pa_yayinevi-yeditepe-yayinevi","10":"pa_yazar-yunis-orucov","12":"first","13":"instock","14":"sale","15":"shipping-taxable","16":"purchasable","17":"product-type-simple"},"_links":{"self":[{"href":"https:\/\/roveyayinevi.com.tr\/index.php\/wp-json\/wp\/v2\/product\/764741","targetHints":{"allow":["GET"]}}],"collection":[{"href":"https:\/\/roveyayinevi.com.tr\/index.php\/wp-json\/wp\/v2\/product"}],"about":[{"href":"https:\/\/roveyayinevi.com.tr\/index.php\/wp-json\/wp\/v2\/types\/product"}],"wp:attachment":[{"href":"https:\/\/roveyayinevi.com.tr\/index.php\/wp-json\/wp\/v2\/media?parent=764741"}],"wp:term":[{"taxonomy":"product_brand","embeddable":true,"href":"https:\/\/roveyayinevi.com.tr\/index.php\/wp-json\/wp\/v2\/product_brand?post=764741"},{"taxonomy":"product_cat","embeddable":true,"href":"https:\/\/roveyayinevi.com.tr\/index.php\/wp-json\/wp\/v2\/product_cat?post=764741"},{"taxonomy":"product_tag","embeddable":true,"href":"https:\/\/roveyayinevi.com.tr\/index.php\/wp-json\/wp\/v2\/product_tag?post=764741"}],"curies":[{"name":"wp","href":"https:\/\/api.w.org\/{rel}","templated":true}]}}