{"id":764740,"date":"2025-08-28T11:20:20","date_gmt":"2025-08-28T08:20:20","guid":{"rendered":"https:\/\/roveyayinevi.com.tr\/index.php\/urun\/pozitif-psikoterapinin-temelleri\/"},"modified":"2026-04-15T03:30:27","modified_gmt":"2026-04-15T00:30:27","slug":"pozitif-psikoterapinin-temelleri","status":"publish","type":"product","link":"https:\/\/roveyayinevi.com.tr\/index.php\/urun\/pozitif-psikoterapinin-temelleri\/","title":{"rendered":"Pozitif Psikoterapinin Temelleri"},"content":{"rendered":"<p>Pozitif Psikoterapi Kitapl\u0131\u011f\u0131 dizisinin ikinci kitab\u0131 okuyucusuyla bulu\u015fmaya haz\u0131r. Dr. \u0130van Kirillov taraf\u0131ndan kaleme al\u0131nan \u201cPozitif Psikoterapinin Temelleri\u201d, hastalar\u0131n\u0131z ve dan\u0131\u015fanlar\u0131n\u0131z i\u00e7in en yeni bulgularla uzun s\u00fcredir kan\u0131tlanm\u0131\u015f uygulamalar\u0131 birle\u015ftirerek sizi bilimsel olarak kan\u0131tlanm\u0131\u015f ve s\u00fcrekli geli\u015fen bu y\u00f6ntemle tan\u0131\u015ft\u0131r\u0131yor. A\u00e7\u0131k ve net yaz\u0131lm\u0131\u015f, klinik vakalarla zenginle\u015ftirilmi\u015f ve okurken teoriyi prati\u011fe d\u00f6kmenize yard\u0131mc\u0131 olacak pek \u00e7ok fikir ve ara\u015ft\u0131rma sunuyor. Dr. \u0130van Kirillov, Pozitif Psikoterapinin temellerini, yakla\u015f\u0131k 25 y\u0131ll\u0131k yo\u011fun klinik uygulama ve 20 y\u0131l\u0131 a\u015fk\u0131n s\u00fcredir d\u00fcnya \u00e7ap\u0131nda pozitif psikoterapistlerin e\u011fitimi ve s\u00fcpervizyonu perspektifinden anlat\u0131yor. <\/p>\n","protected":false},"excerpt":{"rendered":"<p>Pozitif Psikoterapi Kitapl\u0131\u011f\u0131 dizisinin ikinci kitab\u0131 okuyucusuyla bulu\u015fmaya haz\u0131r. Dr. \u0130van Kirillov taraf\u0131ndan kaleme al\u0131nan \u201cPozitif Psikoterapinin Temelleri\u201d, hastalar\u0131n\u0131z ve dan\u0131\u015fanlar\u0131n\u0131z i\u00e7in en yeni bulgularla uzun<span class=\"excerpt-hellip\"> [\u2026]<\/span><\/p>\n","protected":false},"featured_media":0,"template":"","meta":{"_monsterinsights_skip_tracking":false,"_monsterinsights_sitenote_active":false,"_monsterinsights_sitenote_note":"","_monsterinsights_sitenote_category":0},"product_brand":[],"product_cat":[12357],"product_tag":[],"class_list":{"0":"post-764740","1":"product","2":"type-product","3":"status-publish","5":"product_cat-psikoloji","6":"pa_cilt-ciltsiz","7":"pa_tur-kitap","8":"pa_yayinevi-psikoolgu","9":"pa_yazar-ivan-kirillov","11":"first","12":"instock","13":"sale","14":"shipping-taxable","15":"purchasable","16":"product-type-simple"},"_links":{"self":[{"href":"https:\/\/roveyayinevi.com.tr\/index.php\/wp-json\/wp\/v2\/product\/764740","targetHints":{"allow":["GET"]}}],"collection":[{"href":"https:\/\/roveyayinevi.com.tr\/index.php\/wp-json\/wp\/v2\/product"}],"about":[{"href":"https:\/\/roveyayinevi.com.tr\/index.php\/wp-json\/wp\/v2\/types\/product"}],"wp:attachment":[{"href":"https:\/\/roveyayinevi.com.tr\/index.php\/wp-json\/wp\/v2\/media?parent=764740"}],"wp:term":[{"taxonomy":"product_brand","embeddable":true,"href":"https:\/\/roveyayinevi.com.tr\/index.php\/wp-json\/wp\/v2\/product_brand?post=764740"},{"taxonomy":"product_cat","embeddable":true,"href":"https:\/\/roveyayinevi.com.tr\/index.php\/wp-json\/wp\/v2\/product_cat?post=764740"},{"taxonomy":"product_tag","embeddable":true,"href":"https:\/\/roveyayinevi.com.tr\/index.php\/wp-json\/wp\/v2\/product_tag?post=764740"}],"curies":[{"name":"wp","href":"https:\/\/api.w.org\/{rel}","templated":true}]}}