{"id":764738,"date":"2025-08-28T11:20:16","date_gmt":"2025-08-28T08:20:16","guid":{"rendered":"https:\/\/roveyayinevi.com.tr\/index.php\/urun\/mobius\/"},"modified":"2026-04-15T03:30:27","modified_gmt":"2026-04-15T00:30:27","slug":"mobius","status":"publish","type":"product","link":"https:\/\/roveyayinevi.com.tr\/index.php\/urun\/mobius\/","title":{"rendered":"Mobius"},"content":{"rendered":"<p>Bir c\u00fcmle hayat\u0131n\u0131 kurtarabilir.Gelecekten geliyorsa.\u00dcstelik kendi el yaz\u0131nla!&#8221;Hepimizin hayat\u0131nda, sonras\u0131nda hi\u00e7bir \u015feyin ayn\u0131 kalmad\u0131\u011f\u0131, d\u00fcnyam\u0131z\u0131 ikiye ay\u0131ran en az bir an vard\u0131r. O an, ilk bak\u0131\u015fta muhtemelen \u00f6nemli g\u00f6r\u00fcn\u00fcr. Ama de\u011fildir. \u00d6nemli olan daha \u00f6nce gelir.  Ben Ay\u0131r\u0131c\u0131 diyorum ona, di\u011ferlerini deviren ilk domino ta\u015f\u0131.&#8221;Mobius.\u0130smini sonsuzluk \u015feridinden al\u0131yor.Brooklyn&#8217;in g\u00f6zlerden uzak teraslar\u0131nda kurulu bir startup.Ortaklar hipster giri\u015fimci Andy ve esrarengiz d\u00e2hi fizik\u00e7i Rowan&#8217;a g\u00f6re icatlar\u0131 t\u00fcm d\u00fcnyay\u0131 de\u011fi\u015ftirecek bir devrim niteli\u011finde.Temporal Distorsiyon Portal\u0131. K\u0131saca: Zamanda Yolculuk!Gelecekten sana, kendi el yaz\u0131nla g\u00f6nderilen mesajlar.Bu icatla kusursuz bir kariyer in\u015fa edebilir, gelecekteki ruh e\u015finle tan\u0131\u015fabilirsin.Dostlar\u0131n ve d\u00fc\u015fmanlar\u0131nla takvimlerin \u00f6tesinde y\u00fczle\u015febilir, akla gelmeyecek t\u00fcyolar\u0131n izinde zaman korsanl\u0131\u011f\u0131na, sonsuz servet pe\u015finde gelecek h\u0131rs\u0131zl\u0131\u011f\u0131na soyunabilirsin. Ama hepsinden \u00f6nemlisi; en b\u00fcy\u00fck hatan\u0131 d\u00fczeltebilirsin.Caleb kendi elleriyle mahvedene dek hayalini dahi kuramayaca\u011f\u0131 bir hayat s\u00fcr\u00fcyordu. Her ko\u015fulda s\u0131rt\u0131n\u0131 dayayabilece\u011fi hayat arkada\u015f\u0131 Hannah&#8217;ya, herkesten \u00e7ok sevdi\u011fi o\u011flu Seth&#8217;e, d\u00fcnya \u00e7ap\u0131nda pop\u00fcler teknoloji giri\u015fimlerinde g\u00f6z al\u0131c\u0131 bir kariyere sahipti.Sonra ka\u00e7\u0131n\u0131lmaz s\u00fcrpriz ger\u00e7ekle\u015fti.Caleb \u015fimdi \u00e7o\u011fu beyaz yakal\u0131n\u0131n gizli kahraman\u0131 olsa da CEO&#8217;lara g\u00f6re bir hain, yat\u0131r\u0131mc\u0131lara g\u00f6re steroid bas\u0131lm\u0131\u015f bir kriptonit.Son dayana\u011f\u0131 ve ak\u0131l hocas\u0131 Jim, ona Andy ve Rowan&#8217;\u0131n mucizesinden bahsetti\u011finde, kaybedecek hi\u00e7 bir \u015feyi kalmayan Caleb kaybetti\u011fi her \u015feyi kazanma olas\u0131l\u0131\u011f\u0131n\u0131 ke\u015ffediyor.T\u00fcrkiye&#8217;de hem bilim kurguyu hem okuma al\u0131\u015fkanl\u0131klar\u0131n\u0131 yeniledi.Olas\u0131l\u0131ks\u0131z, Empati ve OZ adl\u0131 romanlar\u0131yla milyonlar\u0131 okumaya \u00e2\u015f\u0131k etti.Her jenerasyonun ba\u015ftan ke\u015ffetti\u011fi fenomen yazar Adam Fawer bu kez de Zaman&#8217;a meydan okuyor.Kader, \u00f6zg\u00fcr irade, ge\u00e7mi\u015f, gelecek, a\u015fk, felsefe, bilim, polisiye&#8230;Zamanda Yolculuk hi\u00e7 bu kadar ger\u00e7ek olmam\u0131\u015ft\u0131.Adam Fawer&#8217;dan asla bitmesin isteyece\u011finiz bir roman daha. <\/p>\n","protected":false},"excerpt":{"rendered":"<p>Bir c\u00fcmle hayat\u0131n\u0131 kurtarabilir.Gelecekten geliyorsa.\u00dcstelik kendi el yaz\u0131nla!&#8221;Hepimizin hayat\u0131nda, sonras\u0131nda hi\u00e7bir \u015feyin ayn\u0131 kalmad\u0131\u011f\u0131, d\u00fcnyam\u0131z\u0131 ikiye ay\u0131ran en az bir an vard\u0131r. O an, ilk bak\u0131\u015fta<span class=\"excerpt-hellip\"> [\u2026]<\/span><\/p>\n","protected":false},"featured_media":0,"template":"","meta":{"_monsterinsights_skip_tracking":false,"_monsterinsights_sitenote_active":false,"_monsterinsights_sitenote_note":"","_monsterinsights_sitenote_category":0},"product_brand":[],"product_cat":[12291,12711],"product_tag":[],"class_list":{"0":"post-764738","1":"product","2":"type-product","3":"status-publish","5":"product_cat-edebiyat","6":"product_cat-roman-oyku","7":"pa_cilt-ciltsiz","8":"pa_tur-kitap","9":"pa_yayinevi-april-yayincilik","10":"pa_yazar-adam-fawer","12":"first","13":"instock","14":"sale","15":"shipping-taxable","16":"purchasable","17":"product-type-simple"},"_links":{"self":[{"href":"https:\/\/roveyayinevi.com.tr\/index.php\/wp-json\/wp\/v2\/product\/764738","targetHints":{"allow":["GET"]}}],"collection":[{"href":"https:\/\/roveyayinevi.com.tr\/index.php\/wp-json\/wp\/v2\/product"}],"about":[{"href":"https:\/\/roveyayinevi.com.tr\/index.php\/wp-json\/wp\/v2\/types\/product"}],"wp:attachment":[{"href":"https:\/\/roveyayinevi.com.tr\/index.php\/wp-json\/wp\/v2\/media?parent=764738"}],"wp:term":[{"taxonomy":"product_brand","embeddable":true,"href":"https:\/\/roveyayinevi.com.tr\/index.php\/wp-json\/wp\/v2\/product_brand?post=764738"},{"taxonomy":"product_cat","embeddable":true,"href":"https:\/\/roveyayinevi.com.tr\/index.php\/wp-json\/wp\/v2\/product_cat?post=764738"},{"taxonomy":"product_tag","embeddable":true,"href":"https:\/\/roveyayinevi.com.tr\/index.php\/wp-json\/wp\/v2\/product_tag?post=764738"}],"curies":[{"name":"wp","href":"https:\/\/api.w.org\/{rel}","templated":true}]}}