{"id":764737,"date":"2025-08-28T11:20:14","date_gmt":"2025-08-28T08:20:14","guid":{"rendered":"https:\/\/roveyayinevi.com.tr\/index.php\/urun\/politik-riskler-ve-basa-cikma-stratejileri-mena-bolgesi-icin-cikarimlar\/"},"modified":"2026-04-15T03:30:27","modified_gmt":"2026-04-15T00:30:27","slug":"politik-riskler-ve-basa-cikma-stratejileri-mena-bolgesi-icin-cikarimlar","status":"publish","type":"product","link":"https:\/\/roveyayinevi.com.tr\/index.php\/urun\/politik-riskler-ve-basa-cikma-stratejileri-mena-bolgesi-icin-cikarimlar\/","title":{"rendered":"Politik Riskler ve Ba\u015fa \u00c7\u0131kma Stratejileri (Mena B\u00f6lgesi \u0130\u00e7in \u00c7\u0131kar\u0131mlar)"},"content":{"rendered":"<p>\u0130\u00e7indekiler :     1.      B\u00d6L\u00dcM ULUSLARARASI T\u0130CARETTE R\u0130SK T\u00dcRLER\u0130   2.      B\u00d6L\u00dcM POL\u0130T\u0130K R\u0130SK\u0130N SINIFLANDIRILMASI       3.      B\u00d6L\u00dcM POL\u0130T\u0130K R\u0130SKE NASIL TEPK\u0130 VER\u0130L\u0130R   4.      B\u00d6L\u00dcM METODOLOJ\u0130   5.      B\u00d6L\u00dcM VER\u0130 ANAL\u0130Z\u0130 <\/p>\n","protected":false},"excerpt":{"rendered":"<p>\u0130\u00e7indekiler : 1. B\u00d6L\u00dcM ULUSLARARASI T\u0130CARETTE R\u0130SK T\u00dcRLER\u0130 2. B\u00d6L\u00dcM POL\u0130T\u0130K R\u0130SK\u0130N SINIFLANDIRILMASI 3. B\u00d6L\u00dcM POL\u0130T\u0130K R\u0130SKE NASIL TEPK\u0130 VER\u0130L\u0130R 4. B\u00d6L\u00dcM METODOLOJ\u0130 5. B\u00d6L\u00dcM VER\u0130<span class=\"excerpt-hellip\"> [\u2026]<\/span><\/p>\n","protected":false},"featured_media":0,"template":"","meta":{"_monsterinsights_skip_tracking":false,"_monsterinsights_sitenote_active":false,"_monsterinsights_sitenote_note":"","_monsterinsights_sitenote_category":0},"product_brand":[],"product_cat":[13043],"product_tag":[],"class_list":{"0":"post-764737","1":"product","2":"type-product","3":"status-publish","5":"product_cat-ekonomi","6":"pa_cilt-ciltsiz","7":"pa_tur-kitap","8":"pa_yayinevi-gazi-kitabevi","9":"pa_yazar-yaser-cagil-zafer-aykanat","11":"first","12":"instock","13":"sale","14":"shipping-taxable","15":"purchasable","16":"product-type-simple"},"_links":{"self":[{"href":"https:\/\/roveyayinevi.com.tr\/index.php\/wp-json\/wp\/v2\/product\/764737","targetHints":{"allow":["GET"]}}],"collection":[{"href":"https:\/\/roveyayinevi.com.tr\/index.php\/wp-json\/wp\/v2\/product"}],"about":[{"href":"https:\/\/roveyayinevi.com.tr\/index.php\/wp-json\/wp\/v2\/types\/product"}],"wp:attachment":[{"href":"https:\/\/roveyayinevi.com.tr\/index.php\/wp-json\/wp\/v2\/media?parent=764737"}],"wp:term":[{"taxonomy":"product_brand","embeddable":true,"href":"https:\/\/roveyayinevi.com.tr\/index.php\/wp-json\/wp\/v2\/product_brand?post=764737"},{"taxonomy":"product_cat","embeddable":true,"href":"https:\/\/roveyayinevi.com.tr\/index.php\/wp-json\/wp\/v2\/product_cat?post=764737"},{"taxonomy":"product_tag","embeddable":true,"href":"https:\/\/roveyayinevi.com.tr\/index.php\/wp-json\/wp\/v2\/product_tag?post=764737"}],"curies":[{"name":"wp","href":"https:\/\/api.w.org\/{rel}","templated":true}]}}