{"id":764735,"date":"2025-08-28T11:20:12","date_gmt":"2025-08-28T08:20:12","guid":{"rendered":"https:\/\/roveyayinevi.com.tr\/index.php\/urun\/sporcularin-is-hukukundan-dogan-uyusmazliklari-ve-cozum-yollari\/"},"modified":"2026-04-15T03:30:27","modified_gmt":"2026-04-15T00:30:27","slug":"sporcularin-is-hukukundan-dogan-uyusmazliklari-ve-cozum-yollari","status":"publish","type":"product","link":"https:\/\/roveyayinevi.com.tr\/index.php\/urun\/sporcularin-is-hukukundan-dogan-uyusmazliklari-ve-cozum-yollari\/","title":{"rendered":"Sporcular\u0131n \u0130\u015f Hukukundan Do\u011fan Uyu\u015fmazl\u0131klar\u0131 ve \u00c7\u00f6z\u00fcm Yollar\u0131"},"content":{"rendered":"<p>\u0130\u00e7indekiler :           1. G\u0130R\u0130\u015e         2.GERE\u00c7 VE Y\u00d6NTEM         3.BULGULAR         4. TARTI\u015eMA         5. SONU\u00c7 VE \u00d6NER\u0130LER <\/p>\n","protected":false},"excerpt":{"rendered":"<p>\u0130\u00e7indekiler : 1. G\u0130R\u0130\u015e 2.GERE\u00c7 VE Y\u00d6NTEM 3.BULGULAR 4. TARTI\u015eMA 5. SONU\u00c7 VE \u00d6NER\u0130LER<\/p>\n","protected":false},"featured_media":0,"template":"","meta":{"_monsterinsights_skip_tracking":false,"_monsterinsights_sitenote_active":false,"_monsterinsights_sitenote_note":"","_monsterinsights_sitenote_category":0},"product_brand":[],"product_cat":[15563,15564],"product_tag":[],"class_list":{"0":"post-764735","1":"product","2":"type-product","3":"status-publish","5":"product_cat-hobi","6":"product_cat-spor","7":"pa_cilt-ciltsiz","8":"pa_tur-kitap","9":"pa_yayinevi-gazi-kitabevi","10":"pa_yazar-funda-kocak-mehmet-sukru-gucal","12":"first","13":"instock","14":"sale","15":"shipping-taxable","16":"purchasable","17":"product-type-simple"},"_links":{"self":[{"href":"https:\/\/roveyayinevi.com.tr\/index.php\/wp-json\/wp\/v2\/product\/764735","targetHints":{"allow":["GET"]}}],"collection":[{"href":"https:\/\/roveyayinevi.com.tr\/index.php\/wp-json\/wp\/v2\/product"}],"about":[{"href":"https:\/\/roveyayinevi.com.tr\/index.php\/wp-json\/wp\/v2\/types\/product"}],"wp:attachment":[{"href":"https:\/\/roveyayinevi.com.tr\/index.php\/wp-json\/wp\/v2\/media?parent=764735"}],"wp:term":[{"taxonomy":"product_brand","embeddable":true,"href":"https:\/\/roveyayinevi.com.tr\/index.php\/wp-json\/wp\/v2\/product_brand?post=764735"},{"taxonomy":"product_cat","embeddable":true,"href":"https:\/\/roveyayinevi.com.tr\/index.php\/wp-json\/wp\/v2\/product_cat?post=764735"},{"taxonomy":"product_tag","embeddable":true,"href":"https:\/\/roveyayinevi.com.tr\/index.php\/wp-json\/wp\/v2\/product_tag?post=764735"}],"curies":[{"name":"wp","href":"https:\/\/api.w.org\/{rel}","templated":true}]}}