{"id":764732,"date":"2025-08-28T11:20:09","date_gmt":"2025-08-28T08:20:09","guid":{"rendered":"https:\/\/roveyayinevi.com.tr\/index.php\/urun\/muzik-defteri-sayi-2\/"},"modified":"2026-04-15T03:30:27","modified_gmt":"2026-04-15T00:30:27","slug":"muzik-defteri-sayi-2","status":"publish","type":"product","link":"https:\/\/roveyayinevi.com.tr\/index.php\/urun\/muzik-defteri-sayi-2\/","title":{"rendered":"M\u00fczik Defteri (Say\u0131 2)"},"content":{"rendered":"<p>Arka kapak yaz\u0131s\u0131: U\u011fur Ekren Edit\u00f6r\u00fcn Sunu\u015fu   Mustafa Bozbu\u011fa M\u00fczi\u011fin N\u00f6robiyolojisi   Hale Tetik 19. Y\u00fczy\u0131l Operalar\u0131nda Faust Efsanesinin Kullan\u0131m\u0131 ve Goethe\u2019nin Etkisi   Eren Tamer M\u00fczikal Zamana K\u00fclt\u00fcr Perspektifinden Bakmak   S\u00f6yle\u015fi: U\u011fur Ekren, G\u00fclper Refi\u011f, Can Okan Wagner\u2019le M\u00fczik ve Felsefe Nesrin Akan Yunan Mitolojisi\u2019nin M\u00fcziksever Tanr\u0131lar\u0131na Bir Bak\u0131\u015f   Kaj Zeller \u0130yi M\u00fczik Nedir? Estetik De\u011ferin Belirlenmesinde M\u00fczik Ele\u015ftirmenlerinin Rol\u00fc <\/p>\n","protected":false},"excerpt":{"rendered":"<p>Arka kapak yaz\u0131s\u0131: U\u011fur Ekren Edit\u00f6r\u00fcn Sunu\u015fu Mustafa Bozbu\u011fa M\u00fczi\u011fin N\u00f6robiyolojisi Hale Tetik 19. Y\u00fczy\u0131l Operalar\u0131nda Faust Efsanesinin Kullan\u0131m\u0131 ve Goethe\u2019nin Etkisi Eren Tamer M\u00fczikal Zamana<span class=\"excerpt-hellip\"> [\u2026]<\/span><\/p>\n","protected":false},"featured_media":0,"template":"","meta":{"_monsterinsights_skip_tracking":false,"_monsterinsights_sitenote_active":false,"_monsterinsights_sitenote_note":"","_monsterinsights_sitenote_category":0},"product_brand":[],"product_cat":[12408],"product_tag":[],"class_list":{"0":"post-764732","1":"product","2":"type-product","3":"status-publish","5":"product_cat-sanat","6":"pa_cilt-ciltsiz","7":"pa_tur-kitap","8":"pa_yayinevi-vakifbank-kultur-yayinlari","9":"pa_yazar-kolektif","11":"first","12":"instock","13":"sale","14":"shipping-taxable","15":"purchasable","16":"product-type-simple"},"_links":{"self":[{"href":"https:\/\/roveyayinevi.com.tr\/index.php\/wp-json\/wp\/v2\/product\/764732","targetHints":{"allow":["GET"]}}],"collection":[{"href":"https:\/\/roveyayinevi.com.tr\/index.php\/wp-json\/wp\/v2\/product"}],"about":[{"href":"https:\/\/roveyayinevi.com.tr\/index.php\/wp-json\/wp\/v2\/types\/product"}],"wp:attachment":[{"href":"https:\/\/roveyayinevi.com.tr\/index.php\/wp-json\/wp\/v2\/media?parent=764732"}],"wp:term":[{"taxonomy":"product_brand","embeddable":true,"href":"https:\/\/roveyayinevi.com.tr\/index.php\/wp-json\/wp\/v2\/product_brand?post=764732"},{"taxonomy":"product_cat","embeddable":true,"href":"https:\/\/roveyayinevi.com.tr\/index.php\/wp-json\/wp\/v2\/product_cat?post=764732"},{"taxonomy":"product_tag","embeddable":true,"href":"https:\/\/roveyayinevi.com.tr\/index.php\/wp-json\/wp\/v2\/product_tag?post=764732"}],"curies":[{"name":"wp","href":"https:\/\/api.w.org\/{rel}","templated":true}]}}