{"id":764731,"date":"2025-08-28T11:20:07","date_gmt":"2025-08-28T08:20:07","guid":{"rendered":"https:\/\/roveyayinevi.com.tr\/index.php\/urun\/ilter-turkmen\/"},"modified":"2026-04-15T03:30:27","modified_gmt":"2026-04-15T00:30:27","slug":"ilter-turkmen","status":"publish","type":"product","link":"https:\/\/roveyayinevi.com.tr\/index.php\/urun\/ilter-turkmen\/","title":{"rendered":"\u0130lter T\u00fcrkmen"},"content":{"rendered":"<p>Diplomatik miras ve bir d\u00f6n\u00fc\u015f\u00fcm\u00fcn \u00f6yk\u00fcs\u00fc&#8230; Bu kitap, T\u00fcrk diplomasisine damga vurmu\u015f \u0130lter T\u00fcrkmen\u2019in, engin bilgi ve deneyimleriyle \u00fclkemiz d\u0131\u015f politikas\u0131na getirdi\u011fi vizyona dikkat \u00e7ekmek amac\u0131yla kaleme al\u0131nd\u0131. Hikmet \u00c7etin\u2019in deyi\u015fiyle, \u201cDiplomasi sanat\u0131n\u0131 icra eden bir virt\u00fc\u00f6z olarak T\u00fcrk hariciyesinde nadir diplomata nasip olmu\u015f bir kariyere sahip\u201d olan T\u00fcrkmen, d\u0131\u015f politika vizyonunu denge, pragmatizm ve so\u011fukkanl\u0131l\u0131k \u00fczerine kurmu\u015ftu. Bu vas\u0131flar\u0131yla da Cumhuriyet geleneklerini s\u00fcrd\u00fcren \u0130lter T\u00fcrkmen, karma\u015f\u0131k sorunlar\u0131 \u00e7\u00f6zme u\u011fra\u015f\u0131nda \u00f6ne \u00e7\u0131kan en parlak diplomatlar\u0131n ba\u015f\u0131nda geliyordu. Ya\u015fam\u0131 boyunca uygulama ve kavramsalla\u015ft\u0131rmay\u0131 birle\u015ftirebilen, \u00e7ok ileri bir \u00f6ng\u00f6r\u00fc yetene\u011fine sahip olan, her t\u00fcrl\u00fc dogmay\u0131 reddederek mutlak ak\u0131lc\u0131l\u0131k ve esnekli\u011fe \u00f6nem veren \u0130lter T\u00fcrkmen, vizyonuyla yeni ku\u015faklar\u0131n yolunu ayd\u0131nlatmaya devam ediyor. <\/p>\n","protected":false},"excerpt":{"rendered":"<p>Diplomatik miras ve bir d\u00f6n\u00fc\u015f\u00fcm\u00fcn \u00f6yk\u00fcs\u00fc&#8230; Bu kitap, T\u00fcrk diplomasisine damga vurmu\u015f \u0130lter T\u00fcrkmen\u2019in, engin bilgi ve deneyimleriyle \u00fclkemiz d\u0131\u015f politikas\u0131na getirdi\u011fi vizyona dikkat \u00e7ekmek amac\u0131yla<span class=\"excerpt-hellip\"> [\u2026]<\/span><\/p>\n","protected":false},"featured_media":0,"template":"","meta":{"_monsterinsights_skip_tracking":false,"_monsterinsights_sitenote_active":false,"_monsterinsights_sitenote_note":"","_monsterinsights_sitenote_category":0},"product_brand":[],"product_cat":[14009,12291],"product_tag":[],"class_list":{"0":"post-764731","1":"product","2":"type-product","3":"status-publish","5":"product_cat-biyografi-otobiyografi-edebiyat","6":"product_cat-edebiyat","7":"pa_cilt-ciltsiz","8":"pa_tur-kitap","9":"pa_yayinevi-remzi-kitabevi","10":"pa_yazar-fusun-turkmen-selim-kuneralp","12":"first","13":"instock","14":"sale","15":"shipping-taxable","16":"purchasable","17":"product-type-simple"},"_links":{"self":[{"href":"https:\/\/roveyayinevi.com.tr\/index.php\/wp-json\/wp\/v2\/product\/764731","targetHints":{"allow":["GET"]}}],"collection":[{"href":"https:\/\/roveyayinevi.com.tr\/index.php\/wp-json\/wp\/v2\/product"}],"about":[{"href":"https:\/\/roveyayinevi.com.tr\/index.php\/wp-json\/wp\/v2\/types\/product"}],"wp:attachment":[{"href":"https:\/\/roveyayinevi.com.tr\/index.php\/wp-json\/wp\/v2\/media?parent=764731"}],"wp:term":[{"taxonomy":"product_brand","embeddable":true,"href":"https:\/\/roveyayinevi.com.tr\/index.php\/wp-json\/wp\/v2\/product_brand?post=764731"},{"taxonomy":"product_cat","embeddable":true,"href":"https:\/\/roveyayinevi.com.tr\/index.php\/wp-json\/wp\/v2\/product_cat?post=764731"},{"taxonomy":"product_tag","embeddable":true,"href":"https:\/\/roveyayinevi.com.tr\/index.php\/wp-json\/wp\/v2\/product_tag?post=764731"}],"curies":[{"name":"wp","href":"https:\/\/api.w.org\/{rel}","templated":true}]}}