{"id":764730,"date":"2025-08-28T11:20:05","date_gmt":"2025-08-28T08:20:05","guid":{"rendered":"https:\/\/roveyayinevi.com.tr\/index.php\/urun\/ay-dogunca\/"},"modified":"2026-04-15T03:30:27","modified_gmt":"2026-04-15T00:30:27","slug":"ay-dogunca","status":"publish","type":"product","link":"https:\/\/roveyayinevi.com.tr\/index.php\/urun\/ay-dogunca\/","title":{"rendered":"Ay Do\u011funca"},"content":{"rendered":"<p>Kar Ya\u011f\u0131nca\u2019n\u0131n devam\u0131 olan bu kitapta, bir rakun ile kokarca, geceleyin birlikte yiyecek aramaya \u00e7\u0131kar ve m\u0131s\u0131r tarlas\u0131na giderken yolda ba\u015fka hayvanlara rastlarlar. M\u0131s\u0131r ko\u00e7anlar\u0131n\u0131 kemirdikleri s\u0131rada bir k\u00f6pek onlar\u0131 fark edip havlamaya ba\u015flar. Yak\u0131ndaki \u00e7iftlik evinin \u0131\u015f\u0131klar\u0131 yan\u0131nca iki kafadar gitme vaktinin geldi\u011fini anlar. Rich Lo\u2019nun kendine \u00f6zg\u00fc tarz\u0131n\u0131 yans\u0131tan benzersiz bir eser.<\/p>\n","protected":false},"excerpt":{"rendered":"<p>Kar Ya\u011f\u0131nca\u2019n\u0131n devam\u0131 olan bu kitapta, bir rakun ile kokarca, geceleyin birlikte yiyecek aramaya \u00e7\u0131kar ve m\u0131s\u0131r tarlas\u0131na giderken yolda ba\u015fka hayvanlara rastlarlar. M\u0131s\u0131r ko\u00e7anlar\u0131n\u0131 kemirdikleri<span class=\"excerpt-hellip\"> [\u2026]<\/span><\/p>\n","protected":false},"featured_media":0,"template":"","meta":{"_monsterinsights_skip_tracking":false,"_monsterinsights_sitenote_active":false,"_monsterinsights_sitenote_note":"","_monsterinsights_sitenote_category":0},"product_brand":[],"product_cat":[12274,12518],"product_tag":[],"class_list":{"0":"post-764730","1":"product","2":"type-product","3":"status-publish","5":"product_cat-cocuk-ve-genclik-kitaplari","6":"product_cat-okul-oncesi-kitaplar","7":"pa_cilt-ciltsiz","8":"pa_tur-kitap","9":"pa_yayinevi-koc-universitesi-yayinlari","10":"pa_yazar-ezgi-dikici","12":"first","13":"instock","14":"sale","15":"shipping-taxable","16":"purchasable","17":"product-type-simple"},"_links":{"self":[{"href":"https:\/\/roveyayinevi.com.tr\/index.php\/wp-json\/wp\/v2\/product\/764730","targetHints":{"allow":["GET"]}}],"collection":[{"href":"https:\/\/roveyayinevi.com.tr\/index.php\/wp-json\/wp\/v2\/product"}],"about":[{"href":"https:\/\/roveyayinevi.com.tr\/index.php\/wp-json\/wp\/v2\/types\/product"}],"wp:attachment":[{"href":"https:\/\/roveyayinevi.com.tr\/index.php\/wp-json\/wp\/v2\/media?parent=764730"}],"wp:term":[{"taxonomy":"product_brand","embeddable":true,"href":"https:\/\/roveyayinevi.com.tr\/index.php\/wp-json\/wp\/v2\/product_brand?post=764730"},{"taxonomy":"product_cat","embeddable":true,"href":"https:\/\/roveyayinevi.com.tr\/index.php\/wp-json\/wp\/v2\/product_cat?post=764730"},{"taxonomy":"product_tag","embeddable":true,"href":"https:\/\/roveyayinevi.com.tr\/index.php\/wp-json\/wp\/v2\/product_tag?post=764730"}],"curies":[{"name":"wp","href":"https:\/\/api.w.org\/{rel}","templated":true}]}}