{"id":764727,"date":"2025-08-28T11:20:00","date_gmt":"2025-08-28T08:20:00","guid":{"rendered":"https:\/\/roveyayinevi.com.tr\/index.php\/urun\/tomurcuk\/"},"modified":"2026-04-15T03:30:27","modified_gmt":"2026-04-15T00:30:27","slug":"tomurcuk","status":"publish","type":"product","link":"https:\/\/roveyayinevi.com.tr\/index.php\/urun\/tomurcuk\/","title":{"rendered":"Tomurcuk"},"content":{"rendered":"<p>\u00c7OCUKLARI ATIKLARI YEN\u0130DEN FARKLI AMA\u00c7LARLA KULLANMAYA VE GER\u0130 D\u00d6N\u00dc\u015eT\u00dcRMEYE TE\u015eV\u0130K EDEN BU E\u011eLENCEL\u0130 H\u0130K\u00c2YEN\u0130N BA\u015e KAHRAMANI, BA\u015eARISIZLI\u011eI YEN\u0130 \u015eEYLER \u00d6\u011eRENMEK \u0130\u00c7\u0130N B\u0130R FIRSAT OLARAK G\u00d6REN G\u00dcVERC\u0130N TOMURCUK! Ba\u015far\u0131s\u0131zl\u0131\u011fa u\u011framaktan asla korkmayan, gayretli bir g\u00fcvercin olan Tomurcuk, toplad\u0131\u011f\u0131 \u00e7\u00f6plerle bulu\u015flar geli\u015ftirmeye \u00e7al\u0131\u015f\u0131yor. Mottosu ise, \u201cFikir \u0130yi &#8211; Yeterince Azim ve Sab\u0131rla Kovalarsan Olacak\u201d. Bir afet sonras\u0131nda hi\u00e7 tan\u0131mad\u0131klar\u0131 de\u011fi\u015fik bir diyara s\u00fcr\u00fcklenen g\u00fcvercin arkada\u015flar\u0131na yard\u0131mc\u0131 olacak m\u00fcthi\u015f \u00e7\u00f6z\u00fcm\u00fc de i\u015fte bu sayede buluyor! D\u0130KKAT! \u201cHAMAM B\u00d6CE\u011e\u0130 YORUMLARI\u201d \u0130LE OKUMA HEYECANINI ARTIR!<\/p>\n","protected":false},"excerpt":{"rendered":"<p>\u00c7OCUKLARI ATIKLARI YEN\u0130DEN FARKLI AMA\u00c7LARLA KULLANMAYA VE GER\u0130 D\u00d6N\u00dc\u015eT\u00dcRMEYE TE\u015eV\u0130K EDEN BU E\u011eLENCEL\u0130 H\u0130K\u00c2YEN\u0130N BA\u015e KAHRAMANI, BA\u015eARISIZLI\u011eI YEN\u0130 \u015eEYLER \u00d6\u011eRENMEK \u0130\u00c7\u0130N B\u0130R FIRSAT OLARAK G\u00d6REN G\u00dcVERC\u0130N<span class=\"excerpt-hellip\"> [\u2026]<\/span><\/p>\n","protected":false},"featured_media":0,"template":"","meta":{"_monsterinsights_skip_tracking":false,"_monsterinsights_sitenote_active":false,"_monsterinsights_sitenote_note":"","_monsterinsights_sitenote_category":0},"product_brand":[],"product_cat":[12274,12518],"product_tag":[],"class_list":{"0":"post-764727","1":"product","2":"type-product","3":"status-publish","5":"product_cat-cocuk-ve-genclik-kitaplari","6":"product_cat-okul-oncesi-kitaplar","7":"pa_cilt-ciltsiz","8":"pa_tur-kitap","9":"pa_yayinevi-koc-universitesi-yayinlari","10":"pa_yazar-jess-rose","12":"first","13":"instock","14":"sale","15":"shipping-taxable","16":"purchasable","17":"product-type-simple"},"_links":{"self":[{"href":"https:\/\/roveyayinevi.com.tr\/index.php\/wp-json\/wp\/v2\/product\/764727","targetHints":{"allow":["GET"]}}],"collection":[{"href":"https:\/\/roveyayinevi.com.tr\/index.php\/wp-json\/wp\/v2\/product"}],"about":[{"href":"https:\/\/roveyayinevi.com.tr\/index.php\/wp-json\/wp\/v2\/types\/product"}],"wp:attachment":[{"href":"https:\/\/roveyayinevi.com.tr\/index.php\/wp-json\/wp\/v2\/media?parent=764727"}],"wp:term":[{"taxonomy":"product_brand","embeddable":true,"href":"https:\/\/roveyayinevi.com.tr\/index.php\/wp-json\/wp\/v2\/product_brand?post=764727"},{"taxonomy":"product_cat","embeddable":true,"href":"https:\/\/roveyayinevi.com.tr\/index.php\/wp-json\/wp\/v2\/product_cat?post=764727"},{"taxonomy":"product_tag","embeddable":true,"href":"https:\/\/roveyayinevi.com.tr\/index.php\/wp-json\/wp\/v2\/product_tag?post=764727"}],"curies":[{"name":"wp","href":"https:\/\/api.w.org\/{rel}","templated":true}]}}