{"id":764726,"date":"2025-08-28T11:19:59","date_gmt":"2025-08-28T08:19:59","guid":{"rendered":"https:\/\/roveyayinevi.com.tr\/index.php\/urun\/bilginin-tarihi-seruveni\/"},"modified":"2026-04-15T03:30:27","modified_gmt":"2026-04-15T00:30:27","slug":"bilginin-tarihi-seruveni","status":"publish","type":"product","link":"https:\/\/roveyayinevi.com.tr\/index.php\/urun\/bilginin-tarihi-seruveni\/","title":{"rendered":"Bilginin Tarihi Ser\u00fcveni"},"content":{"rendered":"<p>Erken modern d\u00f6nemde farkl\u0131 k\u0131talar\u0131n, \u00fclkelerin hatta \u015fehirlerin s\u0131n\u0131rlar\u0131 nas\u0131l a\u015f\u0131l\u0131p da insanlar bilgi sahibi olabiliyordu? Bu d\u00f6nemin insanlar\u0131 i\u00e7in ortak bir bilgiden bahsedilebilir mi? Her co\u011frafya bilinmeyen bir evren miydi, yoksa t\u00fcm k\u0131s\u0131tlara ra\u011fmen erken modern d\u00f6nemde insanlar s\u0131n\u0131rlar\u0131 a\u015fan a\u011flar kurabiliyor muydu? S\u0131radan insanlar, bilim insanlar\u0131 ve devletler aras\u0131nda bilginin nas\u0131l \u00fcretildi\u011fini anlatan bu eser, bilginin hangi arac\u0131lar eliyle nas\u0131l d\u00f6n\u00fc\u015ft\u00fc\u011f\u00fcn\u00fc etkili \u015fekilde g\u00f6zler \u00f6n\u00fcne seriyor. Ticaret, diplomasi ve bilimin ilerlemesini sa\u011flayan bilgi a\u011flar\u0131n\u0131 \u00f6rmelerine ra\u011fmen g\u00f6z ard\u0131 edilen akt\u00f6rler, asl\u0131nda d\u00fcnyan\u0131n birbirini tan\u0131mas\u0131n\u0131 sa\u011fl\u0131yordu. Fakat bu akt\u00f6rler elde ettikleri bilgileri kime nas\u0131l aktar\u0131yorlard\u0131? Avrupa, Asya, Osmanl\u0131 \u0130mparatorlu\u011fu ve Amerika k\u0131talar\u0131 aras\u0131nda kurulan bilgi a\u011flar\u0131 \u00fczerinden bilginin tarihini sunan bu kitap, erken modern d\u00f6nemin k\u00fcresel tarihine dair de yeni pencereler aral\u0131yor.<\/p>\n","protected":false},"excerpt":{"rendered":"<p>Erken modern d\u00f6nemde farkl\u0131 k\u0131talar\u0131n, \u00fclkelerin hatta \u015fehirlerin s\u0131n\u0131rlar\u0131 nas\u0131l a\u015f\u0131l\u0131p da insanlar bilgi sahibi olabiliyordu? Bu d\u00f6nemin insanlar\u0131 i\u00e7in ortak bir bilgiden bahsedilebilir mi? Her<span class=\"excerpt-hellip\"> [\u2026]<\/span><\/p>\n","protected":false},"featured_media":0,"template":"","meta":{"_monsterinsights_skip_tracking":false,"_monsterinsights_sitenote_active":false,"_monsterinsights_sitenote_note":"","_monsterinsights_sitenote_category":0},"product_brand":[],"product_cat":[12304],"product_tag":[],"class_list":{"0":"post-764726","1":"product","2":"type-product","3":"status-publish","5":"product_cat-tarih","6":"pa_cilt-ciltsiz","7":"pa_tur-kitap","8":"pa_yayinevi-fol-kitap","9":"pa_yazar-paula-findlen","11":"first","12":"instock","13":"sale","14":"shipping-taxable","15":"purchasable","16":"product-type-simple"},"_links":{"self":[{"href":"https:\/\/roveyayinevi.com.tr\/index.php\/wp-json\/wp\/v2\/product\/764726","targetHints":{"allow":["GET"]}}],"collection":[{"href":"https:\/\/roveyayinevi.com.tr\/index.php\/wp-json\/wp\/v2\/product"}],"about":[{"href":"https:\/\/roveyayinevi.com.tr\/index.php\/wp-json\/wp\/v2\/types\/product"}],"wp:attachment":[{"href":"https:\/\/roveyayinevi.com.tr\/index.php\/wp-json\/wp\/v2\/media?parent=764726"}],"wp:term":[{"taxonomy":"product_brand","embeddable":true,"href":"https:\/\/roveyayinevi.com.tr\/index.php\/wp-json\/wp\/v2\/product_brand?post=764726"},{"taxonomy":"product_cat","embeddable":true,"href":"https:\/\/roveyayinevi.com.tr\/index.php\/wp-json\/wp\/v2\/product_cat?post=764726"},{"taxonomy":"product_tag","embeddable":true,"href":"https:\/\/roveyayinevi.com.tr\/index.php\/wp-json\/wp\/v2\/product_tag?post=764726"}],"curies":[{"name":"wp","href":"https:\/\/api.w.org\/{rel}","templated":true}]}}