{"id":764725,"date":"2025-08-28T11:19:56","date_gmt":"2025-08-28T08:19:56","guid":{"rendered":"https:\/\/roveyayinevi.com.tr\/index.php\/urun\/umutlar-ve-dilekler\/"},"modified":"2026-04-15T03:30:27","modified_gmt":"2026-04-15T00:30:27","slug":"umutlar-ve-dilekler","status":"publish","type":"product","link":"https:\/\/roveyayinevi.com.tr\/index.php\/urun\/umutlar-ve-dilekler\/","title":{"rendered":"Umutlar ve Dilekler"},"content":{"rendered":"<p>Sen benim i\u00e7in her \u015feyden daha de\u011ferlisin. En b\u00fcy\u00fck dile\u011fim harika bir ya\u015fam\u0131n olmas\u0131. Senin i\u00e7in umutlar\u0131m\u0131n ve dileklerimin oldu\u011fu bu kitap umar\u0131m sana g\u00fczel bir rehber olur. Anne babalar\u0131n \u00e7ocuklar\u0131 i\u00e7in umutlar\u0131n\u0131 ve dileklerini kelimelere d\u00f6ken duygusal bir kitap&#8230;<\/p>\n","protected":false},"excerpt":{"rendered":"<p>Sen benim i\u00e7in her \u015feyden daha de\u011ferlisin. En b\u00fcy\u00fck dile\u011fim harika bir ya\u015fam\u0131n olmas\u0131. Senin i\u00e7in umutlar\u0131m\u0131n ve dileklerimin oldu\u011fu bu kitap umar\u0131m sana g\u00fczel bir<span class=\"excerpt-hellip\"> [\u2026]<\/span><\/p>\n","protected":false},"featured_media":0,"template":"","meta":{"_monsterinsights_skip_tracking":false,"_monsterinsights_sitenote_active":false,"_monsterinsights_sitenote_note":"","_monsterinsights_sitenote_category":0},"product_brand":[],"product_cat":[12274,12518],"product_tag":[],"class_list":{"0":"post-764725","1":"product","2":"type-product","3":"status-publish","5":"product_cat-cocuk-ve-genclik-kitaplari","6":"product_cat-okul-oncesi-kitaplar","7":"pa_cilt-ciltsiz","8":"pa_tur-kitap","9":"pa_yayinevi-koc-universitesi-yayinlari","10":"pa_yazar-helen-stephens","12":"first","13":"instock","14":"sale","15":"shipping-taxable","16":"purchasable","17":"product-type-simple"},"_links":{"self":[{"href":"https:\/\/roveyayinevi.com.tr\/index.php\/wp-json\/wp\/v2\/product\/764725","targetHints":{"allow":["GET"]}}],"collection":[{"href":"https:\/\/roveyayinevi.com.tr\/index.php\/wp-json\/wp\/v2\/product"}],"about":[{"href":"https:\/\/roveyayinevi.com.tr\/index.php\/wp-json\/wp\/v2\/types\/product"}],"wp:attachment":[{"href":"https:\/\/roveyayinevi.com.tr\/index.php\/wp-json\/wp\/v2\/media?parent=764725"}],"wp:term":[{"taxonomy":"product_brand","embeddable":true,"href":"https:\/\/roveyayinevi.com.tr\/index.php\/wp-json\/wp\/v2\/product_brand?post=764725"},{"taxonomy":"product_cat","embeddable":true,"href":"https:\/\/roveyayinevi.com.tr\/index.php\/wp-json\/wp\/v2\/product_cat?post=764725"},{"taxonomy":"product_tag","embeddable":true,"href":"https:\/\/roveyayinevi.com.tr\/index.php\/wp-json\/wp\/v2\/product_tag?post=764725"}],"curies":[{"name":"wp","href":"https:\/\/api.w.org\/{rel}","templated":true}]}}