{"id":764724,"date":"2025-08-28T11:19:55","date_gmt":"2025-08-28T08:19:55","guid":{"rendered":"https:\/\/roveyayinevi.com.tr\/index.php\/urun\/varolma-bicimleri\/"},"modified":"2026-04-15T03:30:27","modified_gmt":"2026-04-15T00:30:27","slug":"varolma-bicimleri","status":"publish","type":"product","link":"https:\/\/roveyayinevi.com.tr\/index.php\/urun\/varolma-bicimleri\/","title":{"rendered":"Varolma Bi\u00e7imleri"},"content":{"rendered":"<p>Zeki olmak ne demek? Zek\u00e2 insana \u00f6zg\u00fc bir \u015fey mi yoksa bitkiler, hayvanlar, hatta kendi yaratt\u0131\u011f\u0131m\u0131z teknolojilerle payla\u015ft\u0131\u011f\u0131m\u0131z bir \u015fey mi? Son y\u0131llarda yapay zek\u00e2 alan\u0131nda yap\u0131lan g\u00f6z kama\u015ft\u0131r\u0131c\u0131 at\u0131l\u0131mlar, yapay zek\u00e2n\u0131n b\u00fcy\u00fck bir g\u00fc\u00e7 ve insan\u0131n d\u00fcnyadaki yerine y\u00f6nelik b\u00fcy\u00fck bir tehdit te\u015fkil edebilece\u011fini g\u00f6sterdi. Bu durum zek\u00e2n\u0131n do\u011fas\u0131 \u00fczerine yeni bir tart\u0131\u015fma da ba\u015flatt\u0131. Bu tart\u0131\u015fma ekseninde yap\u0131lan ara\u015ft\u0131rmalar sayesinde art\u0131k \u00e7evremizdeki di\u011fer zek\u00e2 t\u00fcrlerinin fark\u0131na varmaya da ba\u015flad\u0131k. A\u011fa\u00e7lar\u0131n hen\u00fcz tam olarak anlayamad\u0131\u011f\u0131m\u0131z, \u00e7ok karma\u015f\u0131k yollarla zeki ileti\u015fim a\u011flar\u0131 kurduklar\u0131n\u0131, hayvanlar\u0131n da i\u00e7 d\u00fcnyalar\u0131n\u0131n oldu\u011funu, makinelerin ve cans\u0131z varl\u0131klar\u0131n bile bir anlamda \u201czek\u00e2\u201d sergilediklerini, bizimkinden farkl\u0131 bi\u00e7imde ama en az bizim kadar \u201cvar\u201d olduklar\u0131n\u0131 \u00f6\u011frendik.   Sanat\u00e7\u0131 ve d\u00fc\u015f\u00fcn\u00fcr James Bridle, Varolma Bi\u00e7imleri\u2019nde, biyoloji, fizik, bili\u015fim, edebiyat, sanat ve felsefeden yararlanarak insan zihninin \u00f6tesinde kalan \u00e7e\u015fitli zek\u00e2 bi\u00e7imlerinin b\u00fcy\u00fcleyici d\u00fcnyas\u0131na bir pencere a\u00e7\u0131yor. Bitkilerin ak\u0131l almaz hayatta kalma tekniklerinden, hayvanlar\u0131n bili\u015fsel becerilerinin enginli\u011fine, yapay zek\u00e2n\u0131n \u015fa\u015f\u0131rt\u0131c\u0131 ve \u00fcrk\u00fct\u00fcc\u00fc yeteneklerinden insan olman\u0131n ve bilincin anlam\u0131na kadar uzanan bir \u00e7izgide, okuru entelekt\u00fcel bir yolculu\u011fa \u00e7\u0131kar\u0131yor. \u0130nsan olmayan zek\u00e2lara zihinlerimizi a\u00e7mam\u0131z ve \u00e7evremizdeki do\u011fal ve yapay sistemlerle nas\u0131l bir arada ya\u015fad\u0131\u011f\u0131m\u0131z\u0131 yeniden g\u00f6zden ge\u00e7irmemiz gerekti\u011fi konusunda bize meydan okuyor. Teknoloji taraf\u0131ndan git gide daha fazla \u015fekillendirilen ve tehdit edilen bir d\u00fcnyada, insan\u0131n egemenli\u011finin tek yol olmad\u0131\u011f\u0131, hayatta kalman\u0131n anahtar\u0131n\u0131n di\u011fer varolma bi\u00e7imlerinden bir \u015feyler \u00f6\u011frenmek olabilece\u011fi bir gelece\u011fi hayal etmemiz konusunda bizi cesaretlendiriyor.<\/p>\n","protected":false},"excerpt":{"rendered":"<p>Zeki olmak ne demek? Zek\u00e2 insana \u00f6zg\u00fc bir \u015fey mi yoksa bitkiler, hayvanlar, hatta kendi yaratt\u0131\u011f\u0131m\u0131z teknolojilerle payla\u015ft\u0131\u011f\u0131m\u0131z bir \u015fey mi? Son y\u0131llarda yapay zek\u00e2 alan\u0131nda<span class=\"excerpt-hellip\"> [\u2026]<\/span><\/p>\n","protected":false},"featured_media":0,"template":"","meta":{"_monsterinsights_skip_tracking":false,"_monsterinsights_sitenote_active":false,"_monsterinsights_sitenote_note":"","_monsterinsights_sitenote_category":0},"product_brand":[],"product_cat":[13005],"product_tag":[],"class_list":{"0":"post-764724","1":"product","2":"type-product","3":"status-publish","5":"product_cat-bilim-muhendislik","6":"pa_cilt-ciltsiz","7":"pa_tur-kitap","8":"pa_yayinevi-fol-kitap","9":"pa_yazar-james-bridle","11":"first","12":"instock","13":"sale","14":"shipping-taxable","15":"purchasable","16":"product-type-simple"},"_links":{"self":[{"href":"https:\/\/roveyayinevi.com.tr\/index.php\/wp-json\/wp\/v2\/product\/764724","targetHints":{"allow":["GET"]}}],"collection":[{"href":"https:\/\/roveyayinevi.com.tr\/index.php\/wp-json\/wp\/v2\/product"}],"about":[{"href":"https:\/\/roveyayinevi.com.tr\/index.php\/wp-json\/wp\/v2\/types\/product"}],"wp:attachment":[{"href":"https:\/\/roveyayinevi.com.tr\/index.php\/wp-json\/wp\/v2\/media?parent=764724"}],"wp:term":[{"taxonomy":"product_brand","embeddable":true,"href":"https:\/\/roveyayinevi.com.tr\/index.php\/wp-json\/wp\/v2\/product_brand?post=764724"},{"taxonomy":"product_cat","embeddable":true,"href":"https:\/\/roveyayinevi.com.tr\/index.php\/wp-json\/wp\/v2\/product_cat?post=764724"},{"taxonomy":"product_tag","embeddable":true,"href":"https:\/\/roveyayinevi.com.tr\/index.php\/wp-json\/wp\/v2\/product_tag?post=764724"}],"curies":[{"name":"wp","href":"https:\/\/api.w.org\/{rel}","templated":true}]}}