{"id":764722,"date":"2025-08-28T11:19:52","date_gmt":"2025-08-28T08:19:52","guid":{"rendered":"https:\/\/roveyayinevi.com.tr\/index.php\/urun\/mizahin-kulturel-tarihi\/"},"modified":"2026-04-15T03:30:26","modified_gmt":"2026-04-15T00:30:26","slug":"mizahin-kulturel-tarihi","status":"publish","type":"product","link":"https:\/\/roveyayinevi.com.tr\/index.php\/urun\/mizahin-kulturel-tarihi\/","title":{"rendered":"Mizah\u0131n K\u00fclt\u00fcrel Tarihi"},"content":{"rendered":"<p>Mizah, insanl\u0131\u011f\u0131n en kadim ve g\u00fc\u00e7l\u00fc anlat\u0131m bi\u00e7imlerinden biridir; s\u0131n\u0131rlar\u0131 a\u015fan, toplumlar\u0131 birle\u015ftiren ve d\u00f6nemin ruhuna ayna tutan bir unsur; zek\u00e2y\u0131 terleten bir d\u00fc\u015f\u00fcnme prati\u011fi. Peki, ge\u00e7mi\u015fin g\u00fcl\u00fc\u015fleri bize ne anlat\u0131yor? Bu eser, komedinin sadece bir e\u011flence arac\u0131 olmad\u0131\u011f\u0131n\u0131, ayn\u0131 zamanda sosyal yap\u0131lar\u0131, iktidar ili\u015fkilerini ve k\u00fclt\u00fcrel d\u00f6n\u00fc\u015f\u00fcmleri nas\u0131l \u015fekillendirdi\u011fini g\u00f6zler \u00f6n\u00fcne seriyor. Antik Yunan\u2019daki sofistike esprilerden, Roma\u2019daki sahne g\u00f6sterilerine, R\u00f6nesans \u0130talyas\u0131\u2019n\u0131n \u015faka k\u00fclt\u00fcr\u00fcnden, Hollanda\u2019n\u0131n Alt\u0131n \u00c7a\u011f\u0131\u2019ndaki mizahi resimlerine kadar geni\u015f bir yelpazede mizah\u0131n izini s\u00fcren bu kitap, tarih boyunca g\u00fclmenin \u015fekillendi\u011fi toplumsal ba\u011flamlar\u0131 inceliyor. Bakhtin&#8217;in kahkaha kavram\u0131ndan antropologlar\u0131n \u015faka ve toplum ili\u015fkilerine kadar uzanan yenilik\u00e7i bir anlat\u0131m sunuyor. Bu kitap, mizah\u0131n hem bireysel hem de kolektif haf\u0131zam\u0131zdaki yerini yeniden d\u00fc\u015f\u00fcnmemizi sa\u011flarken, toplumsal normlar\u0131n, \u00e7at\u0131\u015fmalar\u0131n ve dayan\u0131\u015fman\u0131n inceliklerini de ke\u015ffetmeye davet ediyor. <\/p>\n","protected":false},"excerpt":{"rendered":"<p>Mizah, insanl\u0131\u011f\u0131n en kadim ve g\u00fc\u00e7l\u00fc anlat\u0131m bi\u00e7imlerinden biridir; s\u0131n\u0131rlar\u0131 a\u015fan, toplumlar\u0131 birle\u015ftiren ve d\u00f6nemin ruhuna ayna tutan bir unsur; zek\u00e2y\u0131 terleten bir d\u00fc\u015f\u00fcnme prati\u011fi. Peki,<span class=\"excerpt-hellip\"> [\u2026]<\/span><\/p>\n","protected":false},"featured_media":0,"template":"","meta":{"_monsterinsights_skip_tracking":false,"_monsterinsights_sitenote_active":false,"_monsterinsights_sitenote_note":"","_monsterinsights_sitenote_category":0},"product_brand":[],"product_cat":[12304],"product_tag":[],"class_list":{"0":"post-764722","1":"product","2":"type-product","3":"status-publish","5":"product_cat-tarih","6":"pa_cilt-ciltsiz","7":"pa_tur-kitap","8":"pa_yayinevi-fol-kitap","9":"pa_yazar-jan-bremmer-herman-roodenburg","11":"first","12":"instock","13":"sale","14":"shipping-taxable","15":"purchasable","16":"product-type-simple"},"_links":{"self":[{"href":"https:\/\/roveyayinevi.com.tr\/index.php\/wp-json\/wp\/v2\/product\/764722","targetHints":{"allow":["GET"]}}],"collection":[{"href":"https:\/\/roveyayinevi.com.tr\/index.php\/wp-json\/wp\/v2\/product"}],"about":[{"href":"https:\/\/roveyayinevi.com.tr\/index.php\/wp-json\/wp\/v2\/types\/product"}],"wp:attachment":[{"href":"https:\/\/roveyayinevi.com.tr\/index.php\/wp-json\/wp\/v2\/media?parent=764722"}],"wp:term":[{"taxonomy":"product_brand","embeddable":true,"href":"https:\/\/roveyayinevi.com.tr\/index.php\/wp-json\/wp\/v2\/product_brand?post=764722"},{"taxonomy":"product_cat","embeddable":true,"href":"https:\/\/roveyayinevi.com.tr\/index.php\/wp-json\/wp\/v2\/product_cat?post=764722"},{"taxonomy":"product_tag","embeddable":true,"href":"https:\/\/roveyayinevi.com.tr\/index.php\/wp-json\/wp\/v2\/product_tag?post=764722"}],"curies":[{"name":"wp","href":"https:\/\/api.w.org\/{rel}","templated":true}]}}