{"id":764721,"date":"2025-08-28T11:19:51","date_gmt":"2025-08-28T08:19:51","guid":{"rendered":"https:\/\/roveyayinevi.com.tr\/index.php\/urun\/insan-dunyasinin-donguleri\/"},"modified":"2026-04-15T03:30:26","modified_gmt":"2026-04-15T00:30:26","slug":"insan-dunyasinin-donguleri","status":"publish","type":"product","link":"https:\/\/roveyayinevi.com.tr\/index.php\/urun\/insan-dunyasinin-donguleri\/","title":{"rendered":"\u0130nsan D\u00fcnyas\u0131n\u0131n D\u00f6ng\u00fcleri"},"content":{"rendered":"<p>Tarih tekerr\u00fcrden ibaret olabilir mi? Bu eski d\u00fc\u015f\u00fcnce g\u00fcn\u00fcm\u00fczde pek ra\u011fbet g\u00f6rmese de yap\u0131lan yeni ve \u00e7\u0131\u011f\u0131r a\u00e7\u0131c\u0131 bilimsel \u00e7al\u0131\u015fmalar bu d\u00fc\u015f\u00fcncede bir do\u011fruluk pay\u0131 olabilece\u011fini d\u00fc\u015f\u00fcnd\u00fcr\u00fcyor. Eldeki veriler, tarihte olaylar\u0131n de\u011filse bile uzun vadeli s\u00fcre\u00e7lerin tekrarlayan, d\u00f6ng\u00fcsel birtak\u0131m kal\u0131plara sahip olabilece\u011fini g\u00f6steriyor: Y\u00fczy\u0131llara yay\u0131lan n\u00fcfus art\u0131\u015flar\u0131n\u0131 refah, durgunluk ve \u00e7\u00f6k\u00fc\u015f izliyor. N\u00fcfusta meydana gelen dalgalanmay\u0131 fiyatlardaki dalgalanmalar yank\u0131l\u0131yor. Devletler geni\u015fleyip refaha ula\u015ft\u0131ktan sonra, artan toplumsal e\u015fitsizliklerin etkisiyle toplumsal ve siyasi istikrars\u0131zl\u0131klar ya\u015fay\u0131p toprak kaybederek y\u0131k\u0131l\u0131yor.  D\u00fcnya tarihi, uygarl\u0131klar\u0131n do\u011fdu\u011fu ve \u00f6ld\u00fc\u011f\u00fc bu uzun vadeli d\u00f6ng\u00fclerin bir\u00e7ok \u00f6rne\u011fini sergiliyor. Peter Turchin ve Sergey Nefedov, kliodinamik alan\u0131n\u0131n kurucu eserlerinden biri olan bu kitapta uygarl\u0131klar\u0131n y\u00fckseli\u015fi ve \u00e7\u00f6k\u00fc\u015f\u00fc hakk\u0131ndaki en derin varsay\u0131mlar\u0131m\u0131z\u0131 sorguluyor. Roma Cumhuriyeti\u2019nden Tudor \u0130ngilteresi\u2019ne, Devrim Fransas\u0131\u2019ndan Devrim Rusyas\u0131\u2019na ve modern ulus devletlerine kadar uzanan bir \u00e7izgide derlenmi\u015f somut verilerden hareketle, toplumlar\u0131n b\u00fcy\u00fcd\u00fc\u011f\u00fc, geli\u015fti\u011fi ve ka\u00e7\u0131n\u0131lmaz olarak tekrar krize s\u00fcr\u00fcklendi\u011fi \u00fcrpertici bir model ortaya koyuyor ve o rahats\u0131z edici sorular\u0131 soruyor: Biz de ayn\u0131 kaderi mi payla\u015faca\u011f\u0131z? Ka\u00e7\u0131n\u0131lmaz g\u00f6r\u00fcnen bu d\u00f6ng\u00fclerden ka\u00e7\u0131\u015f m\u00fcmk\u00fcn m\u00fc? K\u0131\u015fk\u0131rt\u0131c\u0131 ve derinlemesine bir inceleme olan \u0130nsan D\u00fcnyas\u0131n\u0131n D\u00f6ng\u00fcleri, bizi uygarl\u0131\u011f\u0131m\u0131z\u0131n \u201cuzatmalar\u0131\u201d oynuyor olabilece\u011fi ger\u00e7e\u011fiyle y\u00fczle\u015fmeye \u00e7a\u011f\u0131r\u0131yor.<\/p>\n","protected":false},"excerpt":{"rendered":"<p>Tarih tekerr\u00fcrden ibaret olabilir mi? Bu eski d\u00fc\u015f\u00fcnce g\u00fcn\u00fcm\u00fczde pek ra\u011fbet g\u00f6rmese de yap\u0131lan yeni ve \u00e7\u0131\u011f\u0131r a\u00e7\u0131c\u0131 bilimsel \u00e7al\u0131\u015fmalar bu d\u00fc\u015f\u00fcncede bir do\u011fruluk pay\u0131 olabilece\u011fini<span class=\"excerpt-hellip\"> [\u2026]<\/span><\/p>\n","protected":false},"featured_media":0,"template":"","meta":{"_monsterinsights_skip_tracking":false,"_monsterinsights_sitenote_active":false,"_monsterinsights_sitenote_note":"","_monsterinsights_sitenote_category":0},"product_brand":[],"product_cat":[12324],"product_tag":[],"class_list":{"0":"post-764721","1":"product","2":"type-product","3":"status-publish","5":"product_cat-sosyoloji","6":"pa_cilt-ciltsiz","7":"pa_tur-kitap","8":"pa_yayinevi-fol-kitap","9":"pa_yazar-peter-turchin-sergey-nefedov","11":"first","12":"instock","13":"sale","14":"shipping-taxable","15":"purchasable","16":"product-type-simple"},"_links":{"self":[{"href":"https:\/\/roveyayinevi.com.tr\/index.php\/wp-json\/wp\/v2\/product\/764721","targetHints":{"allow":["GET"]}}],"collection":[{"href":"https:\/\/roveyayinevi.com.tr\/index.php\/wp-json\/wp\/v2\/product"}],"about":[{"href":"https:\/\/roveyayinevi.com.tr\/index.php\/wp-json\/wp\/v2\/types\/product"}],"wp:attachment":[{"href":"https:\/\/roveyayinevi.com.tr\/index.php\/wp-json\/wp\/v2\/media?parent=764721"}],"wp:term":[{"taxonomy":"product_brand","embeddable":true,"href":"https:\/\/roveyayinevi.com.tr\/index.php\/wp-json\/wp\/v2\/product_brand?post=764721"},{"taxonomy":"product_cat","embeddable":true,"href":"https:\/\/roveyayinevi.com.tr\/index.php\/wp-json\/wp\/v2\/product_cat?post=764721"},{"taxonomy":"product_tag","embeddable":true,"href":"https:\/\/roveyayinevi.com.tr\/index.php\/wp-json\/wp\/v2\/product_tag?post=764721"}],"curies":[{"name":"wp","href":"https:\/\/api.w.org\/{rel}","templated":true}]}}