{"id":764719,"date":"2025-08-28T11:19:47","date_gmt":"2025-08-28T08:19:47","guid":{"rendered":"https:\/\/roveyayinevi.com.tr\/index.php\/urun\/152-gun\/"},"modified":"2026-04-15T03:30:26","modified_gmt":"2026-04-15T00:30:26","slug":"152-gun","status":"publish","type":"product","link":"https:\/\/roveyayinevi.com.tr\/index.php\/urun\/152-gun\/","title":{"rendered":"152. G\u00fcn"},"content":{"rendered":"<p>Fadime\u2019yi i\u015fte ilk kez o g\u00fcn g\u00f6rd\u00fcm. Sanki ilk kez g\u00fcne\u015fi, y\u0131ld\u0131z\u0131, ay\u0131 g\u00f6rm\u00fc\u015f\u00fcm gibi. G\u00f6nl\u00fcm\u00fcn i\u00e7ine bir ku\u015f girdi sanki \u00e7\u0131kmak i\u00e7in \u00e7\u0131rp\u0131n\u0131p da duruyor. O \u00e7\u0131rp\u0131nd\u0131k\u00e7a ben yerimde duram\u0131yordum. Sonra gitmedim, gidemedim hi\u00e7. Onun oldu\u011fu bir yerden ayr\u0131lmak istemedim.  Hem bence bu d\u00fcnyada nasipli olanlar do\u011fdu\u011fu yerde ya da doydu\u011fu yerde de\u011fil de sevdi\u011finin oldu\u011fu yerde \u00f6lenlerdir. \u2026 C\u00e2n\u0131m k\u00e2ri, sana s\u00f6ylemi\u015ftim daha \u00f6nce; ben kendime bir d\u00fcnya kuruyorum. Bu kurdu\u011fumun, ya\u015fad\u0131\u011f\u0131m\u0131z d\u00fcnyada var olmas\u0131n\u0131n m\u00fcmk\u00fcn olmayaca\u011f\u0131n\u0131 biliyorum. Onun i\u00e7in kitaplar\u0131n aras\u0131na sakl\u0131yorum bu d\u00fcnyay\u0131. Orada sevdiklerim var, sevindiklerim var. K\u00f6t\u00fc olan\u0131 alm\u0131yorum i\u00e7eri, onlara kap\u0131lar\u0131m kapal\u0131. Hatta art\u0131k duvarlar bile \u00f6r\u00fcyorum girmesinler diye. O kap\u0131lar bir tek sana a\u00e7\u0131k.<\/p>\n","protected":false},"excerpt":{"rendered":"<p>Fadime\u2019yi i\u015fte ilk kez o g\u00fcn g\u00f6rd\u00fcm. Sanki ilk kez g\u00fcne\u015fi, y\u0131ld\u0131z\u0131, ay\u0131 g\u00f6rm\u00fc\u015f\u00fcm gibi. G\u00f6nl\u00fcm\u00fcn i\u00e7ine bir ku\u015f girdi sanki \u00e7\u0131kmak i\u00e7in \u00e7\u0131rp\u0131n\u0131p da duruyor.<span class=\"excerpt-hellip\"> [\u2026]<\/span><\/p>\n","protected":false},"featured_media":0,"template":"","meta":{"_monsterinsights_skip_tracking":false,"_monsterinsights_sitenote_active":false,"_monsterinsights_sitenote_note":"","_monsterinsights_sitenote_category":0},"product_brand":[],"product_cat":[12291,12711],"product_tag":[],"class_list":{"0":"post-764719","1":"product","2":"type-product","3":"status-publish","5":"product_cat-edebiyat","6":"product_cat-roman-oyku","7":"pa_cilt-ciltsiz","8":"pa_tur-kitap","9":"pa_yayinevi-nesil-yayinlari","10":"pa_yazar-fatih-duman","12":"first","13":"instock","14":"sale","15":"shipping-taxable","16":"purchasable","17":"product-type-simple"},"_links":{"self":[{"href":"https:\/\/roveyayinevi.com.tr\/index.php\/wp-json\/wp\/v2\/product\/764719","targetHints":{"allow":["GET"]}}],"collection":[{"href":"https:\/\/roveyayinevi.com.tr\/index.php\/wp-json\/wp\/v2\/product"}],"about":[{"href":"https:\/\/roveyayinevi.com.tr\/index.php\/wp-json\/wp\/v2\/types\/product"}],"wp:attachment":[{"href":"https:\/\/roveyayinevi.com.tr\/index.php\/wp-json\/wp\/v2\/media?parent=764719"}],"wp:term":[{"taxonomy":"product_brand","embeddable":true,"href":"https:\/\/roveyayinevi.com.tr\/index.php\/wp-json\/wp\/v2\/product_brand?post=764719"},{"taxonomy":"product_cat","embeddable":true,"href":"https:\/\/roveyayinevi.com.tr\/index.php\/wp-json\/wp\/v2\/product_cat?post=764719"},{"taxonomy":"product_tag","embeddable":true,"href":"https:\/\/roveyayinevi.com.tr\/index.php\/wp-json\/wp\/v2\/product_tag?post=764719"}],"curies":[{"name":"wp","href":"https:\/\/api.w.org\/{rel}","templated":true}]}}