{"id":764718,"date":"2025-08-28T11:19:45","date_gmt":"2025-08-28T08:19:45","guid":{"rendered":"https:\/\/roveyayinevi.com.tr\/index.php\/urun\/kemal-2\/"},"modified":"2026-02-03T03:31:57","modified_gmt":"2026-02-03T00:31:57","slug":"kemal-2","status":"publish","type":"product","link":"https:\/\/roveyayinevi.com.tr\/index.php\/urun\/kemal-2\/","title":{"rendered":"Kemal"},"content":{"rendered":"<p>Kemal ve N\u00e2m\u0131k isimlerinin \u00e7ocuklara \u201cvatan \u015fairi\u201dne hayranl\u0131k duyanlarca verildi\u011fi, \u00f6zellikle Kemal\u2019in Mustafa Kemal\u2019le birlikte daha da fazla benimsendi\u011fi bir ger\u00e7ektir. Atat\u00fcrk de Kemal\u2019ini ona bor\u00e7luydu. Ancak isminin gen\u00e7lik y\u0131llar\u0131nda \u015fiirlerini ezberledi\u011fi N\u00e2m\u0131k Kemal\u2019le birlikte s\u0131k s\u0131k an\u0131lmas\u0131ndan rahats\u0131z olmaya ba\u015flam\u0131\u015ft\u0131. Ayd\u0131nlar da art\u0131k N\u00e2m\u0131k Kemal\u2019in vatan, millet ve h\u00fcrriyet anlay\u0131\u015f\u0131n\u0131 Cumhuriyet\u2019in de\u011ferlerine ayk\u0131r\u0131 buluyorlard\u0131, bu sebeple onun eserlerini \u201ckanon\u201d d\u0131\u015f\u0131na atmak i\u00e7in b\u00fcy\u00fck bir kampanya ba\u015flatt\u0131lar. Ancak \u0130smet \u0130n\u00f6n\u00fc cumhurba\u015fkan\u0131 se\u00e7ildikten sonra kurulan h\u00fck\u00fcmetin ilk i\u015flerinden biri d\u00f6rt farkl\u0131 renkte N\u00e2m\u0131k Kemal pullar\u0131 bast\u0131rmak oldu. B\u00f6ylece Ad\u0131var \u00e7ifti gibi N\u00e2m\u0131k Kemal de \u00fclkesine geri d\u00f6nm\u00fc\u015f, Rauf Orbay ve K\u00e2z\u0131m Karabekir gibi \u0130stikl\u00e2l Mahkemelerinde yarg\u0131lanm\u0131\u015f Milli M\u00fccadele kahramanlar\u0131yla birlikte onun da itibar\u0131 iade edilmi\u015fti. Be\u015fir Ayvazo\u011flu, elinizdeki kitapta 1930\u2019larda ve 40\u2019larda ya\u015fanan bu \u00e7at\u0131\u015fmay\u0131 bir roman gibi kurgulayarak anlat\u0131yor. <\/p>\n","protected":false},"excerpt":{"rendered":"<p>Kemal ve N\u00e2m\u0131k isimlerinin \u00e7ocuklara \u201cvatan \u015fairi\u201dne hayranl\u0131k duyanlarca verildi\u011fi, \u00f6zellikle Kemal\u2019in Mustafa Kemal\u2019le birlikte daha da fazla benimsendi\u011fi bir ger\u00e7ektir. Atat\u00fcrk de Kemal\u2019ini ona bor\u00e7luydu.<span class=\"excerpt-hellip\"> [\u2026]<\/span><\/p>\n","protected":false},"featured_media":0,"template":"","meta":{"_monsterinsights_skip_tracking":false,"_monsterinsights_sitenote_active":false,"_monsterinsights_sitenote_note":"","_monsterinsights_sitenote_category":0},"product_brand":[],"product_cat":[12291,12711],"product_tag":[],"class_list":{"0":"post-764718","1":"product","2":"type-product","3":"status-publish","5":"product_cat-edebiyat","6":"product_cat-roman-oyku","7":"pa_cilt-ciltsiz","8":"pa_tur-kitap","9":"pa_yayinevi-kapi-yayinlari","10":"pa_yazar-besir-ayvazoglu","12":"first","13":"instock","14":"sale","15":"shipping-taxable","16":"purchasable","17":"product-type-simple"},"_links":{"self":[{"href":"https:\/\/roveyayinevi.com.tr\/index.php\/wp-json\/wp\/v2\/product\/764718","targetHints":{"allow":["GET"]}}],"collection":[{"href":"https:\/\/roveyayinevi.com.tr\/index.php\/wp-json\/wp\/v2\/product"}],"about":[{"href":"https:\/\/roveyayinevi.com.tr\/index.php\/wp-json\/wp\/v2\/types\/product"}],"wp:attachment":[{"href":"https:\/\/roveyayinevi.com.tr\/index.php\/wp-json\/wp\/v2\/media?parent=764718"}],"wp:term":[{"taxonomy":"product_brand","embeddable":true,"href":"https:\/\/roveyayinevi.com.tr\/index.php\/wp-json\/wp\/v2\/product_brand?post=764718"},{"taxonomy":"product_cat","embeddable":true,"href":"https:\/\/roveyayinevi.com.tr\/index.php\/wp-json\/wp\/v2\/product_cat?post=764718"},{"taxonomy":"product_tag","embeddable":true,"href":"https:\/\/roveyayinevi.com.tr\/index.php\/wp-json\/wp\/v2\/product_tag?post=764718"}],"curies":[{"name":"wp","href":"https:\/\/api.w.org\/{rel}","templated":true}]}}