{"id":764707,"date":"2025-08-28T11:19:27","date_gmt":"2025-08-28T08:19:27","guid":{"rendered":"https:\/\/roveyayinevi.com.tr\/index.php\/urun\/siyaset-bilimi-7\/"},"modified":"2026-04-15T03:30:26","modified_gmt":"2026-04-15T00:30:26","slug":"siyaset-bilimi-7","status":"publish","type":"product","link":"https:\/\/roveyayinevi.com.tr\/index.php\/urun\/siyaset-bilimi-7\/","title":{"rendered":"Siyaset Bilimi"},"content":{"rendered":"<p>Siyasete dair farkl\u0131 kavramsalla\u015ft\u0131rmalar bulunmakla birlikte Siyaset, \u00f6z\u00fcnde iki farkl\u0131 \u00e7izgiye \u0131\u015f\u0131k tutmaktad\u0131r. Bir y\u00f6n\u00fcyle \u00e7at\u0131\u015fma, di\u011fer y\u00f6n\u00fcyle de uzla\u015fma arac\u0131 olarak toplumsal ya\u015fam\u0131 olu\u015fturan t\u00fcm h\u00fccrelere can verir. Kimi zaman Carl von Clausewitz\u2019in dolayl\u0131 da olsa okundu\u011fu \u015fekliyle sava\u015flara sebep olan siyaset, kimi zaman da Maurice Duverger\u2019nin belirtti\u011fi \u015fekliyle toplumun t\u00fcm \u00fcyelerinin ortak yarar\u0131na olabilecek bir d\u00fczen yaratma, bir uzla\u015f\u0131 sa\u011flama arac\u0131 olarak kar\u015f\u0131m\u0131za \u00e7\u0131kmaktad\u0131r. Ku\u015fkusuz siyaset, hem kendisi bir ara\u00e7t\u0131r hem de kendili\u011finden ba\u015fka ara\u00e7lara gerek duymaktad\u0131r; \u0130ktidar, bu ara\u00e7lardan belki de en \u00f6nemlisidir. Bertrand Russell\u2019\u0131n \u00fczerinde durdu\u011fu gibi \u201cEnerji, fizik i\u00e7in ne ise iktidar da sosyal bilimci i\u00e7in odur.\u201d S\u00f6z konusu siyasal iktidar, Devlet kisvesi alt\u0131nda ve belli bir ideolojiye dayanarak kurgulad\u0131\u011f\u0131 Siyasal Sistem i\u00e7erisinde Me\u015fruiyetini ortaya koymaya \u00e7al\u0131\u015f\u0131r. T\u00fcm bu s\u00fcre\u00e7 i\u00e7erisinde Demokrasi, \u0130nsan Haklar\u0131, Sivil Toplum, Siyasal Partiler ve Kat\u0131l\u0131m farkl\u0131 boyutlarda i\u015fleyi\u015fe dahil olmakta ve Politik K\u00fclt\u00fcr\u00fcn olu\u015fmas\u0131na katk\u0131 sa\u011flamaktad\u0131r. Daha da \u00f6zele indirgendi\u011finde politik k\u00fclt\u00fcr\u00fcn yan\u0131 s\u0131ra hem T\u00fcrkiye hem de d\u00fcnya \u00f6l\u00e7e\u011finde de\u011ferlendirebilece\u011fimiz farkl\u0131 B\u00fcrokrasi gelenekleri ve K\u00fcresel Siyaset tart\u0131\u015fmalar\u0131na ilaveten Ulus ve Milliyet\u00e7ili\u011fe bak\u0131\u015f a\u00e7\u0131lar\u0131n\u0131n da siyas\u00ee tarih yaz\u0131m\u0131nda \u00f6nemli rol oynad\u0131klar\u0131 g\u00f6r\u00fclecektir. Bu kitap, i\u00e7erdi\u011fi on \u00fc\u00e7 ana ba\u015fl\u0131kla Siyaset Bilimi alan\u0131na y\u00f6nelik temel bo\u015fluklar\u0131 dolduracak nitelikte bir araya getirilmi\u015f \u00e7e\u015fitli analizlerden olu\u015fmaktad\u0131r. K\u0131sa ve \u00f6zl\u00fc bir anlat\u0131m esas al\u0131narak \u201cSiyaset Bilimi\u201d dersini alan t\u00fcm \u00f6\u011frencilerin faydalanmas\u0131 ama\u00e7lanm\u0131\u015ft\u0131r. <\/p>\n","protected":false},"excerpt":{"rendered":"<p>Siyasete dair farkl\u0131 kavramsalla\u015ft\u0131rmalar bulunmakla birlikte Siyaset, \u00f6z\u00fcnde iki farkl\u0131 \u00e7izgiye \u0131\u015f\u0131k tutmaktad\u0131r. Bir y\u00f6n\u00fcyle \u00e7at\u0131\u015fma, di\u011fer y\u00f6n\u00fcyle de uzla\u015fma arac\u0131 olarak toplumsal ya\u015fam\u0131 olu\u015fturan t\u00fcm<span class=\"excerpt-hellip\"> [\u2026]<\/span><\/p>\n","protected":false},"featured_media":0,"template":"","meta":{"_monsterinsights_skip_tracking":false,"_monsterinsights_sitenote_active":false,"_monsterinsights_sitenote_note":"","_monsterinsights_sitenote_category":0},"product_brand":[],"product_cat":[13590,12337],"product_tag":[],"class_list":{"0":"post-764707","1":"product","2":"type-product","3":"status-publish","5":"product_cat-arastirma-inceleme-politika-siyaset","6":"product_cat-politika-siyaset","7":"pa_cilt-ciltsiz","8":"pa_tur-kitap","9":"pa_yayinevi-episteme-yayinlari","10":"pa_yazar-halis-cetin","12":"first","13":"instock","14":"sale","15":"shipping-taxable","16":"purchasable","17":"product-type-simple"},"_links":{"self":[{"href":"https:\/\/roveyayinevi.com.tr\/index.php\/wp-json\/wp\/v2\/product\/764707","targetHints":{"allow":["GET"]}}],"collection":[{"href":"https:\/\/roveyayinevi.com.tr\/index.php\/wp-json\/wp\/v2\/product"}],"about":[{"href":"https:\/\/roveyayinevi.com.tr\/index.php\/wp-json\/wp\/v2\/types\/product"}],"wp:attachment":[{"href":"https:\/\/roveyayinevi.com.tr\/index.php\/wp-json\/wp\/v2\/media?parent=764707"}],"wp:term":[{"taxonomy":"product_brand","embeddable":true,"href":"https:\/\/roveyayinevi.com.tr\/index.php\/wp-json\/wp\/v2\/product_brand?post=764707"},{"taxonomy":"product_cat","embeddable":true,"href":"https:\/\/roveyayinevi.com.tr\/index.php\/wp-json\/wp\/v2\/product_cat?post=764707"},{"taxonomy":"product_tag","embeddable":true,"href":"https:\/\/roveyayinevi.com.tr\/index.php\/wp-json\/wp\/v2\/product_tag?post=764707"}],"curies":[{"name":"wp","href":"https:\/\/api.w.org\/{rel}","templated":true}]}}