{"id":764706,"date":"2025-08-28T11:19:26","date_gmt":"2025-08-28T08:19:26","guid":{"rendered":"https:\/\/roveyayinevi.com.tr\/index.php\/urun\/tiranlik-uzerine\/"},"modified":"2026-04-15T03:30:26","modified_gmt":"2026-04-15T00:30:26","slug":"tiranlik-uzerine","status":"publish","type":"product","link":"https:\/\/roveyayinevi.com.tr\/index.php\/urun\/tiranlik-uzerine\/","title":{"rendered":"Tiranl\u0131k \u00dczerine"},"content":{"rendered":"<p>Timothy Snyder, fa\u015fizm \u00fczerine \u00e7al\u0131\u015fmalar\u0131yla tan\u0131nan bir tarih\u00e7i olarak Amerika&#8217;n\u0131n otoriterli\u011fe do\u011fru y\u00f6neli\u015fi kar\u015f\u0131s\u0131nda hayatta kalma ve direni\u015f i\u00e7in pratik bir rehber sunar. Tiranl\u0131k \u00dczerine: 20. Y\u00fczy\u0131l\u2019dan 20 Ders, ge\u00e7mi\u015f y\u00fczy\u0131l\u0131n zorluklar\u0131ndan al\u0131nacak derslerle 21. Y\u00fczy\u0131l\u2019a i\u00e7in umut ve yol g\u00f6sterici oluyor.   2016&#8217;n\u0131n 9 Kas\u0131m sabah\u0131, milyonlarca Amerikal\u0131 beklenmedik bir ger\u00e7ekle uyand\u0131: Donald Trump ba\u015fkan se\u00e7ilmi\u015fti. T\u00fcm tahminlerin aksine, tarihin en az sevilen adaylar\u0131ndan biri olan Trump, Se\u00e7iciler Kurulu\u2019nda zafer kazanm\u0131\u015ft\u0131. Demokratik norm ve kurumlar\u0131 a\u00e7\u0131k\u00e7a k\u00fc\u00e7\u00fcmseyen bir ki\u015fi, Amerika&#8217;da iktidar\u0131n en y\u00fcksek makam\u0131na ula\u015fm\u0131\u015ft\u0131.   Holokost \u00fczerine sayg\u0131n \u00e7al\u0131\u015fmalar\u0131yla tan\u0131nan Snyder, Kanl\u0131 Topraklar ve Kara Toprak kitaplar\u0131nda Hitler ve Stalin&#8217;in y\u00fckseli\u015fini ve bu liderlerin felaket getiren politikalar\u0131n\u0131 detayl\u0131 bir \u015fekilde incelemi\u015fti. Tiranl\u0131k \u00dczerine\u2019deyse, 20. Y\u00fczy\u0131l\u2019\u0131n zor zamanlar\u0131ndan \u00e7\u0131kar\u0131lan derslerle, 21. Y\u00fczy\u0131l i\u00e7in umut ve direni\u015f rehberi sunuyor. Snyder\u2019\u0131n s\u00f6yledi\u011fi gibi: &#8220;Amerikal\u0131lar, demokrasinin fa\u015fizm, Nazizm ve kom\u00fcnizme yenik d\u00fc\u015ft\u00fc\u011f\u00fcn\u00fc g\u00f6ren Avrupal\u0131lardan daha bilge de\u011fil. Tek avantaj\u0131m\u0131z, onlar\u0131n tecr\u00fcbelerinden ders alabilme \u015fans\u0131m\u0131z.&#8221;   Tiranl\u0131k \u00dczerine, \u00f6n\u00fcm\u00fczdeki belirsiz y\u0131llarda \u00f6zg\u00fcrl\u00fcklerimizi nas\u0131l koruyabilece\u011fimize dair \u00e7ok de\u011ferli fikirler i\u00e7eren entelekt\u00fcel bir silahlanma \u00e7a\u011fr\u0131s\u0131 ve direni\u015f rehberidir.       &#8220;Snyder, tarihi d\u00fc\u015f\u00fcnme bi\u00e7imini g\u00fcn\u00fcm\u00fcz\u00fcn siyas\u00ee sahnesine ustal\u0131kla yans\u0131t\u0131yor. &#8230; Bu sade c\u00fcmleler bize, siyas\u00ee direni\u015fin b\u00fcy\u00fck kahramanl\u0131k g\u00f6sterileriyle de\u011fil, sosyal beklentilere meydan okuma cesaretiyle ba\u015flad\u0131\u011f\u0131n\u0131 hat\u0131rlat\u0131yor.&#8221; \u2014Jeet Heer, The New Republic   &#8220;Direni\u015f literat\u00fcr\u00fc aras\u0131nda kesinlikle en etkileyici eser. &#8230; Anayasa kitap\u00e7\u0131\u011f\u0131n\u0131z\u0131n yan\u0131nda ta\u015f\u0131yabilece\u011finiz ince bu kitap neredeyse onun kadar hayat\u00ee bir \u00f6nem ta\u015f\u0131yor. &#8230; Hem ayd\u0131nlat\u0131c\u0131 hem de \u00fcrk\u00fct\u00fcc\u00fc. &#8230; Ge\u00e7mi\u015fin dersleriyle dolu ama bug\u00fcn\u00fcn zorluklar\u0131n\u0131 da g\u00f6zler \u00f6n\u00fcne seriyor.&#8221; \u2014Carlos Lozada, The Washington Post   &#8220;Trump\u2019\u0131n kas\u0131tl\u0131 cehaletine kar\u015f\u0131 m\u00fckemmel bir panzehir. &#8230; Bu k\u0131sa kitap, ge\u00e7en y\u00fczy\u0131ldan \u00f6\u011frenmemiz gereken her \u00f6nemli dersi hat\u0131rlatan ve unuttu\u011fumuz ger\u00e7ekleri g\u00f6zler \u00f6n\u00fcne seren k\u0131sa bir rehber.&#8221; \u2014Tim Adams, The Guardian   &#8220;Timothy Snyder, Tiranl\u0131k \u00dczerine kitab\u0131nda, az\u0131nl\u0131kta kalan bir partinin neredeyse mutlak g\u00fcce ula\u015fm\u0131\u015f oldu\u011funu ve bu nedenle halk\u0131n ger\u00e7ek iradesinin uyanmas\u0131ndan korktu\u011funu etkileyici ve korkutucu bir bi\u00e7imde anlat\u0131yor.&#8221; \u2014Adam Gopnik, The New Yorker   &#8220;Tam da ihtiyac\u0131m\u0131z olan manifesto. &#8230;  Snyder, denge ve denetleme sistemine sahip Amerikan siyasetinin illiberalizme veya otoriterli\u011fe yenik d\u00fc\u015febilece\u011fine inanamayan \u00e7o\u011fu vatanda\u015f\u0131n g\u00f6remedi\u011fi tehlikeli e\u011filimleri tespit ediyor&#8221; \u2014Darryl Holter, Los Angeles Review of Books   &#8220;Sars\u0131c\u0131. &#8230; Tiranl\u0131k \u00dczerine bir eylem \u00e7a\u011fr\u0131s\u0131. &#8230; Ak\u0131c\u0131 bir dille yaz\u0131lm\u0131\u015f, h\u0131zla okunabilen bir kitap.&#8221; \u2014Vox   &#8220;Tiranl\u0131k \u00dczerine okunmas\u0131 gereken bir kitap.&#8221; \u2014The Forward   &#8220;Snyder, ge\u00e7mi\u015fin en karanl\u0131k olaylar\u0131yla g\u00fcn\u00fcm\u00fcz\u00fcn tehditleri aras\u0131nda do\u011frudan bir ba\u011f kuruyor. &#8230; Tiranl\u0131k \u00dczerine&#8217;de Snyder, kar\u015f\u0131m\u0131zdaki tehdidin ciddiyetini vurgularken, umutsuzlu\u011fa kap\u0131lmadan m\u00fccadele etmenin yollar\u0131n\u0131 g\u00f6steriyor.&#8221; \u2014Jonathan Kirsch, Jewish Journal   &#8220;Fa\u015fizme h\u0131zla yakla\u015f\u0131yoruz. Bu Amerikal\u0131 yazar, bizi kendimizle y\u00fczle\u015fmeye zorluyor.&#8221; \u2014Svetlana Alexievich, Nobel Edebiyat \u00d6d\u00fcl\u00fc Sahibi   &#8220;Snyder, ge\u00e7mi\u015fle gelece\u011fi ola\u011fan\u00fcst\u00fc bir netlikle bir araya getiriyor. Bir solukta okunabilecek nadir kitaplardan biri, ama tekrar tekrar elinize al\u0131p okuyaca\u011f\u0131n\u0131z t\u00fcrden.&#8221; \u2014Masha Gessen, The Future is History kitab\u0131n\u0131n yazar\u0131   &#8220;Snyder bu konuda son derece yetkin. &#8230; \u2018Ger\u00e7ek sonras\u0131 (post-truth) fa\u015fizm \u00f6ncesidir\u2019 gibi ifadelerini okurken, \u00fclkenin \u015fu anki durumu hakk\u0131nda endi\u015fe duymamak elde de\u011fil. &#8230; Bu k\u0131sa kitab\u0131, bula\u015f\u0131c\u0131 bir hastal\u0131k hakk\u0131nda uyar\u0131 niteli\u011findeki bir bro\u015f\u00fcr gibi okuyun. Dikkatlice inceleyin ve belirtilere kar\u015f\u0131 tetikte olun.&#8221; \u2014Daniel W. Drezner, The New York Times Book Review <\/p>\n","protected":false},"excerpt":{"rendered":"<p>Timothy Snyder, fa\u015fizm \u00fczerine \u00e7al\u0131\u015fmalar\u0131yla tan\u0131nan bir tarih\u00e7i olarak Amerika&#8217;n\u0131n otoriterli\u011fe do\u011fru y\u00f6neli\u015fi kar\u015f\u0131s\u0131nda hayatta kalma ve direni\u015f i\u00e7in pratik bir rehber sunar. Tiranl\u0131k \u00dczerine: 20.<span class=\"excerpt-hellip\"> [\u2026]<\/span><\/p>\n","protected":false},"featured_media":0,"template":"","meta":{"_monsterinsights_skip_tracking":false,"_monsterinsights_sitenote_active":false,"_monsterinsights_sitenote_note":"","_monsterinsights_sitenote_category":0},"product_brand":[],"product_cat":[12337,14528],"product_tag":[],"class_list":{"0":"post-764706","1":"product","2":"type-product","3":"status-publish","5":"product_cat-politika-siyaset","6":"product_cat-siyaset-tarihi","7":"pa_cilt-ciltsiz","8":"pa_tur-kitap","9":"pa_yayinevi-serbest-kitaplar","10":"pa_yazar-timothy-snyder","12":"first","13":"instock","14":"sale","15":"shipping-taxable","16":"purchasable","17":"product-type-simple"},"_links":{"self":[{"href":"https:\/\/roveyayinevi.com.tr\/index.php\/wp-json\/wp\/v2\/product\/764706","targetHints":{"allow":["GET"]}}],"collection":[{"href":"https:\/\/roveyayinevi.com.tr\/index.php\/wp-json\/wp\/v2\/product"}],"about":[{"href":"https:\/\/roveyayinevi.com.tr\/index.php\/wp-json\/wp\/v2\/types\/product"}],"wp:attachment":[{"href":"https:\/\/roveyayinevi.com.tr\/index.php\/wp-json\/wp\/v2\/media?parent=764706"}],"wp:term":[{"taxonomy":"product_brand","embeddable":true,"href":"https:\/\/roveyayinevi.com.tr\/index.php\/wp-json\/wp\/v2\/product_brand?post=764706"},{"taxonomy":"product_cat","embeddable":true,"href":"https:\/\/roveyayinevi.com.tr\/index.php\/wp-json\/wp\/v2\/product_cat?post=764706"},{"taxonomy":"product_tag","embeddable":true,"href":"https:\/\/roveyayinevi.com.tr\/index.php\/wp-json\/wp\/v2\/product_tag?post=764706"}],"curies":[{"name":"wp","href":"https:\/\/api.w.org\/{rel}","templated":true}]}}