{"id":764703,"date":"2025-08-28T11:19:21","date_gmt":"2025-08-28T08:19:21","guid":{"rendered":"https:\/\/roveyayinevi.com.tr\/index.php\/urun\/iktisadi-hayatin-sosyolojisi\/"},"modified":"2026-04-15T03:30:26","modified_gmt":"2026-04-15T00:30:26","slug":"iktisadi-hayatin-sosyolojisi","status":"publish","type":"product","link":"https:\/\/roveyayinevi.com.tr\/index.php\/urun\/iktisadi-hayatin-sosyolojisi\/","title":{"rendered":"\u0130ktisadi Hayat\u0131n Sosyolojisi"},"content":{"rendered":"<p>\u0130ktisadi Hayat\u0131n Sosyolojisi, iktisadi eylemlerin sosyal ba\u011flamla nas\u0131l i\u00e7 i\u00e7e ge\u00e7ti\u011fini ve iktisadi s\u00fcre\u00e7lerin toplumsal yap\u0131larla nas\u0131l \u015fekillendi\u011fini anlamaya y\u00f6nelik derinlemesine bir ke\u015fif sunuyor. Mark Granovetter ve Richard Swedberg&#8217;in derledi\u011fi bu eser, iktisat ve sosyoloji disiplinlerini harmanlayarak, bireylerin ve kurumlar\u0131n iktisadi kararlar\u0131n\u0131 belirleyen sosyal a\u011flar\u0131, normlar\u0131 ve tarihsel ba\u011flamlar\u0131 inceliyor. Kitap, Granovetter\u2019in G\u00f6m\u00fcl\u00fcl\u00fck Teorisi ve sosyal a\u011flar \u00fczerine \u00e7\u0131\u011f\u0131r a\u00e7\u0131c\u0131 fikirleriyle, iktisadi davran\u0131\u015flar\u0131n bireysel de\u011fil, toplumsal dinamiklerle nas\u0131l bi\u00e7imlendi\u011fini g\u00f6zler \u00f6n\u00fcne seriyor. Ayr\u0131ca Pierre Bourdieu, Karl Polanyi ve Viviana Zelizer gibi iktisat sosyolojisinin literat\u00fcr\u00fcn\u00fc olu\u015fturan pek \u00e7ok ismin makalelerini i\u00e7eriyor.   \u201cBu derleme, kapsaml\u0131 ve sa\u011flam bir ara\u015ft\u0131rmaya dayanan materyalleri bir araya getirerek, iktisadi kurumlar ve bunlar\u0131n i\u015fleyi\u015fi \u00fczerine analizimizi zenginle\u015ftirmede faydal\u0131 olabilir.\u201d \u2013Kenneth Arrow   \u201c\u0130ktisadi ger\u00e7ekli\u011fe dair rekabet eden alg\u0131lar\u0131m\u0131z, bu kitapta geni\u015f kapsam\u0131n keskin analizlerle, uzun vadeli perspektifin ince zamanlamalarla yer de\u011fi\u015ftirdi\u011fi bir d\u00fczenlemeye kavu\u015fuyor. Uzmanlar bile bu sayfalarda beklenmedik hazineler bulacakt\u0131r.\u201d \u2013Harrison C. White <\/p>\n","protected":false},"excerpt":{"rendered":"<p>\u0130ktisadi Hayat\u0131n Sosyolojisi, iktisadi eylemlerin sosyal ba\u011flamla nas\u0131l i\u00e7 i\u00e7e ge\u00e7ti\u011fini ve iktisadi s\u00fcre\u00e7lerin toplumsal yap\u0131larla nas\u0131l \u015fekillendi\u011fini anlamaya y\u00f6nelik derinlemesine bir ke\u015fif sunuyor. Mark Granovetter<span class=\"excerpt-hellip\"> [\u2026]<\/span><\/p>\n","protected":false},"featured_media":0,"template":"","meta":{"_monsterinsights_skip_tracking":false,"_monsterinsights_sitenote_active":false,"_monsterinsights_sitenote_note":"","_monsterinsights_sitenote_category":0},"product_brand":[],"product_cat":[13043,14381],"product_tag":[],"class_list":{"0":"post-764703","1":"product","2":"type-product","3":"status-publish","5":"product_cat-ekonomi","6":"product_cat-isletme-muhasebe-maliye","7":"pa_cilt-ciltsiz","8":"pa_tur-kitap","9":"pa_yayinevi-alfa-yayinlari","10":"pa_yazar-mark-granovetter-richard-swedberg","12":"first","13":"instock","14":"sale","15":"shipping-taxable","16":"purchasable","17":"product-type-simple"},"_links":{"self":[{"href":"https:\/\/roveyayinevi.com.tr\/index.php\/wp-json\/wp\/v2\/product\/764703","targetHints":{"allow":["GET"]}}],"collection":[{"href":"https:\/\/roveyayinevi.com.tr\/index.php\/wp-json\/wp\/v2\/product"}],"about":[{"href":"https:\/\/roveyayinevi.com.tr\/index.php\/wp-json\/wp\/v2\/types\/product"}],"wp:attachment":[{"href":"https:\/\/roveyayinevi.com.tr\/index.php\/wp-json\/wp\/v2\/media?parent=764703"}],"wp:term":[{"taxonomy":"product_brand","embeddable":true,"href":"https:\/\/roveyayinevi.com.tr\/index.php\/wp-json\/wp\/v2\/product_brand?post=764703"},{"taxonomy":"product_cat","embeddable":true,"href":"https:\/\/roveyayinevi.com.tr\/index.php\/wp-json\/wp\/v2\/product_cat?post=764703"},{"taxonomy":"product_tag","embeddable":true,"href":"https:\/\/roveyayinevi.com.tr\/index.php\/wp-json\/wp\/v2\/product_tag?post=764703"}],"curies":[{"name":"wp","href":"https:\/\/api.w.org\/{rel}","templated":true}]}}