{"id":764697,"date":"2025-08-28T11:19:12","date_gmt":"2025-08-28T08:19:12","guid":{"rendered":"https:\/\/roveyayinevi.com.tr\/index.php\/urun\/zihinsel-antrenmanin-fiziksel-uygunluk-unsurlari-psikolojik-beceri-ve-psikofizyolojik-yanitlara-etkisi\/"},"modified":"2026-04-15T03:30:26","modified_gmt":"2026-04-15T00:30:26","slug":"zihinsel-antrenmanin-fiziksel-uygunluk-unsurlari-psikolojik-beceri-ve-psikofizyolojik-yanitlara-etkisi","status":"publish","type":"product","link":"https:\/\/roveyayinevi.com.tr\/index.php\/urun\/zihinsel-antrenmanin-fiziksel-uygunluk-unsurlari-psikolojik-beceri-ve-psikofizyolojik-yanitlara-etkisi\/","title":{"rendered":"Zihinsel Antrenman\u0131n Fiziksel Uygunluk Unsurlar\u0131, Psikolojik Beceri Ve Psikofizyolojik Yan\u0131tlara Etkisi"},"content":{"rendered":"<p>\u0130\u00e7indekiler :         G\u0130R\u0130\u015e         GENEL B\u0130LG\u0130LER         Y\u00d6NTEM         BULGULAR        TARTI\u015eMA        SONU\u00c7LAR <\/p>\n","protected":false},"excerpt":{"rendered":"<p>\u0130\u00e7indekiler : G\u0130R\u0130\u015e GENEL B\u0130LG\u0130LER Y\u00d6NTEM BULGULAR TARTI\u015eMA SONU\u00c7LAR<\/p>\n","protected":false},"featured_media":0,"template":"","meta":{"_monsterinsights_skip_tracking":false,"_monsterinsights_sitenote_active":false,"_monsterinsights_sitenote_note":"","_monsterinsights_sitenote_category":0},"product_brand":[],"product_cat":[13365],"product_tag":[],"class_list":{"0":"post-764697","1":"product","2":"type-product","3":"status-publish","5":"product_cat-saglik","6":"pa_cilt-ciltsiz","7":"pa_tur-kitap","8":"pa_yayinevi-gazi-kitabevi","9":"pa_yazar-ulkum-erdogan-yuce-ozcan-saygin","11":"first","12":"instock","13":"sale","14":"shipping-taxable","15":"purchasable","16":"product-type-simple"},"_links":{"self":[{"href":"https:\/\/roveyayinevi.com.tr\/index.php\/wp-json\/wp\/v2\/product\/764697","targetHints":{"allow":["GET"]}}],"collection":[{"href":"https:\/\/roveyayinevi.com.tr\/index.php\/wp-json\/wp\/v2\/product"}],"about":[{"href":"https:\/\/roveyayinevi.com.tr\/index.php\/wp-json\/wp\/v2\/types\/product"}],"wp:attachment":[{"href":"https:\/\/roveyayinevi.com.tr\/index.php\/wp-json\/wp\/v2\/media?parent=764697"}],"wp:term":[{"taxonomy":"product_brand","embeddable":true,"href":"https:\/\/roveyayinevi.com.tr\/index.php\/wp-json\/wp\/v2\/product_brand?post=764697"},{"taxonomy":"product_cat","embeddable":true,"href":"https:\/\/roveyayinevi.com.tr\/index.php\/wp-json\/wp\/v2\/product_cat?post=764697"},{"taxonomy":"product_tag","embeddable":true,"href":"https:\/\/roveyayinevi.com.tr\/index.php\/wp-json\/wp\/v2\/product_tag?post=764697"}],"curies":[{"name":"wp","href":"https:\/\/api.w.org\/{rel}","templated":true}]}}