{"id":764694,"date":"2025-08-28T11:19:08","date_gmt":"2025-08-28T08:19:08","guid":{"rendered":"https:\/\/roveyayinevi.com.tr\/index.php\/urun\/erken-cumhuriyet-doneminde-1923-1950-yoksullukla-mucadele-politikalari\/"},"modified":"2026-04-15T03:30:25","modified_gmt":"2026-04-15T00:30:25","slug":"erken-cumhuriyet-doneminde-1923-1950-yoksullukla-mucadele-politikalari","status":"publish","type":"product","link":"https:\/\/roveyayinevi.com.tr\/index.php\/urun\/erken-cumhuriyet-doneminde-1923-1950-yoksullukla-mucadele-politikalari\/","title":{"rendered":"Erken Cumhuriyet D\u00f6neminde (1923-1950) Yoksullukla M\u00fccadele Politikalar\u0131"},"content":{"rendered":"<p>T\u00fcrkiye Cumhuriyeti kuruldu\u011fu ilk andan itibaren yoksulluk sorunu ile kar\u015f\u0131la\u015fm\u0131\u015ft\u0131r. Osmanl\u0131\u2019n\u0131n son d\u00f6nemi ve d\u00fcnya genelinde ya\u015fanan bir\u00e7ok olumsuz durum T\u00fcrkiye\u2019de yoksullu\u011fun \u015fekillenmesinde \u00f6nemli etkenler olmu\u015ftur. Erken Cumhuriyet D\u00f6neminde (1923-1950) Osmanl\u0131 \u0130mparatorlu\u011fu\u2019nun son d\u00f6nemlerinde yap\u0131lan yoksullukla m\u00fccadele uygulamalar\u0131 yeni yasal d\u00fczenlemeler, yeni politik bak\u0131\u015f a\u00e7\u0131lar\u0131 ve yeni ekonomik yakla\u015f\u0131mlara dayal\u0131 olarak geli\u015ftirilmi\u015ftir. Mustafa Kemal ATAT\u00dcRK liderli\u011finde Erken Cumhuriyet D\u00f6neminde yoksullukla m\u00fccadele; Osmanl\u0131\u2019dan kalan kurum, kurulu\u015f ve di\u011fer yap\u0131lar\u0131n d\u00f6n\u00fc\u015ft\u00fcr\u00fclmesi ile ba\u015flam\u0131\u015f yeni politik \u00e7er\u00e7evede milletin egemenli\u011finin hakim k\u0131l\u0131nd\u0131\u011f\u0131 yap\u0131da cumhuriyet rejiminin ilkelerine uygun \u015fekilde geli\u015ftirilmi\u015ftir. T\u00fcrkiye\u2019de yoksullukla m\u00fccadelenin temel yakla\u015f\u0131m\u0131 ulusal stratejik planlar\u0131n uluslararas\u0131 i\u015f birli\u011fi ile desteklenerek cumhuriyet ilkelerine uygun bir \u015fekilde uygulanmas\u0131 \u015feklindedir. H\u00fcseyin  \u00c7OTUR, Do\u00e7. Dr. G\u00f6k\u00e7e CEREV <\/p>\n","protected":false},"excerpt":{"rendered":"<p>T\u00fcrkiye Cumhuriyeti kuruldu\u011fu ilk andan itibaren yoksulluk sorunu ile kar\u015f\u0131la\u015fm\u0131\u015ft\u0131r. Osmanl\u0131\u2019n\u0131n son d\u00f6nemi ve d\u00fcnya genelinde ya\u015fanan bir\u00e7ok olumsuz durum T\u00fcrkiye\u2019de yoksullu\u011fun \u015fekillenmesinde \u00f6nemli etkenler olmu\u015ftur.<span class=\"excerpt-hellip\"> [\u2026]<\/span><\/p>\n","protected":false},"featured_media":0,"template":"","meta":{"_monsterinsights_skip_tracking":false,"_monsterinsights_sitenote_active":false,"_monsterinsights_sitenote_note":"","_monsterinsights_sitenote_category":0},"product_brand":[],"product_cat":[13043],"product_tag":[],"class_list":{"0":"post-764694","1":"product","2":"type-product","3":"status-publish","5":"product_cat-ekonomi","6":"pa_cilt-ciltsiz","7":"pa_tur-kitap","8":"pa_yayinevi-astana-yayinlari","9":"pa_yazar-huseyin-cotur-doc-dr-gokce-cerev","11":"first","12":"instock","13":"sale","14":"shipping-taxable","15":"purchasable","16":"product-type-simple"},"_links":{"self":[{"href":"https:\/\/roveyayinevi.com.tr\/index.php\/wp-json\/wp\/v2\/product\/764694","targetHints":{"allow":["GET"]}}],"collection":[{"href":"https:\/\/roveyayinevi.com.tr\/index.php\/wp-json\/wp\/v2\/product"}],"about":[{"href":"https:\/\/roveyayinevi.com.tr\/index.php\/wp-json\/wp\/v2\/types\/product"}],"wp:attachment":[{"href":"https:\/\/roveyayinevi.com.tr\/index.php\/wp-json\/wp\/v2\/media?parent=764694"}],"wp:term":[{"taxonomy":"product_brand","embeddable":true,"href":"https:\/\/roveyayinevi.com.tr\/index.php\/wp-json\/wp\/v2\/product_brand?post=764694"},{"taxonomy":"product_cat","embeddable":true,"href":"https:\/\/roveyayinevi.com.tr\/index.php\/wp-json\/wp\/v2\/product_cat?post=764694"},{"taxonomy":"product_tag","embeddable":true,"href":"https:\/\/roveyayinevi.com.tr\/index.php\/wp-json\/wp\/v2\/product_tag?post=764694"}],"curies":[{"name":"wp","href":"https:\/\/api.w.org\/{rel}","templated":true}]}}