{"id":764693,"date":"2025-08-28T11:19:06","date_gmt":"2025-08-28T08:19:06","guid":{"rendered":"https:\/\/roveyayinevi.com.tr\/index.php\/urun\/pisagorun-matriksi\/"},"modified":"2026-04-15T03:30:25","modified_gmt":"2026-04-15T00:30:25","slug":"pisagorun-matriksi","status":"publish","type":"product","link":"https:\/\/roveyayinevi.com.tr\/index.php\/urun\/pisagorun-matriksi\/","title":{"rendered":"Pisagor&#8217;un Matriksi"},"content":{"rendered":"<p>Fikirsel uyar\u0131: Bu kitap bir biyografi kitab\u0131 de\u011fil, bir \u00f6\u011fretinin ve ilgin\u00e7 bir insan\u0131n tan\u0131m\u0131. Nas\u0131l m\u0131? O halde benimle gel, Sana 1, 1 anlatay\u0131m. Ve tabii 0, 0\u2019da..\u201cMavi hap\u0131 al\u0131rsan hikaye biter. Yata\u011f\u0131nda uyan\u0131rs\u0131n ve istedi\u011fin \u015feye inan\u0131rs\u0131n. K\u0131rm\u0131z\u0131 hap\u0131 al\u0131rsan harikalar diyar\u0131nda kal\u0131rs\u0131n. Ben de tav\u015fan deli\u011finin gitti\u011fi yerleri sana g\u00f6steririm.Sana vaadetti\u011fim tek \u015fey ger\u00e7ek; Fazlas\u0131 de\u011fil.&#8221;Morpheus \u2013 Matrix (1999)Se\u00e7imini yap; K\u0131rm\u0131z\u0131 hap m\u0131, mavi hap m\u0131?\u2019\u2019 <\/p>\n","protected":false},"excerpt":{"rendered":"<p>Fikirsel uyar\u0131: Bu kitap bir biyografi kitab\u0131 de\u011fil, bir \u00f6\u011fretinin ve ilgin\u00e7 bir insan\u0131n tan\u0131m\u0131. Nas\u0131l m\u0131? O halde benimle gel, Sana 1, 1 anlatay\u0131m. Ve<span class=\"excerpt-hellip\"> [\u2026]<\/span><\/p>\n","protected":false},"featured_media":0,"template":"","meta":{"_monsterinsights_skip_tracking":false,"_monsterinsights_sitenote_active":false,"_monsterinsights_sitenote_note":"","_monsterinsights_sitenote_category":0},"product_brand":[],"product_cat":[12777,12291],"product_tag":[],"class_list":{"0":"post-764693","1":"product","2":"type-product","3":"status-publish","5":"product_cat-deneme","6":"product_cat-edebiyat","7":"pa_cilt-ciltsiz","8":"pa_tur-kitap","9":"pa_yayinevi-omca-yayinlari","10":"pa_yazar-i-gokhan-durmaz","12":"first","13":"instock","14":"sale","15":"shipping-taxable","16":"purchasable","17":"product-type-simple"},"_links":{"self":[{"href":"https:\/\/roveyayinevi.com.tr\/index.php\/wp-json\/wp\/v2\/product\/764693","targetHints":{"allow":["GET"]}}],"collection":[{"href":"https:\/\/roveyayinevi.com.tr\/index.php\/wp-json\/wp\/v2\/product"}],"about":[{"href":"https:\/\/roveyayinevi.com.tr\/index.php\/wp-json\/wp\/v2\/types\/product"}],"wp:attachment":[{"href":"https:\/\/roveyayinevi.com.tr\/index.php\/wp-json\/wp\/v2\/media?parent=764693"}],"wp:term":[{"taxonomy":"product_brand","embeddable":true,"href":"https:\/\/roveyayinevi.com.tr\/index.php\/wp-json\/wp\/v2\/product_brand?post=764693"},{"taxonomy":"product_cat","embeddable":true,"href":"https:\/\/roveyayinevi.com.tr\/index.php\/wp-json\/wp\/v2\/product_cat?post=764693"},{"taxonomy":"product_tag","embeddable":true,"href":"https:\/\/roveyayinevi.com.tr\/index.php\/wp-json\/wp\/v2\/product_tag?post=764693"}],"curies":[{"name":"wp","href":"https:\/\/api.w.org\/{rel}","templated":true}]}}