{"id":764692,"date":"2025-08-28T11:19:04","date_gmt":"2025-08-28T08:19:04","guid":{"rendered":"https:\/\/roveyayinevi.com.tr\/index.php\/urun\/islam-hukukunda-faiz-yasaginin-gerekcesi\/"},"modified":"2026-04-15T03:30:25","modified_gmt":"2026-04-15T00:30:25","slug":"islam-hukukunda-faiz-yasaginin-gerekcesi","status":"publish","type":"product","link":"https:\/\/roveyayinevi.com.tr\/index.php\/urun\/islam-hukukunda-faiz-yasaginin-gerekcesi\/","title":{"rendered":"\u0130slam Hukukunda Faiz Yasa\u011f\u0131n\u0131n Gerek\u00e7esi"},"content":{"rendered":"<p>Bu \u00e7al\u0131\u015fman\u0131n konusu faizin yasak olu\u015f gerek\u00e7esini ortaya \u00e7\u0131karmakt\u0131r. Bu konu \u00fczerinde \u00e7al\u0131\u015fmam\u0131n amac\u0131 ise faizin hangi mallarda ve hangi \u015fartlarda ger\u00e7ekle\u015fti\u011fini tespit ederek, pratikte faiz kavram\u0131n\u0131n daha iyi anla\u015f\u0131lmas\u0131na katk\u0131da bulunmakt\u0131r. Zira bu konu \u0130sl\u00e2m Ticaret Hukukunda \u00fczerinde en yo\u011fun tart\u0131\u015fmalar\u0131n ya\u015fand\u0131\u011f\u0131 meselelerden birisidir. Bu itibarla, faiz illetinin ayd\u0131nlanmas\u0131 bak\u0131m\u0131ndan konunun ilgi \u00e7ekici oldu\u011funu s\u00f6ylemek m\u00fcmk\u00fcnd\u00fcr. \u00c7al\u0131\u015fmada giri\u015f ve faizin tarih\u00e7esi b\u00f6l\u00fcmlerinden sonra konunun daha iyi anla\u015f\u0131labilmesi i\u00e7in \u00f6ncelikle faiz illetinin \u00fczerine bina edildi\u011fi mal, para ve illet konular\u0131nda bilgiler verilmi\u015f, sonra da \u0130sl\u00e2m Hukukuna g\u00f6re faiz, faiz \u00e7e\u015fitleri ve faiz illetinin dayand\u0131r\u0131ld\u0131\u011f\u0131 ayet ve hadisler hakk\u0131nda a\u00e7\u0131klamalarda bulunulmu\u015ftur. \u00c7al\u0131\u015fman\u0131n esas\u0131n\u0131 ise, \u0130sl\u00e2m Hukuk Mezheplerinde faizin yasa\u011f\u0131n\u0131n gerek\u00e7esi yani illeti ile faizin gerek\u00e7esi konusundaki g\u00f6r\u00fc\u015flerin de\u011ferlendirilmesi b\u00f6l\u00fcmleri te\u015fkil etmektedir. Bu b\u00f6l\u00fcmde faizin illeti konusundaki mezheplerin g\u00f6r\u00fc\u015fleri ile eski ve yeni di\u011fer t\u00fcm g\u00f6r\u00fc\u015fler birinci el kaynaklardan imkan dahilinde tetkik edilerek geni\u015f\u00e7e izah edilmi\u015f, arkas\u0131ndan bu g\u00f6r\u00fc\u015fler hakk\u0131ndaki tenkit ve de\u011ferlendirmelere yer verilerek faizin hangi mal ve muamelelerde ger\u00e7ekle\u015fece\u011fi hususunda fikir verilmeye \u00e7al\u0131\u015f\u0131lm\u0131\u015ft\u0131r. <\/p>\n","protected":false},"excerpt":{"rendered":"<p>Bu \u00e7al\u0131\u015fman\u0131n konusu faizin yasak olu\u015f gerek\u00e7esini ortaya \u00e7\u0131karmakt\u0131r. Bu konu \u00fczerinde \u00e7al\u0131\u015fmam\u0131n amac\u0131 ise faizin hangi mallarda ve hangi \u015fartlarda ger\u00e7ekle\u015fti\u011fini tespit ederek, pratikte faiz<span class=\"excerpt-hellip\"> [\u2026]<\/span><\/p>\n","protected":false},"featured_media":0,"template":"","meta":{"_monsterinsights_skip_tracking":false,"_monsterinsights_sitenote_active":false,"_monsterinsights_sitenote_note":"","_monsterinsights_sitenote_category":0},"product_brand":[],"product_cat":[13036,12718,12719],"product_tag":[],"class_list":{"0":"post-764692","1":"product","2":"type-product","3":"status-publish","5":"product_cat-arastirma-inceleme-islam","6":"product_cat-din","7":"product_cat-islam","8":"pa_cilt-ciltsiz","9":"pa_tur-kitap","10":"pa_yayinevi-astana-yayinlari","11":"pa_yazar-doc-dr-alpaslan-alkis","13":"first","14":"instock","15":"sale","16":"shipping-taxable","17":"purchasable","18":"product-type-simple"},"_links":{"self":[{"href":"https:\/\/roveyayinevi.com.tr\/index.php\/wp-json\/wp\/v2\/product\/764692","targetHints":{"allow":["GET"]}}],"collection":[{"href":"https:\/\/roveyayinevi.com.tr\/index.php\/wp-json\/wp\/v2\/product"}],"about":[{"href":"https:\/\/roveyayinevi.com.tr\/index.php\/wp-json\/wp\/v2\/types\/product"}],"wp:attachment":[{"href":"https:\/\/roveyayinevi.com.tr\/index.php\/wp-json\/wp\/v2\/media?parent=764692"}],"wp:term":[{"taxonomy":"product_brand","embeddable":true,"href":"https:\/\/roveyayinevi.com.tr\/index.php\/wp-json\/wp\/v2\/product_brand?post=764692"},{"taxonomy":"product_cat","embeddable":true,"href":"https:\/\/roveyayinevi.com.tr\/index.php\/wp-json\/wp\/v2\/product_cat?post=764692"},{"taxonomy":"product_tag","embeddable":true,"href":"https:\/\/roveyayinevi.com.tr\/index.php\/wp-json\/wp\/v2\/product_tag?post=764692"}],"curies":[{"name":"wp","href":"https:\/\/api.w.org\/{rel}","templated":true}]}}