{"id":764689,"date":"2025-08-28T11:18:58","date_gmt":"2025-08-28T08:18:58","guid":{"rendered":"https:\/\/roveyayinevi.com.tr\/index.php\/urun\/denemeye-deger\/"},"modified":"2026-04-15T03:30:25","modified_gmt":"2026-04-15T00:30:25","slug":"denemeye-deger","status":"publish","type":"product","link":"https:\/\/roveyayinevi.com.tr\/index.php\/urun\/denemeye-deger\/","title":{"rendered":"Deneme\u2019ye De\u011fer"},"content":{"rendered":"<p>Hayat, her g\u00fcn yeniden ba\u015flayan bir yar\u0131\u015f belki, basit kurallar\u0131 olan: Ya \u00f6n\u00fcne bakar ilerlersin ya da arkana bakar t\u00f6kezlersin! Ya d\u00fc\u015ft\u00fc\u011f\u00fcnde kalkars\u0131n ya da nafile kurtar\u0131c\u0131 beklersin. Ya pes edersin ya da son ana kadar sava\u015f\u0131rs\u0131n. Ya kaderine k\u00fcfredersin ya da kaderini kendin \u00e7izersin. Ya karalar ba\u011flars\u0131n ya da umudunu hi\u00e7 kaybetmezsin. Ya G\u00fcne\u015f batt\u0131 diye \u00fcz\u00fcl\u00fcrs\u00fcn ya da yar\u0131n yine do\u011facak diye sevinirsin. Ya hayata g\u00fcl\u00fcmsersin ya da baht\u0131na \u00e7\u0131kana raz\u0131 olursun. Ya ge\u00e7mi\u015ften ders al\u0131rs\u0131n ya da maziye tak\u0131l\u0131r kal\u0131rs\u0131n. Ya sen olursun ya da g\u00f6lgelerde kaybolursun. Ya ayn\u0131 \u00e7\u0131kmaz yoldan gitmeye devam edersin ya da inad\u0131 b\u0131rak\u0131p yeni bir yol denersin. Ya akl\u0131n\u0131 kullan\u0131r \u00f6zg\u00fcrl\u00fc\u011fe kavu\u015fursun ya da k\u0131s\u0131r bir d\u00f6ng\u00fcde hapsolursun. Ya her g\u00fcn yeni bir umut dersin ya da hep ayn\u0131 \u015feyler diye kendi kendini yersin. Ya ayd\u0131nl\u0131\u011f\u0131 se\u00e7ersin ya da g\u00fcpeg\u00fcnd\u00fcz karanl\u0131k yollardan ge\u00e7ersin.   Ve durmaks\u0131z\u0131n kar\u015f\u0131m\u0131za \u00e7\u0131kt\u0131\u011f\u0131 h\u00e2lde, hep g\u00f6z ard\u0131 etti\u011fimiz ger\u00e7ek: \u201cYa denersin ya da deneyenleri seyretmeye devam edersin.\u201d   Felsef\u00ee bir bak\u0131\u015f a\u00e7\u0131s\u0131yla harmanlanm\u0131\u015f denemelerin yer buldu\u011fu bu m\u00fcstesna kitap, okuyucular\u0131, \u201cdo\u011fru rota ile yeni ufuklara\u201d giden d\u00fc\u015f\u00fcnsel bir yolculu\u011fa kat\u0131lmaya davet ediyor. <\/p>\n","protected":false},"excerpt":{"rendered":"<p>Hayat, her g\u00fcn yeniden ba\u015flayan bir yar\u0131\u015f belki, basit kurallar\u0131 olan: Ya \u00f6n\u00fcne bakar ilerlersin ya da arkana bakar t\u00f6kezlersin! Ya d\u00fc\u015ft\u00fc\u011f\u00fcnde kalkars\u0131n ya da nafile<span class=\"excerpt-hellip\"> [\u2026]<\/span><\/p>\n","protected":false},"featured_media":0,"template":"","meta":{"_monsterinsights_skip_tracking":false,"_monsterinsights_sitenote_active":false,"_monsterinsights_sitenote_note":"","_monsterinsights_sitenote_category":0},"product_brand":[],"product_cat":[12777,12291],"product_tag":[],"class_list":{"0":"post-764689","1":"product","2":"type-product","3":"status-publish","5":"product_cat-deneme","6":"product_cat-edebiyat","7":"pa_cilt-ciltsiz","8":"pa_tur-kitap","9":"pa_yayinevi-kaptan-kitap","10":"pa_yazar-hakan-karci","12":"first","13":"instock","14":"sale","15":"shipping-taxable","16":"purchasable","17":"product-type-simple"},"_links":{"self":[{"href":"https:\/\/roveyayinevi.com.tr\/index.php\/wp-json\/wp\/v2\/product\/764689","targetHints":{"allow":["GET"]}}],"collection":[{"href":"https:\/\/roveyayinevi.com.tr\/index.php\/wp-json\/wp\/v2\/product"}],"about":[{"href":"https:\/\/roveyayinevi.com.tr\/index.php\/wp-json\/wp\/v2\/types\/product"}],"wp:attachment":[{"href":"https:\/\/roveyayinevi.com.tr\/index.php\/wp-json\/wp\/v2\/media?parent=764689"}],"wp:term":[{"taxonomy":"product_brand","embeddable":true,"href":"https:\/\/roveyayinevi.com.tr\/index.php\/wp-json\/wp\/v2\/product_brand?post=764689"},{"taxonomy":"product_cat","embeddable":true,"href":"https:\/\/roveyayinevi.com.tr\/index.php\/wp-json\/wp\/v2\/product_cat?post=764689"},{"taxonomy":"product_tag","embeddable":true,"href":"https:\/\/roveyayinevi.com.tr\/index.php\/wp-json\/wp\/v2\/product_tag?post=764689"}],"curies":[{"name":"wp","href":"https:\/\/api.w.org\/{rel}","templated":true}]}}