{"id":764686,"date":"2025-08-28T11:18:51","date_gmt":"2025-08-28T08:18:51","guid":{"rendered":"https:\/\/roveyayinevi.com.tr\/index.php\/urun\/heterodoks-iktisat-kavramlarinin-ogretilmesi\/"},"modified":"2026-04-15T03:30:25","modified_gmt":"2026-04-15T00:30:25","slug":"heterodoks-iktisat-kavramlarinin-ogretilmesi","status":"publish","type":"product","link":"https:\/\/roveyayinevi.com.tr\/index.php\/urun\/heterodoks-iktisat-kavramlarinin-ogretilmesi\/","title":{"rendered":"Heterodoks \u0130ktisat Kavramlar\u0131n\u0131n \u00d6\u011fretilmesi"},"content":{"rendered":"<p>Lisans d\u00fczeyindeki iktisat \u00f6\u011fretiminde, \u00e7a\u011fda\u015f ekonominin (g\u00fcn\u00fcm\u00fcz kapitalizminin) durumunu a\u00e7\u0131klamada yetersiz kalan bir e\u011fitim program\u0131 kullan\u0131lmaktad\u0131r. Bu durum, sadece T\u00fcrkiye\u2019deki \u00fcniversiteler i\u00e7in de\u011fil, birka\u00e7 istisna d\u0131\u015f\u0131nda d\u00fcnyadaki b\u00fct\u00fcn \u00fcniversiteler i\u00e7in ge\u00e7erlidir. Bunun \u00e7e\u015fitli sebepleri vard\u0131r: e\u011fitimin g\u00fc\u00e7 ili\u015fkileriyle do\u011frudan ba\u011flant\u0131s\u0131, e\u011fitim verenin \u00f6\u011fretimin i\u00e7eri\u011fini de\u011fi\u015ftirmekten tembellik ya da bilgi yetersizli\u011fi nedeniyle ka\u00e7\u0131nmas\u0131, ayr\u0131ks\u0131 bir \u00f6\u011fretim i\u00e7eri\u011finin \u00f6\u011frencilere fayda sa\u011flamayaca\u011f\u0131n\u0131n d\u00fc\u015f\u00fcn\u00fclmesi bu sebeplerden baz\u0131lar\u0131d\u0131r.   \u201cAnaak\u0131m\u201d iktisat olarak adland\u0131r\u0131lan ve iktisad\u0131n tamam\u0131n\u0131 temsil etmeyen bir bak\u0131\u015f a\u00e7\u0131s\u0131n\u0131n, belirli y\u00f6ntem ve varsay\u0131mlar tekelinin bir \u00fcr\u00fcn\u00fc olan bu e\u011fitim program\u0131n\u0131n \u00e7o\u011fulcu bir yakla\u015f\u0131m\u0131 temel alarak de\u011fi\u015ftirilmesi elzemdir. Zira bu e\u011fitim program\u0131, e\u011fitenleri ve e\u011fitilenleri bir \u00e7e\u015fit bilimsel k\u00f6rl\u00fc\u011fe iter, ger\u00e7eklik ya da var olan ko\u015fullar anaak\u0131m iktisad\u0131n y\u00f6ntem ve varsay\u0131mlar\u0131na sad\u0131k kalarak kavranmaya, a\u00e7\u0131klanmaya \u00e7al\u0131\u015f\u0131l\u0131r.   Bu \u00e7al\u0131\u015fma, ilgili bilimsel k\u00f6rl\u00fc\u011f\u00fc ortadan kald\u0131racak \u00fc\u00e7 farkl\u0131 program \u00f6nerisi sunmakta: Ortodoks Bir Mod\u00fcl\u00fc Zenginle\u015ftirmek Alternatif Bir D\u00fc\u015f\u00fcnce Sistemine Odaklanan Bir Mod\u00fcl Olu\u015fturmak Ortodoks ve Heterodoks \u0130ktisad\u0131 Paralel Olarak \u00d6\u011fretmek   <\/p>\n","protected":false},"excerpt":{"rendered":"<p>Lisans d\u00fczeyindeki iktisat \u00f6\u011fretiminde, \u00e7a\u011fda\u015f ekonominin (g\u00fcn\u00fcm\u00fcz kapitalizminin) durumunu a\u00e7\u0131klamada yetersiz kalan bir e\u011fitim program\u0131 kullan\u0131lmaktad\u0131r. Bu durum, sadece T\u00fcrkiye\u2019deki \u00fcniversiteler i\u00e7in de\u011fil, birka\u00e7 istisna d\u0131\u015f\u0131nda<span class=\"excerpt-hellip\"> [\u2026]<\/span><\/p>\n","protected":false},"featured_media":0,"template":"","meta":{"_monsterinsights_skip_tracking":false,"_monsterinsights_sitenote_active":false,"_monsterinsights_sitenote_note":"","_monsterinsights_sitenote_category":0},"product_brand":[],"product_cat":[13043],"product_tag":[],"class_list":{"0":"post-764686","1":"product","2":"type-product","3":"status-publish","5":"product_cat-ekonomi","6":"pa_cilt-ciltsiz","7":"pa_tur-kitap","8":"pa_yayinevi-heretik-yayincilik","9":"pa_yazar-anrdew-mearman","11":"first","12":"instock","13":"sale","14":"shipping-taxable","15":"purchasable","16":"product-type-simple"},"_links":{"self":[{"href":"https:\/\/roveyayinevi.com.tr\/index.php\/wp-json\/wp\/v2\/product\/764686","targetHints":{"allow":["GET"]}}],"collection":[{"href":"https:\/\/roveyayinevi.com.tr\/index.php\/wp-json\/wp\/v2\/product"}],"about":[{"href":"https:\/\/roveyayinevi.com.tr\/index.php\/wp-json\/wp\/v2\/types\/product"}],"wp:attachment":[{"href":"https:\/\/roveyayinevi.com.tr\/index.php\/wp-json\/wp\/v2\/media?parent=764686"}],"wp:term":[{"taxonomy":"product_brand","embeddable":true,"href":"https:\/\/roveyayinevi.com.tr\/index.php\/wp-json\/wp\/v2\/product_brand?post=764686"},{"taxonomy":"product_cat","embeddable":true,"href":"https:\/\/roveyayinevi.com.tr\/index.php\/wp-json\/wp\/v2\/product_cat?post=764686"},{"taxonomy":"product_tag","embeddable":true,"href":"https:\/\/roveyayinevi.com.tr\/index.php\/wp-json\/wp\/v2\/product_tag?post=764686"}],"curies":[{"name":"wp","href":"https:\/\/api.w.org\/{rel}","templated":true}]}}