{"id":764685,"date":"2025-08-28T11:18:49","date_gmt":"2025-08-28T08:18:49","guid":{"rendered":"https:\/\/roveyayinevi.com.tr\/index.php\/urun\/ismiyle-musemma\/"},"modified":"2026-04-15T03:30:25","modified_gmt":"2026-04-15T00:30:25","slug":"ismiyle-musemma","status":"publish","type":"product","link":"https:\/\/roveyayinevi.com.tr\/index.php\/urun\/ismiyle-musemma\/","title":{"rendered":"\u0130smiyle M\u00fcsemma"},"content":{"rendered":"<p>G\u00fcn\u00fcm\u00fczde dostlu\u011fun, anlam aray\u0131\u015f\u0131n\u0131n, yola \u00e7\u0131kma ve kendini anlama cesaretinin ne denli k\u0131ymetli oldu\u011funu \u00e7arp\u0131c\u0131 bir dille anlatan \u0130smiyle M\u00fcsemma, okuyucuya sundu\u011fu s\u00fcrprizlerle hayatta hi\u00e7bir \u015feyin tesad\u00fcf olmad\u0131\u011f\u0131n\u0131, bunun evrenin m\u00fcthi\u015f matematiksel kurgusu oldu\u011funu g\u00f6zler \u00f6n\u00fcne seriyor. Bug\u00fcn art\u0131k 70 ya\u015f\u0131na gelmi\u015f 50 y\u0131ll\u0131k iki kadim dostun ya\u015fam \u00f6yk\u00fclerini merkeze alarak sunan romanda, arkada\u015flar\u0131 ve aileleriyle olan ili\u015fkileri, her birinin ya\u015fam\u0131nda i\u00e7inden ge\u00e7tikleri ac\u0131 tatl\u0131 deneyimleri, okuru k\u00e2h El Camino De Santiago Yolu\u2019na, k\u00e2h Yunanistan Meteora\u2019ya, k\u00e2h Peru\u2019ya ve d\u00fcnyan\u0131n pek \u00e7ok farkl\u0131 k\u00f6\u015fesine g\u00f6t\u00fcrerek anlat\u0131l\u0131yor. \u0130smiyle M\u00fcsemma, yazar\u0131n tek ba\u015f\u0131na motosikletiyle yapt\u0131\u011f\u0131 72 bin kilometreyi a\u015fan yolculuklar\u0131nda, pek \u00e7ok zirve t\u0131rman\u0131\u015f\u0131nda ve kamplarda; g\u00f6rd\u00fc\u011f\u00fc, dinledi\u011fi, tan\u0131kl\u0131k edip ya\u015fad\u0131klar\u0131yla beraber ilham ald\u0131\u011f\u0131 insanlar\u0131n kelimelere d\u00f6k\u00fcl\u00fcp, v\u00fccut bulmu\u015f h\u00e2li.<\/p>\n","protected":false},"excerpt":{"rendered":"<p>G\u00fcn\u00fcm\u00fczde dostlu\u011fun, anlam aray\u0131\u015f\u0131n\u0131n, yola \u00e7\u0131kma ve kendini anlama cesaretinin ne denli k\u0131ymetli oldu\u011funu \u00e7arp\u0131c\u0131 bir dille anlatan \u0130smiyle M\u00fcsemma, okuyucuya sundu\u011fu s\u00fcrprizlerle hayatta hi\u00e7bir \u015feyin<span class=\"excerpt-hellip\"> [\u2026]<\/span><\/p>\n","protected":false},"featured_media":0,"template":"","meta":{"_monsterinsights_skip_tracking":false,"_monsterinsights_sitenote_active":false,"_monsterinsights_sitenote_note":"","_monsterinsights_sitenote_category":0},"product_brand":[],"product_cat":[12291,12711],"product_tag":[],"class_list":{"0":"post-764685","1":"product","2":"type-product","3":"status-publish","5":"product_cat-edebiyat","6":"product_cat-roman-oyku","7":"pa_cilt-ciltsiz","8":"pa_tur-kitap","9":"pa_yayinevi-feniks-yayinlari","10":"pa_yazar-didem-bekem","12":"first","13":"instock","14":"sale","15":"shipping-taxable","16":"purchasable","17":"product-type-simple"},"_links":{"self":[{"href":"https:\/\/roveyayinevi.com.tr\/index.php\/wp-json\/wp\/v2\/product\/764685","targetHints":{"allow":["GET"]}}],"collection":[{"href":"https:\/\/roveyayinevi.com.tr\/index.php\/wp-json\/wp\/v2\/product"}],"about":[{"href":"https:\/\/roveyayinevi.com.tr\/index.php\/wp-json\/wp\/v2\/types\/product"}],"wp:attachment":[{"href":"https:\/\/roveyayinevi.com.tr\/index.php\/wp-json\/wp\/v2\/media?parent=764685"}],"wp:term":[{"taxonomy":"product_brand","embeddable":true,"href":"https:\/\/roveyayinevi.com.tr\/index.php\/wp-json\/wp\/v2\/product_brand?post=764685"},{"taxonomy":"product_cat","embeddable":true,"href":"https:\/\/roveyayinevi.com.tr\/index.php\/wp-json\/wp\/v2\/product_cat?post=764685"},{"taxonomy":"product_tag","embeddable":true,"href":"https:\/\/roveyayinevi.com.tr\/index.php\/wp-json\/wp\/v2\/product_tag?post=764685"}],"curies":[{"name":"wp","href":"https:\/\/api.w.org\/{rel}","templated":true}]}}