{"id":764680,"date":"2025-08-28T11:18:42","date_gmt":"2025-08-28T08:18:42","guid":{"rendered":"https:\/\/roveyayinevi.com.tr\/index.php\/urun\/romanin-afrikali-imparatoru-septimius-severus\/"},"modified":"2026-04-15T03:30:25","modified_gmt":"2026-04-15T00:30:25","slug":"romanin-afrikali-imparatoru-septimius-severus","status":"publish","type":"product","link":"https:\/\/roveyayinevi.com.tr\/index.php\/urun\/romanin-afrikali-imparatoru-septimius-severus\/","title":{"rendered":"Roma\u2019n\u0131n Afrikal\u0131 \u0130mparatoru Septimius Severus"},"content":{"rendered":"<p>Bu kitap, M.S. 193 y\u0131l\u0131nda Yukar\u0131 Pannonia Eyaleti valisiyken isyan eden, emrindeki lejyonlar\u0131 taraf\u0131ndan imparator ilan edilerek ba\u015fkent Roma&#8217;daki imparatorluk taht\u0131na oturtulan Septimius Severus&#8217;un, do\u011fdu\u011fu kentin tarihinden ba\u015flayarak ya\u015fam\u0131n\u0131 ve d\u00f6neminin Roma tarihini anlatmaktad\u0131r.     Kitap yedi b\u00f6l\u00fcmden olu\u015fmaktad\u0131r. Birinci b\u00f6l\u00fcmde, Septimius Severus&#8217;un do\u011fdu\u011fu kent olan Leptis Magna&#8217;n\u0131n tarihi; ikinci b\u00f6l\u00fcmde, Leptis Magnal\u0131 Septimius ailesi, Septimius Severus&#8217;un imparator olmadan \u00f6nceki ya\u015fam\u0131; \u00fc\u00e7\u00fcnc\u00fc b\u00f6l\u00fcmde, imparatorluk taht\u0131n\u0131 elde etmek i\u00e7in Pannonia&#8217;da ba\u015flatt\u0131\u011f\u0131 isyan\u0131 ile imparator olarak ba\u015fkent Roma&#8217;da bulundu\u011fu bir ayl\u0131k s\u00fcre; d\u00f6rd\u00fcnc\u00fc b\u00f6l\u00fcmde, 193-197 y\u0131llar\u0131 aras\u0131ndaki \u0130\u00e7 Sava\u015f D\u00f6nemi; be\u015finci b\u00f6l\u00fcmde, \u0130mparator Septimius Severus&#8217;un \u0130kinci Do\u011fu Seferi, Parth Sava\u015f\u0131 ve M\u0131s\u0131r gezisi, alt\u0131nc\u0131 b\u00f6l\u00fcmde, Septimius Severus&#8217;un 202-208 y\u0131llar\u0131 aras\u0131ndaki ya\u015fam\u0131 yer almaktad\u0131r. Yedinci b\u00f6l\u00fcmde, imparatorun Britanya&#8217;ya yapt\u0131\u011f\u0131 seferi, \u00f6l\u00fcm\u00fc ve ard\u0131llar\u0131 konu edilmektedir.      Roma \u0130mparatoru Septimius Severus&#8217;un ya\u015fam\u0131 ve d\u00f6neminin tarihi konusunda T\u00fcrkiye&#8217;de T\u00fcrk\u00e7e yaz\u0131lm\u0131\u015f ilk kitapt\u0131r. Bu nedenle hem Roma tarihi konusunda akademik d\u00fczeyde ara\u015ft\u0131rma yapanlar hem de amat\u00f6r olarak ilgi duyanlar i\u00e7in yararl\u0131 bir kaynak niteli\u011findedir. <\/p>\n","protected":false},"excerpt":{"rendered":"<p>Bu kitap, M.S. 193 y\u0131l\u0131nda Yukar\u0131 Pannonia Eyaleti valisiyken isyan eden, emrindeki lejyonlar\u0131 taraf\u0131ndan imparator ilan edilerek ba\u015fkent Roma&#8217;daki imparatorluk taht\u0131na oturtulan Septimius Severus&#8217;un, do\u011fdu\u011fu kentin<span class=\"excerpt-hellip\"> [\u2026]<\/span><\/p>\n","protected":false},"featured_media":0,"template":"","meta":{"_monsterinsights_skip_tracking":false,"_monsterinsights_sitenote_active":false,"_monsterinsights_sitenote_note":"","_monsterinsights_sitenote_category":0},"product_brand":[],"product_cat":[13946,12304],"product_tag":[],"class_list":{"0":"post-764680","1":"product","2":"type-product","3":"status-publish","5":"product_cat-biyografi-otobiyografi","6":"product_cat-tarih","7":"pa_cilt-ciltsiz","8":"pa_tur-kitap","9":"pa_yayinevi-bilge-kultur-sanat","10":"pa_yazar-mehmet-ali-kaya","12":"first","13":"instock","14":"sale","15":"shipping-taxable","16":"purchasable","17":"product-type-simple"},"_links":{"self":[{"href":"https:\/\/roveyayinevi.com.tr\/index.php\/wp-json\/wp\/v2\/product\/764680","targetHints":{"allow":["GET"]}}],"collection":[{"href":"https:\/\/roveyayinevi.com.tr\/index.php\/wp-json\/wp\/v2\/product"}],"about":[{"href":"https:\/\/roveyayinevi.com.tr\/index.php\/wp-json\/wp\/v2\/types\/product"}],"wp:attachment":[{"href":"https:\/\/roveyayinevi.com.tr\/index.php\/wp-json\/wp\/v2\/media?parent=764680"}],"wp:term":[{"taxonomy":"product_brand","embeddable":true,"href":"https:\/\/roveyayinevi.com.tr\/index.php\/wp-json\/wp\/v2\/product_brand?post=764680"},{"taxonomy":"product_cat","embeddable":true,"href":"https:\/\/roveyayinevi.com.tr\/index.php\/wp-json\/wp\/v2\/product_cat?post=764680"},{"taxonomy":"product_tag","embeddable":true,"href":"https:\/\/roveyayinevi.com.tr\/index.php\/wp-json\/wp\/v2\/product_tag?post=764680"}],"curies":[{"name":"wp","href":"https:\/\/api.w.org\/{rel}","templated":true}]}}