{"id":764677,"date":"2025-08-28T11:18:35","date_gmt":"2025-08-28T08:18:35","guid":{"rendered":"https:\/\/roveyayinevi.com.tr\/index.php\/urun\/narsistlerden-ozgurluge\/"},"modified":"2026-04-15T03:30:25","modified_gmt":"2026-04-15T00:30:25","slug":"narsistlerden-ozgurluge","status":"publish","type":"product","link":"https:\/\/roveyayinevi.com.tr\/index.php\/urun\/narsistlerden-ozgurluge\/","title":{"rendered":"Narsistlerden \u00d6zg\u00fcrl\u00fc\u011fe"},"content":{"rendered":"<p>ZEH\u0130RL\u0130 B\u0130R \u0130L\u0130\u015eK\u0130, RUHUNUZU ES\u0130R ALAN Z\u0130NC\u0130R G\u0130B\u0130D\u0130R.   Sevgi dolu g\u00f6r\u00fcnen ama asl\u0131nda sizi t\u00fcketen bir ili\u015fkinin i\u00e7inde bo\u011fuldu\u011funuz oldu mu? Manip\u00fclasyon, su\u00e7luluk ve s\u00fcrekli tatminsizlikle \u00f6r\u00fclm\u00fc\u015f bir d\u00fcnyada kendinizi hapsolmu\u015f mu hissediyorsunuz?   Narsistik ili\u015fkiler, d\u0131\u015far\u0131dan kusursuz g\u00f6r\u00fcnse de, i\u00e7ten i\u00e7e sizi yok eder. Bu kitap, narsist bir partnerle zehirli bir ili\u015fki i\u00e7inde s\u0131k\u0131\u015f\u0131p kalm\u0131\u015f, ayr\u0131lmak isteyen ancak nas\u0131l yapaca\u011f\u0131n\u0131 bilmeyen, yaralar\u0131n\u0131 h\u00e2l\u00e2 ta\u015f\u0131yan herkes i\u00e7in yaz\u0131ld\u0131.   Uzman Klinik Psikolog Burak \u00d6ge, bu kitapla, narsist bir partnerin kurdu\u011fu tuzaklardan kurtulma yolunda sizi ad\u0131m ad\u0131m y\u00f6nlendirecek. Kendi de\u011ferlerinizi yeniden bulman\u0131z, g\u00fc\u00e7lenmeniz ve toksik bir ili\u015fkinin pen\u00e7esinden kurtulman\u0131z i\u00e7in rehberiniz olacak. Ger\u00e7ek hik\u00e2yeler, uzman g\u00f6r\u00fc\u015fleri ve pratik tavsiyelerle, kendinizi yeniden in\u015fa etmenin yollar\u0131n\u0131 ke\u015ffedeceksiniz.   Art\u0131k zaman\u0131 geldi. Hayat\u0131n\u0131z\u0131 geri al\u0131n. <\/p>\n","protected":false},"excerpt":{"rendered":"<p>ZEH\u0130RL\u0130 B\u0130R \u0130L\u0130\u015eK\u0130, RUHUNUZU ES\u0130R ALAN Z\u0130NC\u0130R G\u0130B\u0130D\u0130R. Sevgi dolu g\u00f6r\u00fcnen ama asl\u0131nda sizi t\u00fcketen bir ili\u015fkinin i\u00e7inde bo\u011fuldu\u011funuz oldu mu? Manip\u00fclasyon, su\u00e7luluk ve s\u00fcrekli tatminsizlikle<span class=\"excerpt-hellip\"> [\u2026]<\/span><\/p>\n","protected":false},"featured_media":0,"template":"","meta":{"_monsterinsights_skip_tracking":false,"_monsterinsights_sitenote_active":false,"_monsterinsights_sitenote_note":"","_monsterinsights_sitenote_category":0},"product_brand":[],"product_cat":[12357],"product_tag":[],"class_list":{"0":"post-764677","1":"product","2":"type-product","3":"status-publish","5":"product_cat-psikoloji","6":"pa_cilt-ciltsiz","7":"pa_tur-kitap","8":"pa_yayinevi-destek-yayinlari","9":"pa_yazar-burak-oge","11":"first","12":"instock","13":"sale","14":"shipping-taxable","15":"purchasable","16":"product-type-simple"},"_links":{"self":[{"href":"https:\/\/roveyayinevi.com.tr\/index.php\/wp-json\/wp\/v2\/product\/764677","targetHints":{"allow":["GET"]}}],"collection":[{"href":"https:\/\/roveyayinevi.com.tr\/index.php\/wp-json\/wp\/v2\/product"}],"about":[{"href":"https:\/\/roveyayinevi.com.tr\/index.php\/wp-json\/wp\/v2\/types\/product"}],"wp:attachment":[{"href":"https:\/\/roveyayinevi.com.tr\/index.php\/wp-json\/wp\/v2\/media?parent=764677"}],"wp:term":[{"taxonomy":"product_brand","embeddable":true,"href":"https:\/\/roveyayinevi.com.tr\/index.php\/wp-json\/wp\/v2\/product_brand?post=764677"},{"taxonomy":"product_cat","embeddable":true,"href":"https:\/\/roveyayinevi.com.tr\/index.php\/wp-json\/wp\/v2\/product_cat?post=764677"},{"taxonomy":"product_tag","embeddable":true,"href":"https:\/\/roveyayinevi.com.tr\/index.php\/wp-json\/wp\/v2\/product_tag?post=764677"}],"curies":[{"name":"wp","href":"https:\/\/api.w.org\/{rel}","templated":true}]}}