{"id":764676,"date":"2025-08-28T11:18:33","date_gmt":"2025-08-28T08:18:33","guid":{"rendered":"https:\/\/roveyayinevi.com.tr\/index.php\/urun\/derin-devlet-3\/"},"modified":"2026-04-08T03:26:44","modified_gmt":"2026-04-08T00:26:44","slug":"derin-devlet-3","status":"publish","type":"product","link":"https:\/\/roveyayinevi.com.tr\/index.php\/urun\/derin-devlet-3\/","title":{"rendered":"Derin Devlet"},"content":{"rendered":"<p>DEVLET \u0130\u00c7\u0130NDEK\u0130 G\u0130ZL\u0130 G\u00dcCE G\u00d6Z YUMMAK DEMOKRAS\u0130YE \u0130HANETT\u0130R! Derin devletin sistemin bir par\u00e7as\u0131 olmas\u0131 do\u011fal. Lakin i\u00e7inde bulundu\u011fumuz demokratik sistemde b\u00f6yle te\u015fekk\u00fcllere yer yok. Bu, hi\u00e7bir demokratik \u00fclkede m\u00fcmk\u00fcn de\u011fil. Ancak yine de bu olu\u015fumlar varl\u0131klar\u0131n\u0131 nesilden nesile s\u00fcrd\u00fcrecek \u015fekilde yap\u0131lan\u0131p kurduklar\u0131 sistemi gelecek ku\u015faklara aktarabiliyorlar. Tam da bu noktada t\u00fcm bu olu\u015fumlar\u0131n karakteri \u00f6nem kazan\u0131yor. Kim bu insanlar? Ne i\u00e7in \u00e7al\u0131\u015f\u0131yorlar? H\u00fck\u00fcmetleri y\u0131kabilecek g\u00fcce nas\u0131l sahip olabiliyor, kendilerini nas\u0131l devletin yerine koyabiliyorlar?   Yunus\u2019un, \u201cBeni benden sorman ben ben de\u011filem\/Bir ben vard\u0131r bende, benden i\u00e7eru&#8230;\u201d m\u0131sralar\u0131nda bahsetti\u011fi gibi: \u201cBir devlet vard\u0131r devlette, devletten i\u00e7eru&#8230;\u201d   Yazar Mete G\u00fcndo\u011fan, derin devletin demokrasiyi nas\u0131l tehdit etti\u011fini \u00e7ok ba\u015far\u0131l\u0131 bir kurguyla ve t\u00fcm a\u00e7\u0131kl\u0131\u011f\u0131yla anlat\u0131yor. <\/p>\n","protected":false},"excerpt":{"rendered":"<p>DEVLET \u0130\u00c7\u0130NDEK\u0130 G\u0130ZL\u0130 G\u00dcCE G\u00d6Z YUMMAK DEMOKRAS\u0130YE \u0130HANETT\u0130R! Derin devletin sistemin bir par\u00e7as\u0131 olmas\u0131 do\u011fal. Lakin i\u00e7inde bulundu\u011fumuz demokratik sistemde b\u00f6yle te\u015fekk\u00fcllere yer yok. Bu, hi\u00e7bir<span class=\"excerpt-hellip\"> [\u2026]<\/span><\/p>\n","protected":false},"featured_media":0,"template":"","meta":{"_monsterinsights_skip_tracking":false,"_monsterinsights_sitenote_active":false,"_monsterinsights_sitenote_note":"","_monsterinsights_sitenote_category":0},"product_brand":[],"product_cat":[12291,12711],"product_tag":[],"class_list":{"0":"post-764676","1":"product","2":"type-product","3":"status-publish","5":"product_cat-edebiyat","6":"product_cat-roman-oyku","7":"pa_cilt-ciltsiz","8":"pa_tur-kitap","9":"pa_yayinevi-destek-yayinlari","10":"pa_yazar-mete-gundogan","12":"first","13":"instock","14":"sale","15":"shipping-taxable","16":"purchasable","17":"product-type-simple"},"_links":{"self":[{"href":"https:\/\/roveyayinevi.com.tr\/index.php\/wp-json\/wp\/v2\/product\/764676","targetHints":{"allow":["GET"]}}],"collection":[{"href":"https:\/\/roveyayinevi.com.tr\/index.php\/wp-json\/wp\/v2\/product"}],"about":[{"href":"https:\/\/roveyayinevi.com.tr\/index.php\/wp-json\/wp\/v2\/types\/product"}],"wp:attachment":[{"href":"https:\/\/roveyayinevi.com.tr\/index.php\/wp-json\/wp\/v2\/media?parent=764676"}],"wp:term":[{"taxonomy":"product_brand","embeddable":true,"href":"https:\/\/roveyayinevi.com.tr\/index.php\/wp-json\/wp\/v2\/product_brand?post=764676"},{"taxonomy":"product_cat","embeddable":true,"href":"https:\/\/roveyayinevi.com.tr\/index.php\/wp-json\/wp\/v2\/product_cat?post=764676"},{"taxonomy":"product_tag","embeddable":true,"href":"https:\/\/roveyayinevi.com.tr\/index.php\/wp-json\/wp\/v2\/product_tag?post=764676"}],"curies":[{"name":"wp","href":"https:\/\/api.w.org\/{rel}","templated":true}]}}