{"id":764670,"date":"2025-08-28T11:18:23","date_gmt":"2025-08-28T08:18:23","guid":{"rendered":"https:\/\/roveyayinevi.com.tr\/index.php\/urun\/kapitalizmin-ruhu\/"},"modified":"2026-04-15T03:30:25","modified_gmt":"2026-04-15T00:30:25","slug":"kapitalizmin-ruhu","status":"publish","type":"product","link":"https:\/\/roveyayinevi.com.tr\/index.php\/urun\/kapitalizmin-ruhu\/","title":{"rendered":"Kapitalizmin Ruhu"},"content":{"rendered":"<p>Kapitalizmin Ruhu, ne iktisat\u00e7\u0131lar\u0131n ne de iktisat tarih\u00e7ilerinin cevaplayabildi\u011fi temel bir iktisat sorusuna cevap veriyor: S\u00fcrekli ekonomik b\u00fcy\u00fcmenin nedenleri (sadece ko\u015fullar\u0131 de\u011fil) nelerdir? Ba\u015fl\u0131\u011f\u0131n\u0131 Max Weber&#8217;in ayn\u0131 konudaki \u00fcnl\u00fc \u00e7al\u0131\u015fmas\u0131ndan alan Greenfeld, 16. y\u00fczy\u0131ldan itibaren ekonomik faaliyetin do\u011fas\u0131n\u0131 d\u00f6n\u00fc\u015ft\u00fcren ve ekonomiyi kendini ge\u00e7indirmeden k\u00e2ra do\u011fru y\u00f6nlendiren \u00e7\u0131\u011f\u0131r a\u00e7\u0131c\u0131 davran\u0131\u015f de\u011fi\u015fikli\u011finin ard\u0131ndaki motivasyon sorununa odaklan\u0131yor. \u0130ngiltere, Hollanda, Fransa, Almanya, Japonya ve Amerika Birle\u015fik Devletleri&#8217;nde ekonomik bilincin geli\u015fiminin ayr\u0131nt\u0131l\u0131 bir analizi, modern, b\u00fcy\u00fcme odakl\u0131 ekonominin arkas\u0131ndaki motivasyonun veya &#8220;ruhun,&#8221; &#8220;rasyonel ekonomik akt\u00f6r\u00fcn&#8221; \u00f6zg\u00fcrle\u015fmesi de\u011fil, daha ziyade milliyet\u00e7ilik oldu\u011funu iddia etmesine olanak tan\u0131yor. Milliyet\u00e7ilik, halk kitlelerini ulusal prestij i\u00e7in sonu gelmez bir yar\u0131\u015fa sokmu\u015f ve b\u00f6ylece ekonomik rekabet olgusunu ortaya \u00e7\u0131karm\u0131\u015ft\u0131r.   \u201cBu kitap cesur tezler \u00fcretmeyi m\u00fckemmelen ba\u015far\u0131yor ve bu tezleri hem yarat\u0131c\u0131 hem de g\u00fc\u00e7l\u00fc bir \u015fekilde savunuyor. Bu nedenle geni\u015f bir kesimin ilgisini fazlas\u0131yla hak ediyor.\u201d \u2013John A. Hall, Journal of Economic History   \u201cKapitalizmin Ruhu, ekonomik b\u00fcy\u00fcme anlay\u0131\u015f\u0131nda bir paradigma de\u011fi\u015fikli\u011fi yarat\u0131yor.\u201d \u2013John Gray, Times Literary Supplement <\/p>\n","protected":false},"excerpt":{"rendered":"<p>Kapitalizmin Ruhu, ne iktisat\u00e7\u0131lar\u0131n ne de iktisat tarih\u00e7ilerinin cevaplayabildi\u011fi temel bir iktisat sorusuna cevap veriyor: S\u00fcrekli ekonomik b\u00fcy\u00fcmenin nedenleri (sadece ko\u015fullar\u0131 de\u011fil) nelerdir? Ba\u015fl\u0131\u011f\u0131n\u0131 Max Weber&#8217;in<span class=\"excerpt-hellip\"> [\u2026]<\/span><\/p>\n","protected":false},"featured_media":0,"template":"","meta":{"_monsterinsights_skip_tracking":false,"_monsterinsights_sitenote_active":false,"_monsterinsights_sitenote_note":"","_monsterinsights_sitenote_category":0},"product_brand":[],"product_cat":[13043],"product_tag":[],"class_list":{"0":"post-764670","1":"product","2":"type-product","3":"status-publish","5":"product_cat-ekonomi","6":"pa_cilt-ciltsiz","7":"pa_tur-kitap","8":"pa_yayinevi-alfa-yayinlari","9":"pa_yazar-liah-greenfeld","11":"first","12":"instock","13":"sale","14":"shipping-taxable","15":"purchasable","16":"product-type-simple"},"_links":{"self":[{"href":"https:\/\/roveyayinevi.com.tr\/index.php\/wp-json\/wp\/v2\/product\/764670","targetHints":{"allow":["GET"]}}],"collection":[{"href":"https:\/\/roveyayinevi.com.tr\/index.php\/wp-json\/wp\/v2\/product"}],"about":[{"href":"https:\/\/roveyayinevi.com.tr\/index.php\/wp-json\/wp\/v2\/types\/product"}],"wp:attachment":[{"href":"https:\/\/roveyayinevi.com.tr\/index.php\/wp-json\/wp\/v2\/media?parent=764670"}],"wp:term":[{"taxonomy":"product_brand","embeddable":true,"href":"https:\/\/roveyayinevi.com.tr\/index.php\/wp-json\/wp\/v2\/product_brand?post=764670"},{"taxonomy":"product_cat","embeddable":true,"href":"https:\/\/roveyayinevi.com.tr\/index.php\/wp-json\/wp\/v2\/product_cat?post=764670"},{"taxonomy":"product_tag","embeddable":true,"href":"https:\/\/roveyayinevi.com.tr\/index.php\/wp-json\/wp\/v2\/product_tag?post=764670"}],"curies":[{"name":"wp","href":"https:\/\/api.w.org\/{rel}","templated":true}]}}