{"id":764669,"date":"2025-08-28T11:18:21","date_gmt":"2025-08-28T08:18:21","guid":{"rendered":"https:\/\/roveyayinevi.com.tr\/index.php\/urun\/seyahat-ve-seyahat-edebiyati-uzerine-yazilar\/"},"modified":"2026-04-15T03:30:25","modified_gmt":"2026-04-15T00:30:25","slug":"seyahat-ve-seyahat-edebiyati-uzerine-yazilar","status":"publish","type":"product","link":"https:\/\/roveyayinevi.com.tr\/index.php\/urun\/seyahat-ve-seyahat-edebiyati-uzerine-yazilar\/","title":{"rendered":"Seyahat ve Seyahat Edebiyat\u0131 \u00dczerine Yaz\u0131lar"},"content":{"rendered":"<p>T\u00fcrkiye\u2019den bahseden hi\u00e7bir kitab\u0131, lakaydi ile kar\u015f\u0131lamamak ve muhteviyat\u0131n\u0131 dikkatle tetkik etmek laz\u0131m bulundu\u011funu takdir edece\u011fimiz g\u00fcn\u00fc, muhakeme ve zihniyetlerimizde mesut bir tahavv\u00fcl ve ink\u0131lap olarak kaydetmeliyiz\u2026 Nahid S\u0131rr\u0131 \u00d6rik\u2019in kendi ifadesiyle \u201cseyahat edebiyat\u0131na\u201d olan ilgisi, en az \u00f6yk\u00fcc\u00fcl\u00fc\u011f\u00fc, romanc\u0131l\u0131\u011f\u0131 ya da tarihe merak\u0131 kadar dikkat \u00e7ekicidir. Seyahat ve Seyahat Edebiyat\u0131 \u00dczerine Yaz\u0131lar\u2019la, Nahid S\u0131rr\u0131 \u00d6rik\u2019in konu hakk\u0131nda kaleme ald\u0131\u011f\u0131, seyahat edebiyat\u0131na bak\u0131\u015f\u0131n\u0131 yans\u0131tan denemeleri ilk kez bir araya geliyor. Daha \u00f6nce Vatan Beldelerine Seyahatler ba\u015fl\u0131\u011f\u0131 alt\u0131nda, kendi g\u00f6rd\u00fc\u011f\u00fc yerlere dair g\u00f6zlemlerini yans\u0131tan gezi yaz\u0131lar\u0131n\u0131 toplu halde yay\u0131mlad\u0131\u011f\u0131m\u0131z \u00d6rik; Seyahat ve Seyahat Edebiyat\u0131 \u00dczerine Yaz\u0131lar\u2019da, t\u00fcr\u00fcn yerli ve yabanc\u0131 \u00f6rneklerini tan\u0131tman\u0131n yan\u0131 s\u0131ra, seyahat edebiyat\u0131n\u0131n temel ilkelerini sistemli bir \u015fekilde de\u011ferlendiriyor. T\u00fcrkiye\u2019yi ziyaret edecek seyyahlara y\u00f6nelik \u00f6nerilerin de yer ald\u0131\u011f\u0131 bu derleme, hem seyahat edebiyat\u0131 tutkunlar\u0131 hem de Nahid S\u0131rr\u0131 okurlar\u0131 i\u00e7in yeni bir hazine.<\/p>\n","protected":false},"excerpt":{"rendered":"<p>T\u00fcrkiye\u2019den bahseden hi\u00e7bir kitab\u0131, lakaydi ile kar\u015f\u0131lamamak ve muhteviyat\u0131n\u0131 dikkatle tetkik etmek laz\u0131m bulundu\u011funu takdir edece\u011fimiz g\u00fcn\u00fc, muhakeme ve zihniyetlerimizde mesut bir tahavv\u00fcl ve ink\u0131lap olarak<span class=\"excerpt-hellip\"> [\u2026]<\/span><\/p>\n","protected":false},"featured_media":0,"template":"","meta":{"_monsterinsights_skip_tracking":false,"_monsterinsights_sitenote_active":false,"_monsterinsights_sitenote_note":"","_monsterinsights_sitenote_category":0},"product_brand":[],"product_cat":[27157,12291],"product_tag":[],"class_list":{"0":"post-764669","1":"product","2":"type-product","3":"status-publish","5":"product_cat-derleme","6":"product_cat-edebiyat","7":"pa_cilt-ciltsiz","8":"pa_tur-kitap","9":"pa_yayinevi-everest-yayinlari","10":"pa_yazar-nahid-sirri-orik","12":"first","13":"instock","14":"sale","15":"shipping-taxable","16":"purchasable","17":"product-type-simple"},"_links":{"self":[{"href":"https:\/\/roveyayinevi.com.tr\/index.php\/wp-json\/wp\/v2\/product\/764669","targetHints":{"allow":["GET"]}}],"collection":[{"href":"https:\/\/roveyayinevi.com.tr\/index.php\/wp-json\/wp\/v2\/product"}],"about":[{"href":"https:\/\/roveyayinevi.com.tr\/index.php\/wp-json\/wp\/v2\/types\/product"}],"wp:attachment":[{"href":"https:\/\/roveyayinevi.com.tr\/index.php\/wp-json\/wp\/v2\/media?parent=764669"}],"wp:term":[{"taxonomy":"product_brand","embeddable":true,"href":"https:\/\/roveyayinevi.com.tr\/index.php\/wp-json\/wp\/v2\/product_brand?post=764669"},{"taxonomy":"product_cat","embeddable":true,"href":"https:\/\/roveyayinevi.com.tr\/index.php\/wp-json\/wp\/v2\/product_cat?post=764669"},{"taxonomy":"product_tag","embeddable":true,"href":"https:\/\/roveyayinevi.com.tr\/index.php\/wp-json\/wp\/v2\/product_tag?post=764669"}],"curies":[{"name":"wp","href":"https:\/\/api.w.org\/{rel}","templated":true}]}}