{"id":764667,"date":"2025-08-28T11:18:17","date_gmt":"2025-08-28T08:18:17","guid":{"rendered":"https:\/\/roveyayinevi.com.tr\/index.php\/urun\/hayatta-her-sey-var\/"},"modified":"2026-04-15T03:30:25","modified_gmt":"2026-04-15T00:30:25","slug":"hayatta-her-sey-var","status":"publish","type":"product","link":"https:\/\/roveyayinevi.com.tr\/index.php\/urun\/hayatta-her-sey-var\/","title":{"rendered":"Hayatta Her \u015eey Var"},"content":{"rendered":"<p>&#8220;Hayatta Her \u015eey Var&#8221; diyerek y\u0131llard\u0131r Beyaz Tv ekranlar\u0131ndan evlerimize konuk olan Nur Viral, yeniden bir kitapla kar\u015f\u0131m\u0131za \u00e7\u0131k\u0131yor ve bizlerle hayata dair her \u015feyi payla\u015fmaya devam ediyor. Hepimiz ya\u015fam\u0131n zorluklar\u0131yla ba\u015fa \u00e7\u0131kmaya \u00e7al\u0131\u015f\u0131yoruz, hayatta m\u00fccadele etmemiz gereken o kadar \u00e7ok \u015fey var ki&#8230; \u0130\u015f, ev, sosyal ya\u015fam derken kendimizi kaybolmu\u015f hissedebiliyoruz. Nur Viral, herkes gibi hayat\u0131n i\u00e7inde m\u00fccadele ederken kendini in\u015fa etmek i\u00e7in neler yapt\u0131\u011f\u0131n\u0131, deneyimlerini, edindi\u011fi izlenimleri ve d\u00fc\u015f\u00fcncelerini bize aktar\u0131yor. Bu yolculukta kendisi i\u00e7in buldu\u011fu \u00e7\u00f6z\u00fcm yollar\u0131n\u0131 da bizimle payla\u015fmay\u0131 ihmal etmiyor. \u201cHayat bizim i\u00e7in bir deneyimleme s\u00fcreci ve hayatta her \u015fey bizim i\u00e7in. Televizyon program\u0131m\u0131n ad\u0131n\u0131 bu y\u00fczden \u2018Hayatta Her \u015eey Var\u2019 diye koymu\u015ftuk. Hayat aynamda g\u00f6rd\u00fc\u011f\u00fcm ve deneyimledi\u011fim \u015feyler etraf\u0131mda seyrettiklerimle birle\u015fti bu kitapta. Ve bir kez daha bana \u201cHayatta Her \u015eey Var\u201d diyerek yeni bir yol a\u00e7t\u0131. Kendimi daha iyi ke\u015ffetmek i\u00e7in \u00e7\u0131kt\u0131\u011f\u0131m bu sat\u0131rlar aras\u0131 yolculukta; Bazen kar\u015f\u0131mdakine dert anlat\u0131r gibi\u2026 Bazen \u00e7are \u00fcretmeye \u00e7al\u0131\u015f\u0131p \u201cGel beraber g\u00f6relim, nas\u0131l \u00e7\u00f6zeriz bunu?\u201d der gibi\u2026 Hem kendime hem de kar\u015f\u0131mdakine seslenir gibi\u2026 San\u0131r\u0131m en \u00e7ok da kendimle konu\u015farak yazd\u0131m bu sat\u0131rlar\u0131\u2026\u201d Bu kitapta kendinizden \u00e7ok \u015fey bulacaks\u0131n\u0131z\u2026 <\/p>\n","protected":false},"excerpt":{"rendered":"<p>&#8220;Hayatta Her \u015eey Var&#8221; diyerek y\u0131llard\u0131r Beyaz Tv ekranlar\u0131ndan evlerimize konuk olan Nur Viral, yeniden bir kitapla kar\u015f\u0131m\u0131za \u00e7\u0131k\u0131yor ve bizlerle hayata dair her \u015feyi payla\u015fmaya<span class=\"excerpt-hellip\"> [\u2026]<\/span><\/p>\n","protected":false},"featured_media":0,"template":"","meta":{"_monsterinsights_skip_tracking":false,"_monsterinsights_sitenote_active":false,"_monsterinsights_sitenote_note":"","_monsterinsights_sitenote_category":0},"product_brand":[],"product_cat":[12777,12291],"product_tag":[],"class_list":{"0":"post-764667","1":"product","2":"type-product","3":"status-publish","5":"product_cat-deneme","6":"product_cat-edebiyat","7":"pa_cilt-ciltsiz","8":"pa_tur-kitap","9":"pa_yayinevi-hayat-yayinlari","10":"pa_yazar-nur-viral","12":"first","13":"instock","14":"sale","15":"shipping-taxable","16":"purchasable","17":"product-type-simple"},"_links":{"self":[{"href":"https:\/\/roveyayinevi.com.tr\/index.php\/wp-json\/wp\/v2\/product\/764667","targetHints":{"allow":["GET"]}}],"collection":[{"href":"https:\/\/roveyayinevi.com.tr\/index.php\/wp-json\/wp\/v2\/product"}],"about":[{"href":"https:\/\/roveyayinevi.com.tr\/index.php\/wp-json\/wp\/v2\/types\/product"}],"wp:attachment":[{"href":"https:\/\/roveyayinevi.com.tr\/index.php\/wp-json\/wp\/v2\/media?parent=764667"}],"wp:term":[{"taxonomy":"product_brand","embeddable":true,"href":"https:\/\/roveyayinevi.com.tr\/index.php\/wp-json\/wp\/v2\/product_brand?post=764667"},{"taxonomy":"product_cat","embeddable":true,"href":"https:\/\/roveyayinevi.com.tr\/index.php\/wp-json\/wp\/v2\/product_cat?post=764667"},{"taxonomy":"product_tag","embeddable":true,"href":"https:\/\/roveyayinevi.com.tr\/index.php\/wp-json\/wp\/v2\/product_tag?post=764667"}],"curies":[{"name":"wp","href":"https:\/\/api.w.org\/{rel}","templated":true}]}}