{"id":764664,"date":"2025-08-28T11:18:10","date_gmt":"2025-08-28T08:18:10","guid":{"rendered":"https:\/\/roveyayinevi.com.tr\/index.php\/urun\/abel-morg\/"},"modified":"2026-04-15T03:30:25","modified_gmt":"2026-04-15T00:30:25","slug":"abel-morg","status":"publish","type":"product","link":"https:\/\/roveyayinevi.com.tr\/index.php\/urun\/abel-morg\/","title":{"rendered":"Abel Morg"},"content":{"rendered":"<p>Hamburg \u015fehrinin g\u00f6lgelerinde, yaln\u0131zl\u0131\u011fa ve umutsuzlu\u011fa ku\u015fanm\u0131\u015f bir kad\u0131n, y\u00fcre\u011findeki \u00e7\u0131\u011fl\u0131klar\u0131 sessizce morgdaki cans\u0131z bedenlere f\u0131s\u0131ldar. Ad\u0131 Mia olan bu kad\u0131n, hayat\u0131n a\u011f\u0131rl\u0131\u011f\u0131n\u0131 ve ac\u0131lar\u0131n\u0131 sadece \u00f6l\u00fc cesetlerle payla\u015f\u0131rken bir g\u00fcn beklenmedik bir sesle sars\u0131l\u0131r. Bu ses, onun karanl\u0131k d\u00fcnyas\u0131nda yank\u0131lanan, kaderin gizemli d\u00fc\u011f\u00fcmlerini \u00e7\u00f6zmeye zorland\u0131\u011f\u0131 bir ba\u015flang\u0131\u00e7t\u0131r. Kan, deh\u015fet ve y\u0131k\u0131m\u0131n h\u00fck\u00fcm s\u00fcrd\u00fc\u011f\u00fc yeni d\u00fcnyan\u0131n kap\u0131s\u0131 art\u0131k aralanm\u0131\u015ft\u0131r. Belki de \u00f6l\u00fcm, so\u011fuk bir morg dolab\u0131ndan ibaret de\u011fildir. <\/p>\n","protected":false},"excerpt":{"rendered":"<p>Hamburg \u015fehrinin g\u00f6lgelerinde, yaln\u0131zl\u0131\u011fa ve umutsuzlu\u011fa ku\u015fanm\u0131\u015f bir kad\u0131n, y\u00fcre\u011findeki \u00e7\u0131\u011fl\u0131klar\u0131 sessizce morgdaki cans\u0131z bedenlere f\u0131s\u0131ldar. Ad\u0131 Mia olan bu kad\u0131n, hayat\u0131n a\u011f\u0131rl\u0131\u011f\u0131n\u0131 ve ac\u0131lar\u0131n\u0131 sadece<span class=\"excerpt-hellip\"> [\u2026]<\/span><\/p>\n","protected":false},"featured_media":0,"template":"","meta":{"_monsterinsights_skip_tracking":false,"_monsterinsights_sitenote_active":false,"_monsterinsights_sitenote_note":"","_monsterinsights_sitenote_category":0},"product_brand":[],"product_cat":[12291,14777],"product_tag":[],"class_list":{"0":"post-764664","1":"product","2":"type-product","3":"status-publish","5":"product_cat-edebiyat","6":"product_cat-fantastik","7":"pa_cilt-ciltsiz","8":"pa_tur-kitap","9":"pa_yayinevi-lolla-yayinlari","10":"pa_yazar-onurhan-erkoc","12":"first","13":"instock","14":"sale","15":"shipping-taxable","16":"purchasable","17":"product-type-simple"},"_links":{"self":[{"href":"https:\/\/roveyayinevi.com.tr\/index.php\/wp-json\/wp\/v2\/product\/764664","targetHints":{"allow":["GET"]}}],"collection":[{"href":"https:\/\/roveyayinevi.com.tr\/index.php\/wp-json\/wp\/v2\/product"}],"about":[{"href":"https:\/\/roveyayinevi.com.tr\/index.php\/wp-json\/wp\/v2\/types\/product"}],"wp:attachment":[{"href":"https:\/\/roveyayinevi.com.tr\/index.php\/wp-json\/wp\/v2\/media?parent=764664"}],"wp:term":[{"taxonomy":"product_brand","embeddable":true,"href":"https:\/\/roveyayinevi.com.tr\/index.php\/wp-json\/wp\/v2\/product_brand?post=764664"},{"taxonomy":"product_cat","embeddable":true,"href":"https:\/\/roveyayinevi.com.tr\/index.php\/wp-json\/wp\/v2\/product_cat?post=764664"},{"taxonomy":"product_tag","embeddable":true,"href":"https:\/\/roveyayinevi.com.tr\/index.php\/wp-json\/wp\/v2\/product_tag?post=764664"}],"curies":[{"name":"wp","href":"https:\/\/api.w.org\/{rel}","templated":true}]}}