{"id":764662,"date":"2025-08-28T11:18:05","date_gmt":"2025-08-28T08:18:05","guid":{"rendered":"https:\/\/roveyayinevi.com.tr\/index.php\/urun\/iyilik-ve-kotuluk-okulu-1\/"},"modified":"2026-04-15T03:30:25","modified_gmt":"2026-04-15T00:30:25","slug":"iyilik-ve-kotuluk-okulu-1","status":"publish","type":"product","link":"https:\/\/roveyayinevi.com.tr\/index.php\/urun\/iyilik-ve-kotuluk-okulu-1\/","title":{"rendered":"\u0130yilik ve K\u00f6t\u00fcl\u00fck Okulu 1"},"content":{"rendered":"<p>\u201cAncak oldu\u011funuzu zannetti\u011finiz ki\u015fiyi yok etti\u011finiz zaman ger\u00e7ekten oldu\u011funuz ki\u015fiyi hayata ge\u00e7irebilirsiniz!\u201d Masal kahramanlar\u0131 yeti\u015ftiren \u0130yilik ve K\u00f6t\u00fcl\u00fck Okulu\u2019nda, iki iyi arkada\u015f\u0131 masals\u0131 bir macera bekliyor. Pembe k\u0131yafetlere ve cam ayakkab\u0131lara bay\u0131lan Sophie, okuldan d\u00f6rt d\u00f6rtl\u00fck bir masal prensesi olarak mezun olaca\u011f\u0131na emin. \u0130nsanlardan ka\u00e7\u0131p yaln\u0131z kalmay\u0131 tercih eden Agatha ise k\u00f6m\u00fcr karas\u0131 sa\u00e7lar\u0131 ve tuhaf zevkleriyle, K\u00f6t\u00fcl\u00fck Okulu \u00f6\u011frencilerine benziyor. Ama i\u015fler, d\u00fc\u015f\u00fcnd\u00fcklerinden farkl\u0131 geli\u015fiyor\u2026 \u0130yi ve K\u00f6t\u00fcn\u00fcn ger\u00e7ek benliklerini ke\u015ffedecekleri bir okul y\u0131l\u0131 ba\u015fl\u0131yor! New York Times\u2019\u0131n en \u00e7ok satanlar listesine giren \u0130yilik ve K\u00f6t\u00fcl\u00fck Okulu sizi ba\u015f d\u00f6nd\u00fcr\u00fcc\u00fc bir d\u00fcnyaya davet ediyor. Prenseslik Adab\u0131, K\u00f6t\u00fcl\u00fck Tarihi ve Masallarda Hayatta Kalma gibi dersler, iki kafal\u0131 sert \u00f6\u011fretmenler, \u00e7al\u0131\u015fkan cad\u0131lar ve pop\u00fcler prenseslerle dolu bu okul size pek de yabanc\u0131 gelmeyecek. <\/p>\n","protected":false},"excerpt":{"rendered":"<p>\u201cAncak oldu\u011funuzu zannetti\u011finiz ki\u015fiyi yok etti\u011finiz zaman ger\u00e7ekten oldu\u011funuz ki\u015fiyi hayata ge\u00e7irebilirsiniz!\u201d Masal kahramanlar\u0131 yeti\u015ftiren \u0130yilik ve K\u00f6t\u00fcl\u00fck Okulu\u2019nda, iki iyi arkada\u015f\u0131 masals\u0131 bir macera bekliyor.<span class=\"excerpt-hellip\"> [\u2026]<\/span><\/p>\n","protected":false},"featured_media":0,"template":"","meta":{"_monsterinsights_skip_tracking":false,"_monsterinsights_sitenote_active":false,"_monsterinsights_sitenote_note":"","_monsterinsights_sitenote_category":0},"product_brand":[],"product_cat":[12291,14777],"product_tag":[],"class_list":{"0":"post-764662","1":"product","2":"type-product","3":"status-publish","5":"product_cat-edebiyat","6":"product_cat-fantastik","7":"pa_cilt-ciltsiz","8":"pa_tur-kitap","9":"pa_yayinevi-x-libris","10":"pa_yazar-soman-chainani","12":"first","13":"instock","14":"sale","15":"shipping-taxable","16":"purchasable","17":"product-type-simple"},"_links":{"self":[{"href":"https:\/\/roveyayinevi.com.tr\/index.php\/wp-json\/wp\/v2\/product\/764662","targetHints":{"allow":["GET"]}}],"collection":[{"href":"https:\/\/roveyayinevi.com.tr\/index.php\/wp-json\/wp\/v2\/product"}],"about":[{"href":"https:\/\/roveyayinevi.com.tr\/index.php\/wp-json\/wp\/v2\/types\/product"}],"wp:attachment":[{"href":"https:\/\/roveyayinevi.com.tr\/index.php\/wp-json\/wp\/v2\/media?parent=764662"}],"wp:term":[{"taxonomy":"product_brand","embeddable":true,"href":"https:\/\/roveyayinevi.com.tr\/index.php\/wp-json\/wp\/v2\/product_brand?post=764662"},{"taxonomy":"product_cat","embeddable":true,"href":"https:\/\/roveyayinevi.com.tr\/index.php\/wp-json\/wp\/v2\/product_cat?post=764662"},{"taxonomy":"product_tag","embeddable":true,"href":"https:\/\/roveyayinevi.com.tr\/index.php\/wp-json\/wp\/v2\/product_tag?post=764662"}],"curies":[{"name":"wp","href":"https:\/\/api.w.org\/{rel}","templated":true}]}}