{"id":764659,"date":"2025-08-28T11:17:58","date_gmt":"2025-08-28T08:17:58","guid":{"rendered":"https:\/\/roveyayinevi.com.tr\/index.php\/urun\/seraph-of-the-end-kiyamet-melegi-29\/"},"modified":"2026-04-15T03:30:25","modified_gmt":"2026-04-15T00:30:25","slug":"seraph-of-the-end-kiyamet-melegi-29","status":"publish","type":"product","link":"https:\/\/roveyayinevi.com.tr\/index.php\/urun\/seraph-of-the-end-kiyamet-melegi-29\/","title":{"rendered":"Seraph of the End \u2013 K\u0131yamet Mele\u011fi 29"},"content":{"rendered":"<p>Gizemli bir vir\u00fcs d\u00fcnyaya yay\u0131ld\u0131 ve 13 ya\u015f\u0131n \u00fczerindeki herkesin \u00f6l\u00fcm\u00fcne neden oldu. Vampirler karanl\u0131k k\u00f6\u015felerinden \u00e7\u0131kt\u0131lar ve hayatta kalan \u00e7ocuklar\u0131 yer alt\u0131n\u0131n karanl\u0131\u011f\u0131na mahk\u00fbm ettiler. Bu \u00e7ocuklardan biri olan Yui\u00e7iro vampirlerin elinden kurtulmay\u0131 ba\u015fard\u0131. \u015eimdi istedi\u011fi tek bir \u015fey var: T\u00fcm vampirlerden intikam\u0131n\u0131 almak.   Yui\u00e7iro ve Mikaela, Guren\u2019le fikir ayr\u0131l\u0131\u011f\u0131na d\u00fc\u015f\u00fcp kendi yollar\u0131n\u0131 se\u00e7er, b\u00f6ylece \u015einoa ve ekibinden ayr\u0131larak birlikte yolculuklar\u0131na ba\u015flarlar. Hedefleri &#8220;herkesi kurtarmakt\u0131r!&#8221; \u0130lk olarak, ge\u00e7mi\u015f an\u0131lar i\u00e7inde ara\u015ft\u0131rma yapmalar\u0131 gerekli, ancak bunu yapmak i\u00e7in b\u00fcy\u00fck miktarda enerjiye ihtiya\u00e7lar\u0131 olacak&#8230;  <\/p>\n","protected":false},"excerpt":{"rendered":"<p>Gizemli bir vir\u00fcs d\u00fcnyaya yay\u0131ld\u0131 ve 13 ya\u015f\u0131n \u00fczerindeki herkesin \u00f6l\u00fcm\u00fcne neden oldu. Vampirler karanl\u0131k k\u00f6\u015felerinden \u00e7\u0131kt\u0131lar ve hayatta kalan \u00e7ocuklar\u0131 yer alt\u0131n\u0131n karanl\u0131\u011f\u0131na mahk\u00fbm ettiler.<span class=\"excerpt-hellip\"> [\u2026]<\/span><\/p>\n","protected":false},"featured_media":0,"template":"","meta":{"_monsterinsights_skip_tracking":false,"_monsterinsights_sitenote_active":false,"_monsterinsights_sitenote_note":"","_monsterinsights_sitenote_category":0},"product_brand":[],"product_cat":[12416,12291],"product_tag":[],"class_list":{"0":"post-764659","1":"product","2":"type-product","3":"status-publish","5":"product_cat-cizgi-roman","6":"product_cat-edebiyat","7":"pa_cilt-ciltsiz","8":"pa_tur-kitap","9":"pa_yayinevi-kurukafa","10":"pa_yazar-takaya-kagami","12":"first","13":"instock","14":"sale","15":"shipping-taxable","16":"purchasable","17":"product-type-simple"},"_links":{"self":[{"href":"https:\/\/roveyayinevi.com.tr\/index.php\/wp-json\/wp\/v2\/product\/764659","targetHints":{"allow":["GET"]}}],"collection":[{"href":"https:\/\/roveyayinevi.com.tr\/index.php\/wp-json\/wp\/v2\/product"}],"about":[{"href":"https:\/\/roveyayinevi.com.tr\/index.php\/wp-json\/wp\/v2\/types\/product"}],"wp:attachment":[{"href":"https:\/\/roveyayinevi.com.tr\/index.php\/wp-json\/wp\/v2\/media?parent=764659"}],"wp:term":[{"taxonomy":"product_brand","embeddable":true,"href":"https:\/\/roveyayinevi.com.tr\/index.php\/wp-json\/wp\/v2\/product_brand?post=764659"},{"taxonomy":"product_cat","embeddable":true,"href":"https:\/\/roveyayinevi.com.tr\/index.php\/wp-json\/wp\/v2\/product_cat?post=764659"},{"taxonomy":"product_tag","embeddable":true,"href":"https:\/\/roveyayinevi.com.tr\/index.php\/wp-json\/wp\/v2\/product_tag?post=764659"}],"curies":[{"name":"wp","href":"https:\/\/api.w.org\/{rel}","templated":true}]}}