{"id":764653,"date":"2025-08-28T11:17:48","date_gmt":"2025-08-28T08:17:48","guid":{"rendered":"https:\/\/roveyayinevi.com.tr\/index.php\/urun\/gunes-felsefesi\/"},"modified":"2026-04-15T03:30:24","modified_gmt":"2026-04-15T00:30:24","slug":"gunes-felsefesi","status":"publish","type":"product","link":"https:\/\/roveyayinevi.com.tr\/index.php\/urun\/gunes-felsefesi\/","title":{"rendered":"G\u00fcne\u015f Felsefesi"},"content":{"rendered":"<p>\u00c7etin G\u00f6ksu\u2019nun G\u00fcne\u015f felsefesi ve G\u00fcne\u015f uygarl\u0131\u011f\u0131n\u0131n felsefi temelleri \u00fczerine \u00f6zg\u00fcn teorik saptamalar\u0131.   \u201cYeni bir d\u00fc\u015f\u00fcnce, Yeni bir D\u00fcnya G\u00f6r\u00fc\u015f\u00fc\u201d S\u00f6m\u00fcr\u00fcs\u00fcz, kavgas\u0131z bir d\u00fcnyada bar\u0131\u015f i\u00e7inde ya\u015fayabilmek i\u00e7in, Sevgi dolu, kendinden ba\u015fkas\u0131n\u0131 sevebilen iyi bir insan olabilmek i\u00e7in, Dayan\u0131\u015fmac\u0131, yard\u0131mla\u015fmac\u0131, Payla\u015f\u0131mc\u0131, S\u00f6m\u00fcr\u00fcs\u00fcz yeni bir toplum d\u00fczeni olu\u015fturabilmek i\u00e7in, Do\u011fa ile bar\u0131\u015f\u0131k bir k\u00fclt\u00fcr\u00fc anlayabilmek ve geli\u015ftirebilmek i\u00e7in Do\u011fan\u0131n varolu\u015f de\u011ferleriyle uyumlu ileri bir uygarl\u0131k kurabilmek i\u00e7in Yeni ve G\u00fczel bir hayat ya\u015fayabilmek i\u00e7in G\u00dcNE\u015e FELSEFES\u0130<\/p>\n","protected":false},"excerpt":{"rendered":"<p>\u00c7etin G\u00f6ksu\u2019nun G\u00fcne\u015f felsefesi ve G\u00fcne\u015f uygarl\u0131\u011f\u0131n\u0131n felsefi temelleri \u00fczerine \u00f6zg\u00fcn teorik saptamalar\u0131. \u201cYeni bir d\u00fc\u015f\u00fcnce, Yeni bir D\u00fcnya G\u00f6r\u00fc\u015f\u00fc\u201d S\u00f6m\u00fcr\u00fcs\u00fcz, kavgas\u0131z bir d\u00fcnyada bar\u0131\u015f i\u00e7inde<span class=\"excerpt-hellip\"> [\u2026]<\/span><\/p>\n","protected":false},"featured_media":0,"template":"","meta":{"_monsterinsights_skip_tracking":false,"_monsterinsights_sitenote_active":false,"_monsterinsights_sitenote_note":"","_monsterinsights_sitenote_category":0},"product_brand":[],"product_cat":[20351,12388],"product_tag":[],"class_list":{"0":"post-764653","1":"product","2":"type-product","3":"status-publish","5":"product_cat-dusunce","6":"product_cat-felsefe","7":"pa_cilt-ciltsiz","8":"pa_tur-kitap","9":"pa_yayinevi-nitelik-kitap","10":"pa_yazar-cetin-goksu","12":"first","13":"instock","14":"sale","15":"shipping-taxable","16":"purchasable","17":"product-type-simple"},"_links":{"self":[{"href":"https:\/\/roveyayinevi.com.tr\/index.php\/wp-json\/wp\/v2\/product\/764653","targetHints":{"allow":["GET"]}}],"collection":[{"href":"https:\/\/roveyayinevi.com.tr\/index.php\/wp-json\/wp\/v2\/product"}],"about":[{"href":"https:\/\/roveyayinevi.com.tr\/index.php\/wp-json\/wp\/v2\/types\/product"}],"wp:attachment":[{"href":"https:\/\/roveyayinevi.com.tr\/index.php\/wp-json\/wp\/v2\/media?parent=764653"}],"wp:term":[{"taxonomy":"product_brand","embeddable":true,"href":"https:\/\/roveyayinevi.com.tr\/index.php\/wp-json\/wp\/v2\/product_brand?post=764653"},{"taxonomy":"product_cat","embeddable":true,"href":"https:\/\/roveyayinevi.com.tr\/index.php\/wp-json\/wp\/v2\/product_cat?post=764653"},{"taxonomy":"product_tag","embeddable":true,"href":"https:\/\/roveyayinevi.com.tr\/index.php\/wp-json\/wp\/v2\/product_tag?post=764653"}],"curies":[{"name":"wp","href":"https:\/\/api.w.org\/{rel}","templated":true}]}}