{"id":764650,"date":"2025-08-28T11:17:41","date_gmt":"2025-08-28T08:17:41","guid":{"rendered":"https:\/\/roveyayinevi.com.tr\/index.php\/urun\/cumhuriyetin-100-yilinda-yeni-turk-edebiyati-incelemeleri-prof-dr-hulya-eraydin-argunsah-armagani\/"},"modified":"2026-04-15T03:30:24","modified_gmt":"2026-04-15T00:30:24","slug":"cumhuriyetin-100-yilinda-yeni-turk-edebiyati-incelemeleri-prof-dr-hulya-eraydin-argunsah-armagani","status":"publish","type":"product","link":"https:\/\/roveyayinevi.com.tr\/index.php\/urun\/cumhuriyetin-100-yilinda-yeni-turk-edebiyati-incelemeleri-prof-dr-hulya-eraydin-argunsah-armagani\/","title":{"rendered":"Cumhuriyet&#8217;in 100. Y\u0131l\u0131nda Yeni T\u00fcrk Edebiyat\u0131 \u0130ncelemeleri : Prof. Dr. H\u00fclya Erayd\u0131n Argun\u015fah Arma\u011fan\u0131"},"content":{"rendered":"<p>Cumhuriyet&#8217;in 100. Y\u0131l\u0131nda Yeni T\u00fcrk Edebiyat\u0131 \u0130ncelemeleri : Prof. Dr. H\u00fclya Erayd\u0131n Argun\u015fah Arma\u011fan\u0131 ba\u015fl\u0131kl\u0131 bu \u00e7al\u0131\u015fma T\u00fcrkiye Cumhuriyeti\u2019nin 100. y\u0131l\u0131n\u0131n ard\u0131ndan alana yeni bir bak\u0131\u015f sunmay\u0131 hedeflemi\u015ftir. Kitab\u0131n Erayd\u0131n Argun\u015fah\u2019a ithaf edilmesi onun T\u00fcrk edebiyat\u0131nda yapt\u0131\u011f\u0131 \u00f6nc\u00fc ve ilham verici \u00e7al\u0131\u015fmalar, yeti\u015ftirdi\u011fi ara\u015ft\u0131rmac\u0131lar ve Erciyes \u00dcniversitesi ile Kapadokya \u00dcniversitesi T\u00fcrk Dili ve Edebiyat\u0131 b\u00f6l\u00fcmlerinin kurumsalla\u015fmas\u0131 yolundaki katk\u0131lar\u0131 vesilesiyledir. D\u00f6rt b\u00f6l\u00fcm \u00fczerinden planlanan bu kitapta disiplinler aras\u0131 bir bak\u0131\u015f a\u00e7\u0131s\u0131yla k\u00fclt\u00fcrel yap\u0131n\u0131n edeb\u00ee birikim \u00fczerinden de\u011ferlendirilmesi s\u00f6z konusu olmu\u015ftur. Erayd\u0131n Argun\u015fah\u2019\u0131n akademik biyografisine bak\u0131ld\u0131\u011f\u0131nda da g\u00f6r\u00fclecektir ki onun \u00e7al\u0131\u015fmalar\u0131 kimlik, milliyet\u00e7ilik, tarih ve toplumsal cinsiyet oda\u011f\u0131nda yeni T\u00fcrk edebiyat\u0131 alan\u0131n\u0131 beslemektedir. K\u00fclt\u00fcrel \u00e7al\u0131\u015fmalar alan\u0131n\u0131n y\u00f6ntem, soru(n) ve \u00e7\u00f6z\u00fcm aray\u0131\u015flar\u0131ndan hareketle k\u00fclt\u00fcr-edebiyat ili\u015fkisini anlamland\u0131rma yolunda de\u011ferli katk\u0131lar sunmaktad\u0131r.     Yeni T\u00fcrk edebiyat\u0131 alan\u0131 geleneksel olarak edebiyat tarihi, edebi metin tahlili ve edebiyat ele\u015ftirisi konular\u0131 merkezinde kurumsalla\u015fm\u0131\u015ft\u0131r. Sosyal ve be\u015feri bilimlerde ger\u00e7ekle\u015fen paradigma de\u011fi\u015fimi, bu alan\u0131n disiplinler aras\u0131 bir anlay\u0131\u015f ve yeni k\u00fclt\u00fcr \u00e7\u00f6z\u00fcmlemesi yakla\u015f\u0131mlar\u0131yla yap\u0131land\u0131r\u0131lmas\u0131 gereklili\u011fini beraberinde getirir. Arma\u011fan kitapta alan\u0131n geli\u015fimi ve g\u00fcncel ihtiya\u00e7lar\u0131 g\u00f6zetilmi\u015f, Cumhuriyet\u2019in 100. y\u0131l\u0131n\u0131n ard\u0131ndan Yeni T\u00fcrk edebiyat\u0131 ara\u015ft\u0131rmalar\u0131n\u0131n gelece\u011fine katk\u0131 sa\u011flayacak yaz\u0131lar okura sunulmu\u015ftur. <\/p>\n","protected":false},"excerpt":{"rendered":"<p>Cumhuriyet&#8217;in 100. Y\u0131l\u0131nda Yeni T\u00fcrk Edebiyat\u0131 \u0130ncelemeleri : Prof. Dr. H\u00fclya Erayd\u0131n Argun\u015fah Arma\u011fan\u0131 ba\u015fl\u0131kl\u0131 bu \u00e7al\u0131\u015fma T\u00fcrkiye Cumhuriyeti\u2019nin 100. y\u0131l\u0131n\u0131n ard\u0131ndan alana yeni bir bak\u0131\u015f<span class=\"excerpt-hellip\"> [\u2026]<\/span><\/p>\n","protected":false},"featured_media":0,"template":"","meta":{"_monsterinsights_skip_tracking":false,"_monsterinsights_sitenote_active":false,"_monsterinsights_sitenote_note":"","_monsterinsights_sitenote_category":0},"product_brand":[],"product_cat":[13072,12291],"product_tag":[],"class_list":{"0":"post-764650","1":"product","2":"type-product","3":"status-publish","5":"product_cat-arastirma-inceleme-referans","6":"product_cat-edebiyat","7":"pa_cilt-ciltsiz","8":"pa_tur-kitap","9":"pa_yayinevi-kapadokya-universitesi-yayinlari","10":"pa_yazar-kolektif","12":"first","13":"instock","14":"sale","15":"shipping-taxable","16":"purchasable","17":"product-type-simple"},"_links":{"self":[{"href":"https:\/\/roveyayinevi.com.tr\/index.php\/wp-json\/wp\/v2\/product\/764650","targetHints":{"allow":["GET"]}}],"collection":[{"href":"https:\/\/roveyayinevi.com.tr\/index.php\/wp-json\/wp\/v2\/product"}],"about":[{"href":"https:\/\/roveyayinevi.com.tr\/index.php\/wp-json\/wp\/v2\/types\/product"}],"wp:attachment":[{"href":"https:\/\/roveyayinevi.com.tr\/index.php\/wp-json\/wp\/v2\/media?parent=764650"}],"wp:term":[{"taxonomy":"product_brand","embeddable":true,"href":"https:\/\/roveyayinevi.com.tr\/index.php\/wp-json\/wp\/v2\/product_brand?post=764650"},{"taxonomy":"product_cat","embeddable":true,"href":"https:\/\/roveyayinevi.com.tr\/index.php\/wp-json\/wp\/v2\/product_cat?post=764650"},{"taxonomy":"product_tag","embeddable":true,"href":"https:\/\/roveyayinevi.com.tr\/index.php\/wp-json\/wp\/v2\/product_tag?post=764650"}],"curies":[{"name":"wp","href":"https:\/\/api.w.org\/{rel}","templated":true}]}}