{"id":764647,"date":"2025-08-28T11:17:35","date_gmt":"2025-08-28T08:17:35","guid":{"rendered":"https:\/\/roveyayinevi.com.tr\/index.php\/urun\/adsiz-ulke-efsanesi-bilge-nasniratnam\/"},"modified":"2026-04-15T03:30:24","modified_gmt":"2026-04-15T00:30:24","slug":"adsiz-ulke-efsanesi-bilge-nasniratnam","status":"publish","type":"product","link":"https:\/\/roveyayinevi.com.tr\/index.php\/urun\/adsiz-ulke-efsanesi-bilge-nasniratnam\/","title":{"rendered":"Ads\u0131z \u00dclke Efsanesi \u201cBilge Nasniratnam\u201d"},"content":{"rendered":"<p>Aybeg\u00fcm, G\u00f6k\u00e7en ve Manas&#8230; Bu \u00fc\u00e7 \u00e7ocuk \u00f6zel bir g\u00f6rev i\u00e7in g\u00f6revlendirilmi\u015ftir. Yok olmak \u00fczere olan hayvanlara yard\u0131m edecek ve insanl\u0131\u011fa b\u00fcy\u00fck bir katk\u0131 sa\u011flayacakt\u0131r. Bilge Nasniratnam ile tan\u0131\u015facak, kendilerine sunulacak olan bilgileri toplayacak ve bu bilgilerle \u015fifreye ula\u015fmaya \u00e7al\u0131\u015facaklard\u0131r. Eser; bize sunulan bu evrende t\u00fcm canl\u0131lar\u0131n ya\u015fam hakk\u0131n\u0131n oldu\u011funu ve buna sayg\u0131 g\u00f6stermemiz gerekti\u011fini vurgularken; arkada\u015fl\u0131\u011f\u0131n, yard\u0131mla\u015fman\u0131n ve kendine benzemeyeni de sevip, kollamam\u0131z gerekti\u011fini anlatmaktad\u0131r. <\/p>\n","protected":false},"excerpt":{"rendered":"<p>Aybeg\u00fcm, G\u00f6k\u00e7en ve Manas&#8230; Bu \u00fc\u00e7 \u00e7ocuk \u00f6zel bir g\u00f6rev i\u00e7in g\u00f6revlendirilmi\u015ftir. Yok olmak \u00fczere olan hayvanlara yard\u0131m edecek ve insanl\u0131\u011fa b\u00fcy\u00fck bir katk\u0131 sa\u011flayacakt\u0131r. Bilge<span class=\"excerpt-hellip\"> [\u2026]<\/span><\/p>\n","protected":false},"featured_media":0,"template":"","meta":{"_monsterinsights_skip_tracking":false,"_monsterinsights_sitenote_active":false,"_monsterinsights_sitenote_note":"","_monsterinsights_sitenote_category":0},"product_brand":[],"product_cat":[12274,12284],"product_tag":[],"class_list":{"0":"post-764647","1":"product","2":"type-product","3":"status-publish","5":"product_cat-cocuk-ve-genclik-kitaplari","6":"product_cat-hikayeler","7":"pa_cilt-ciltsiz","8":"pa_tur-kitap","9":"pa_yayinevi-gulnar-yayinlari","10":"pa_yazar-fadime-ozkaya-furtana","12":"first","13":"instock","14":"sale","15":"shipping-taxable","16":"purchasable","17":"product-type-simple"},"_links":{"self":[{"href":"https:\/\/roveyayinevi.com.tr\/index.php\/wp-json\/wp\/v2\/product\/764647","targetHints":{"allow":["GET"]}}],"collection":[{"href":"https:\/\/roveyayinevi.com.tr\/index.php\/wp-json\/wp\/v2\/product"}],"about":[{"href":"https:\/\/roveyayinevi.com.tr\/index.php\/wp-json\/wp\/v2\/types\/product"}],"wp:attachment":[{"href":"https:\/\/roveyayinevi.com.tr\/index.php\/wp-json\/wp\/v2\/media?parent=764647"}],"wp:term":[{"taxonomy":"product_brand","embeddable":true,"href":"https:\/\/roveyayinevi.com.tr\/index.php\/wp-json\/wp\/v2\/product_brand?post=764647"},{"taxonomy":"product_cat","embeddable":true,"href":"https:\/\/roveyayinevi.com.tr\/index.php\/wp-json\/wp\/v2\/product_cat?post=764647"},{"taxonomy":"product_tag","embeddable":true,"href":"https:\/\/roveyayinevi.com.tr\/index.php\/wp-json\/wp\/v2\/product_tag?post=764647"}],"curies":[{"name":"wp","href":"https:\/\/api.w.org\/{rel}","templated":true}]}}